{"id":13184,"date":"2014-02-15T23:45:16","date_gmt":"2014-02-15T23:45:16","guid":{"rendered":"http:\/\/localhost:8888\/transparencia014\/?page_id=13184"},"modified":"2023-06-12T13:01:11","modified_gmt":"2023-06-12T17:01:11","slug":"actos-de-efectos-particulares","status":"publish","type":"page","link":"http:\/\/www.maho.cl\/transparencia\/transparencia2014\/actos-y-resoluciones-sobre-terceros\/actos-de-efectos-particulares\/","title":{"rendered":"Actos de Efectos Particulares"},"content":{"rendered":"\t\t<div data-elementor-type=\"wp-page\" data-elementor-id=\"13184\" class=\"elementor elementor-13184\">\n\t\t\t\t\t\t\t\t\t<section class=\"elementor-section elementor-top-section elementor-element elementor-element-4c0709c elementor-section-boxed elementor-section-height-default elementor-section-height-default\" data-id=\"4c0709c\" data-element_type=\"section\">\n\t\t\t\t\t\t<div class=\"elementor-container elementor-column-gap-default\">\n\t\t\t\t\t<div class=\"elementor-column elementor-col-50 elementor-top-column elementor-element elementor-element-1c74904\" data-id=\"1c74904\" data-element_type=\"column\">\n\t\t\t<div class=\"elementor-widget-wrap elementor-element-populated\">\n\t\t\t\t\t\t\t\t<div class=\"elementor-element elementor-element-caa4ff3 elementor-widget elementor-widget-ova_heading\" data-id=\"caa4ff3\" data-element_type=\"widget\" data-widget_type=\"ova_heading.default\">\n\t\t\t\t<div class=\"elementor-widget-container\">\n\t\t\t\t\t<div class=\"ova-heading\">\n\t\t\t\n\t\t\t\t\t\t\t<h3 class=\"title second_font\">Links de la Categor\u00eda<\/h3>\n\t\t\t\n\t\t\t\t\t\t\t<p class=\"sub-title \">Puedes navegar  desde aqu\u00ed esta  categor\u00eda<\/p>\n\t\t\t\n\t\t<\/div>\n\t\t\t\t<\/div>\n\t\t\t\t<\/div>\n\t\t\t\t<div class=\"elementor-element elementor-element-b1552ac elementor-widget elementor-widget-ova_feature_box\" data-id=\"b1552ac\" data-element_type=\"widget\" data-widget_type=\"ova_feature_box.default\">\n\t\t\t\t<div class=\"elementor-widget-container\">\n\t\t\t\t\t<div class=\"ova_feature_box version_2\">\n\t\t\t<div class=\"ova-image\">\n\t\t\t\t<a href=\"https:\/\/www.maho.cl\/transparencia\/transparencia2014\/actos-y-resoluciones-sobre-terceros\/actos-de-efectos-particulares\/decretos-alcaldicios-sector-municipal\/\" title=\"Decretos Alcaldicios Sector Municipal\">\n\t\t\t\t\t\t\t\t\t\t\t\t\t\t\t\t<span class=\"flaticon-checked\"><\/span>\n\t\t\t\t\t\t\t\t\t<\/a>\n\t\t\t<\/div>\n\t\t\t<div class=\"ova-content\">\n\t\t\t\t<h3 class=\"title\">\n\t\t\t\t\t<a href=\"https:\/\/www.maho.cl\/transparencia\/transparencia2014\/actos-y-resoluciones-sobre-terceros\/actos-de-efectos-particulares\/decretos-alcaldicios-sector-municipal\/\">\n\t\t\t\t\t\tDecretos Alcaldicios Sector Municipal\t\t\t\t\t<\/a>\n\t\t\t\t<\/h3>\n\t\t\t\t\t\t\t\t\t\t\t\t<\/div>\n\n\t\t<\/div>\n\t\t\t\t<\/div>\n\t\t\t\t<\/div>\n\t\t\t\t<div class=\"elementor-element elementor-element-31c5669 elementor-widget elementor-widget-ova_feature_box\" data-id=\"31c5669\" data-element_type=\"widget\" data-widget_type=\"ova_feature_box.default\">\n\t\t\t\t<div class=\"elementor-widget-container\">\n\t\t\t\t\t<div class=\"ova_feature_box version_2\">\n\t\t\t<div class=\"ova-image\">\n\t\t\t\t<a href=\"https:\/\/www.maho.cl\/transparencia\/transparencia2014\/actos-y-resoluciones-sobre-terceros\/actos-de-efectos-particulares\/decretos-alcaldicios-sector-educacion\/\" title=\"Decretos Alcaldicios Sector Educaci\u00f3n\">\n\t\t\t\t\t\t\t\t\t\t\t\t\t\t\t\t<span class=\"flaticon-checked\"><\/span>\n\t\t\t\t\t\t\t\t\t<\/a>\n\t\t\t<\/div>\n\t\t\t<div class=\"ova-content\">\n\t\t\t\t<h3 class=\"title\">\n\t\t\t\t\t<a href=\"https:\/\/www.maho.cl\/transparencia\/transparencia2014\/actos-y-resoluciones-sobre-terceros\/actos-de-efectos-particulares\/decretos-alcaldicios-sector-educacion\/\">\n\t\t\t\t\t\tDecretos Alcaldicios Sector Educaci\u00f3n\t\t\t\t\t<\/a>\n\t\t\t\t<\/h3>\n\t\t\t\t\t\t\t\t\t\t\t\t<\/div>\n\n\t\t<\/div>\n\t\t\t\t<\/div>\n\t\t\t\t<\/div>\n\t\t\t\t<div class=\"elementor-element elementor-element-2c76c75 elementor-widget elementor-widget-ova_feature_box\" data-id=\"2c76c75\" data-element_type=\"widget\" data-widget_type=\"ova_feature_box.default\">\n\t\t\t\t<div class=\"elementor-widget-container\">\n\t\t\t\t\t<div class=\"ova_feature_box version_2\">\n\t\t\t<div class=\"ova-image\">\n\t\t\t\t<a href=\"https:\/\/www.maho.cl\/transparencia\/transparencia2014\/actos-y-resoluciones-sobre-terceros\/actos-de-efectos-particulares\/decretos-alcaldicios-sector-salud\/\" title=\"Decretos Alcaldicios Sector Salud\">\n\t\t\t\t\t\t\t\t\t\t\t\t\t\t\t\t<span class=\"flaticon-checked\"><\/span>\n\t\t\t\t\t\t\t\t\t<\/a>\n\t\t\t<\/div>\n\t\t\t<div class=\"ova-content\">\n\t\t\t\t<h3 class=\"title\">\n\t\t\t\t\t<a href=\"https:\/\/www.maho.cl\/transparencia\/transparencia2014\/actos-y-resoluciones-sobre-terceros\/actos-de-efectos-particulares\/decretos-alcaldicios-sector-salud\/\">\n\t\t\t\t\t\tDecretos Alcaldicios Sector Salud\t\t\t\t\t<\/a>\n\t\t\t\t<\/h3>\n\t\t\t\t\t\t\t\t\t\t\t\t<\/div>\n\n\t\t<\/div>\n\t\t\t\t<\/div>\n\t\t\t\t<\/div>\n\t\t\t\t<div class=\"elementor-element elementor-element-f41435d elementor-widget elementor-widget-ova_feature_box\" data-id=\"f41435d\" data-element_type=\"widget\" data-widget_type=\"ova_feature_box.default\">\n\t\t\t\t<div class=\"elementor-widget-container\">\n\t\t\t\t\t<div class=\"ova_feature_box version_2\">\n\t\t\t<div class=\"ova-image\">\n\t\t\t\t<a href=\"https:\/\/www.maho.cl\/transparencia\/transparencia2014\/actos-y-resoluciones-sobre-terceros\/actos-de-efectos-particulares\/sumarios-e-investigaciones-sumarias\/\" title=\"Sumarios e Investigaciones Sumarias\">\n\t\t\t\t\t\t\t\t\t\t\t\t\t\t\t\t<span class=\"flaticon-checked\"><\/span>\n\t\t\t\t\t\t\t\t\t<\/a>\n\t\t\t<\/div>\n\t\t\t<div class=\"ova-content\">\n\t\t\t\t<h3 class=\"title\">\n\t\t\t\t\t<a href=\"https:\/\/www.maho.cl\/transparencia\/transparencia2014\/actos-y-resoluciones-sobre-terceros\/actos-de-efectos-particulares\/sumarios-e-investigaciones-sumarias\/\">\n\t\t\t\t\t\tSumarios e Investigaciones Sumarias\t\t\t\t\t<\/a>\n\t\t\t\t<\/h3>\n\t\t\t\t\t\t\t\t\t\t\t\t<\/div>\n\n\t\t<\/div>\n\t\t\t\t<\/div>\n\t\t\t\t<\/div>\n\t\t\t\t\t<\/div>\n\t\t<\/div>\n\t\t\t\t<div class=\"elementor-column elementor-col-50 elementor-top-column elementor-element elementor-element-a7e0231\" data-id=\"a7e0231\" data-element_type=\"column\">\n\t\t\t<div class=\"elementor-widget-wrap\">\n\t\t\t\t\t\t\t\t\t<\/div>\n\t\t<\/div>\n\t\t\t\t\t\t\t<\/div>\n\t\t<\/section>\n\t\t\t\t\t\t\t<\/div>\n\t\t","protected":false},"excerpt":{"rendered":"<p>Links de la Categor\u00eda Puedes navegar desde aqu\u00ed esta categor\u00eda Decretos Alcaldicios Sector Municipal Decretos Alcaldicios Sector Educaci\u00f3n Decretos Alcaldicios Sector Salud Sumarios e Investigaciones Sumarias<\/p>\n","protected":false},"author":1,"featured_media":0,"parent":13180,"menu_order":0,"comment_status":"closed","ping_status":"closed","template":"","meta":{"footnotes":""},"_links":{"self":[{"href":"http:\/\/www.maho.cl\/transparencia\/transparencia2014\/wp-json\/wp\/v2\/pages\/13184"}],"collection":[{"href":"http:\/\/www.maho.cl\/transparencia\/transparencia2014\/wp-json\/wp\/v2\/pages"}],"about":[{"href":"http:\/\/www.maho.cl\/transparencia\/transparencia2014\/wp-json\/wp\/v2\/types\/page"}],"author":[{"embeddable":true,"href":"http:\/\/www.maho.cl\/transparencia\/transparencia2014\/wp-json\/wp\/v2\/users\/1"}],"replies":[{"embeddable":true,"href":"http:\/\/www.maho.cl\/transparencia\/transparencia2014\/wp-json\/wp\/v2\/comments?post=13184"}],"version-history":[{"count":7,"href":"http:\/\/www.maho.cl\/transparencia\/transparencia2014\/wp-json\/wp\/v2\/pages\/13184\/revisions"}],"predecessor-version":[{"id":32038,"href":"http:\/\/www.maho.cl\/transparencia\/transparencia2014\/wp-json\/wp\/v2\/pages\/13184\/revisions\/32038"}],"up":[{"embeddable":true,"href":"http:\/\/www.maho.cl\/transparencia\/transparencia2014\/wp-json\/wp\/v2\/pages\/13180"}],"wp:attachment":[{"href":"http:\/\/www.maho.cl\/transparencia\/transparencia2014\/wp-json\/wp\/v2\/media?parent=13184"}],"curies":[{"name":"wp","href":"https:\/\/api.w.org\/{rel}","templated":true}]}}