{"id":13250,"date":"2014-02-16T21:21:55","date_gmt":"2014-02-16T21:21:55","guid":{"rendered":"http:\/\/localhost:8888\/transparencia014\/?page_id=13250"},"modified":"2023-06-12T14:02:37","modified_gmt":"2023-06-12T18:02:37","slug":"organigrama-y-funciones-organos-municipio","status":"publish","type":"page","link":"http:\/\/www.maho.cl\/transparencia\/transparencia2015\/organigrama-y-funciones-organos-municipio\/","title":{"rendered":"Organigrama y Funciones Organos Municipio"},"content":{"rendered":"\t\t<div data-elementor-type=\"wp-page\" data-elementor-id=\"13250\" class=\"elementor elementor-13250\">\n\t\t\t\t\t\t\t\t\t<section class=\"elementor-section elementor-top-section elementor-element elementor-element-ed93ffb elementor-section-boxed elementor-section-height-default elementor-section-height-default\" data-id=\"ed93ffb\" data-element_type=\"section\">\n\t\t\t\t\t\t<div class=\"elementor-container elementor-column-gap-default\">\n\t\t\t\t\t<div class=\"elementor-column elementor-col-50 elementor-top-column elementor-element elementor-element-a9de4f8\" data-id=\"a9de4f8\" data-element_type=\"column\">\n\t\t\t<div class=\"elementor-widget-wrap elementor-element-populated\">\n\t\t\t\t\t\t\t\t<div class=\"elementor-element elementor-element-a74896e elementor-widget elementor-widget-ova_heading\" data-id=\"a74896e\" data-element_type=\"widget\" data-widget_type=\"ova_heading.default\">\n\t\t\t\t<div class=\"elementor-widget-container\">\n\t\t\t\t\t<div class=\"ova-heading\">\n\t\t\t\n\t\t\t\t\t\t\t<h3 class=\"title second_font\">Links de la Categor\u00eda<\/h3>\n\t\t\t\n\t\t\t\t\t\t\t<p class=\"sub-title \">Puedes navegar  desde aqu\u00ed esta  categor\u00eda<\/p>\n\t\t\t\n\t\t<\/div>\n\t\t\t\t<\/div>\n\t\t\t\t<\/div>\n\t\t\t\t<div class=\"elementor-element elementor-element-37c60d4 elementor-widget elementor-widget-ova_feature_box\" data-id=\"37c60d4\" data-element_type=\"widget\" data-widget_type=\"ova_feature_box.default\">\n\t\t\t\t<div class=\"elementor-widget-container\">\n\t\t\t\t\t<div class=\"ova_feature_box version_2\">\n\t\t\t<div class=\"ova-image\">\n\t\t\t\t<a href=\"https:\/\/www.maho.cl\/transparencia\/transparencia2014\/potestades-funciones-y-marco-normativo-aplicable-al-municipio\/potestades-al-organismo\/\" title=\"Organigrama General Maho\">\n\t\t\t\t\t\t\t\t\t\t\t\t\t\t\t\t<span class=\"flaticon-checked\"><\/span>\n\t\t\t\t\t\t\t\t\t<\/a>\n\t\t\t<\/div>\n\t\t\t<div class=\"ova-content\">\n\t\t\t\t<h3 class=\"title\">\n\t\t\t\t\t<a href=\"https:\/\/www.maho.cl\/transparencia\/transparencia2014\/potestades-funciones-y-marco-normativo-aplicable-al-municipio\/potestades-al-organismo\/\">\n\t\t\t\t\t\tOrganigrama General Maho\t\t\t\t\t<\/a>\n\t\t\t\t<\/h3>\n\t\t\t\t\t\t\t\t\t\t\t\t<\/div>\n\n\t\t<\/div>\n\t\t\t\t<\/div>\n\t\t\t\t<\/div>\n\t\t\t\t<div class=\"elementor-element elementor-element-fbe6aed elementor-widget elementor-widget-ova_feature_box\" data-id=\"fbe6aed\" data-element_type=\"widget\" data-widget_type=\"ova_feature_box.default\">\n\t\t\t\t<div class=\"elementor-widget-container\">\n\t\t\t\t\t<div class=\"ova_feature_box version_2\">\n\t\t\t<div class=\"ova-image\">\n\t\t\t\t<a href=\"https:\/\/www.maho.cl\/transparencia\/transparencia2014\/organigrama-y-funciones-organos-municipio\/facultades-funciones-y-atribuciones-decreto-con-fuerza-de-ley-n-18-695\/\" title=\"Facultades, Funciones y Atribuciones , Decreto con Fuerza de Ley N\u00b0 18.695\">\n\t\t\t\t\t\t\t\t\t\t\t\t\t\t\t\t<span class=\"flaticon-checked\"><\/span>\n\t\t\t\t\t\t\t\t\t<\/a>\n\t\t\t<\/div>\n\t\t\t<div class=\"ova-content\">\n\t\t\t\t<h3 class=\"title\">\n\t\t\t\t\t<a href=\"https:\/\/www.maho.cl\/transparencia\/transparencia2014\/organigrama-y-funciones-organos-municipio\/facultades-funciones-y-atribuciones-decreto-con-fuerza-de-ley-n-18-695\/\">\n\t\t\t\t\t\tFacultades, Funciones y Atribuciones , Decreto con Fuerza de Ley N\u00b0 18.695\t\t\t\t\t<\/a>\n\t\t\t\t<\/h3>\n\t\t\t\t\t\t\t\t\t\t\t\t<\/div>\n\n\t\t<\/div>\n\t\t\t\t<\/div>\n\t\t\t\t<\/div>\n\t\t\t\t<div class=\"elementor-element elementor-element-66a02be elementor-widget elementor-widget-ova_feature_box\" data-id=\"66a02be\" data-element_type=\"widget\" data-widget_type=\"ova_feature_box.default\">\n\t\t\t\t<div class=\"elementor-widget-container\">\n\t\t\t\t\t<div class=\"ova_feature_box version_2\">\n\t\t\t<div class=\"ova-image\">\n\t\t\t\t<a href=\"https:\/\/www.maho.cl\/transparencia\/transparencia2014\/organigrama-y-funciones-organos-municipio\/ley-organica-constitucional-municipalidades-no18695\/\" title=\"Ley Org\u00e1nica Constitucional Municipalidades N\u00ba18695\">\n\t\t\t\t\t\t\t\t\t\t\t\t\t\t\t\t<span class=\"flaticon-checked\"><\/span>\n\t\t\t\t\t\t\t\t\t<\/a>\n\t\t\t<\/div>\n\t\t\t<div class=\"ova-content\">\n\t\t\t\t<h3 class=\"title\">\n\t\t\t\t\t<a href=\"https:\/\/www.maho.cl\/transparencia\/transparencia2014\/organigrama-y-funciones-organos-municipio\/ley-organica-constitucional-municipalidades-no18695\/\">\n\t\t\t\t\t\tLey Org\u00e1nica Constitucional Municipalidades N\u00ba18695\t\t\t\t\t<\/a>\n\t\t\t\t<\/h3>\n\t\t\t\t\t\t\t\t\t\t\t\t<\/div>\n\n\t\t<\/div>\n\t\t\t\t<\/div>\n\t\t\t\t<\/div>\n\t\t\t\t<div class=\"elementor-element elementor-element-6f363d3 elementor-widget elementor-widget-ova_feature_box\" data-id=\"6f363d3\" data-element_type=\"widget\" data-widget_type=\"ova_feature_box.default\">\n\t\t\t\t<div class=\"elementor-widget-container\">\n\t\t\t\t\t<div class=\"ova_feature_box version_2\">\n\t\t\t<div class=\"ova-image\">\n\t\t\t\t<a href=\"https:\/\/www.maho.cl\/transparencia\/transparencia2014\/organigrama-y-funciones-organos-municipio\/ley-organica-constitucional-municipalidades-no18695\/\" title=\"Reglamento y Pol\u00edticas de Organizaci\u00f3n Interna\">\n\t\t\t\t\t\t\t\t\t\t\t\t\t\t\t\t<span class=\"flaticon-checked\"><\/span>\n\t\t\t\t\t\t\t\t\t<\/a>\n\t\t\t<\/div>\n\t\t\t<div class=\"ova-content\">\n\t\t\t\t<h3 class=\"title\">\n\t\t\t\t\t<a href=\"https:\/\/www.maho.cl\/transparencia\/transparencia2014\/organigrama-y-funciones-organos-municipio\/ley-organica-constitucional-municipalidades-no18695\/\">\n\t\t\t\t\t\tReglamento y Pol\u00edticas de Organizaci\u00f3n Interna\t\t\t\t\t<\/a>\n\t\t\t\t<\/h3>\n\t\t\t\t\t\t\t\t\t\t\t\t<\/div>\n\n\t\t<\/div>\n\t\t\t\t<\/div>\n\t\t\t\t<\/div>\n\t\t\t\t<div class=\"elementor-element elementor-element-b0e7a36 elementor-widget elementor-widget-ova_feature_box\" data-id=\"b0e7a36\" data-element_type=\"widget\" data-widget_type=\"ova_feature_box.default\">\n\t\t\t\t<div class=\"elementor-widget-container\">\n\t\t\t\t\t<div class=\"ova_feature_box version_2\">\n\t\t\t<div class=\"ova-image\">\n\t\t\t\t<a href=\"https:\/\/www.maho.cl\/transparencia\/transparencia2014\/organigrama-y-funciones-organos-municipio\/identificacion-jefaturas-maho\/\" title=\"Identificaci\u00f3n Jefaturas MAHO\">\n\t\t\t\t\t\t\t\t\t\t\t\t\t\t\t\t<span class=\"flaticon-checked\"><\/span>\n\t\t\t\t\t\t\t\t\t<\/a>\n\t\t\t<\/div>\n\t\t\t<div class=\"ova-content\">\n\t\t\t\t<h3 class=\"title\">\n\t\t\t\t\t<a href=\"https:\/\/www.maho.cl\/transparencia\/transparencia2014\/organigrama-y-funciones-organos-municipio\/identificacion-jefaturas-maho\/\">\n\t\t\t\t\t\tIdentificaci\u00f3n Jefaturas MAHO\t\t\t\t\t<\/a>\n\t\t\t\t<\/h3>\n\t\t\t\t\t\t\t\t\t\t\t\t<\/div>\n\n\t\t<\/div>\n\t\t\t\t<\/div>\n\t\t\t\t<\/div>\n\t\t\t\t<div class=\"elementor-element elementor-element-1eb1897 elementor-widget elementor-widget-ova_feature_box\" data-id=\"1eb1897\" data-element_type=\"widget\" data-widget_type=\"ova_feature_box.default\">\n\t\t\t\t<div class=\"elementor-widget-container\">\n\t\t\t\t\t<div class=\"ova_feature_box version_2\">\n\t\t\t<div class=\"ova-image\">\n\t\t\t\t<a href=\"https:\/\/www.maho.cl\/transparencia\/transparencia2014\/organigrama-y-funciones-organos-municipio\/identificacion-directores-municipales\/\" title=\"Identificaci\u00f3n Directores Municipales\">\n\t\t\t\t\t\t\t\t\t\t\t\t\t\t\t\t<span class=\"flaticon-checked\"><\/span>\n\t\t\t\t\t\t\t\t\t<\/a>\n\t\t\t<\/div>\n\t\t\t<div class=\"ova-content\">\n\t\t\t\t<h3 class=\"title\">\n\t\t\t\t\t<a href=\"https:\/\/www.maho.cl\/transparencia\/transparencia2014\/organigrama-y-funciones-organos-municipio\/identificacion-directores-municipales\/\">\n\t\t\t\t\t\tIdentificaci\u00f3n Directores Municipales\t\t\t\t\t<\/a>\n\t\t\t\t<\/h3>\n\t\t\t\t\t\t\t\t\t\t\t\t<\/div>\n\n\t\t<\/div>\n\t\t\t\t<\/div>\n\t\t\t\t<\/div>\n\t\t\t\t<div class=\"elementor-element elementor-element-6a78b64 elementor-widget elementor-widget-ova_feature_box\" data-id=\"6a78b64\" data-element_type=\"widget\" data-widget_type=\"ova_feature_box.default\">\n\t\t\t\t<div class=\"elementor-widget-container\">\n\t\t\t\t\t<div class=\"ova_feature_box version_2\">\n\t\t\t<div class=\"ova-image\">\n\t\t\t\t<a href=\"https:\/\/www.maho.cl\/transparencia\/transparencia2014\/organigrama-y-funciones-organos-municipio\/curriculum-directores-municipales\/\" title=\"Curriculum Directores Municipales\">\n\t\t\t\t\t\t\t\t\t\t\t\t\t\t\t\t<span class=\"flaticon-checked\"><\/span>\n\t\t\t\t\t\t\t\t\t<\/a>\n\t\t\t<\/div>\n\t\t\t<div class=\"ova-content\">\n\t\t\t\t<h3 class=\"title\">\n\t\t\t\t\t<a href=\"https:\/\/www.maho.cl\/transparencia\/transparencia2014\/organigrama-y-funciones-organos-municipio\/curriculum-directores-municipales\/\">\n\t\t\t\t\t\tCurriculum Directores Municipales\t\t\t\t\t<\/a>\n\t\t\t\t<\/h3>\n\t\t\t\t\t\t\t\t\t\t\t\t<\/div>\n\n\t\t<\/div>\n\t\t\t\t<\/div>\n\t\t\t\t<\/div>\n\t\t\t\t<div class=\"elementor-element elementor-element-04c1be7 elementor-widget elementor-widget-ova_feature_box\" data-id=\"04c1be7\" data-element_type=\"widget\" data-widget_type=\"ova_feature_box.default\">\n\t\t\t\t<div class=\"elementor-widget-container\">\n\t\t\t\t\t<div class=\"ova_feature_box version_2\">\n\t\t\t<div class=\"ova-image\">\n\t\t\t\t<a href=\"https:\/\/www.maho.cl\/transparencia\/transparencia2014\/organigrama-y-funciones-organos-municipio\/listado-telefonos-municipio\/\" title=\"Listado Tel\u00e9fonos Municipio\">\n\t\t\t\t\t\t\t\t\t\t\t\t\t\t\t\t<span class=\"flaticon-checked\"><\/span>\n\t\t\t\t\t\t\t\t\t<\/a>\n\t\t\t<\/div>\n\t\t\t<div class=\"ova-content\">\n\t\t\t\t<h3 class=\"title\">\n\t\t\t\t\t<a href=\"https:\/\/www.maho.cl\/transparencia\/transparencia2014\/organigrama-y-funciones-organos-municipio\/listado-telefonos-municipio\/\">\n\t\t\t\t\t\tListado Tel\u00e9fonos Municipio\t\t\t\t\t<\/a>\n\t\t\t\t<\/h3>\n\t\t\t\t\t\t\t\t\t\t\t\t<\/div>\n\n\t\t<\/div>\n\t\t\t\t<\/div>\n\t\t\t\t<\/div>\n\t\t\t\t\t<\/div>\n\t\t<\/div>\n\t\t\t\t<div class=\"elementor-column elementor-col-50 elementor-top-column elementor-element elementor-element-04d8c02\" data-id=\"04d8c02\" data-element_type=\"column\">\n\t\t\t<div class=\"elementor-widget-wrap\">\n\t\t\t\t\t\t\t\t\t<\/div>\n\t\t<\/div>\n\t\t\t\t\t\t\t<\/div>\n\t\t<\/section>\n\t\t\t\t\t\t\t<\/div>\n\t\t","protected":false},"excerpt":{"rendered":"<p>Links de la Categor\u00eda Puedes navegar desde aqu\u00ed esta categor\u00eda Organigrama General Maho Facultades, Funciones y Atribuciones , Decreto con Fuerza de Ley N\u00b0 18.695 Ley Org\u00e1nica Constitucional Municipalidades N\u00ba18695 Reglamento y Pol\u00edticas de Organizaci\u00f3n Interna Identificaci\u00f3n Jefaturas MAHO Identificaci\u00f3n Directores Municipales Curriculum Directores Municipales Listado Tel\u00e9fonos Municipio<\/p>\n","protected":false},"author":1,"featured_media":0,"parent":0,"menu_order":0,"comment_status":"closed","ping_status":"closed","template":"","meta":{"footnotes":""},"_links":{"self":[{"href":"http:\/\/www.maho.cl\/transparencia\/transparencia2015\/wp-json\/wp\/v2\/pages\/13250"}],"collection":[{"href":"http:\/\/www.maho.cl\/transparencia\/transparencia2015\/wp-json\/wp\/v2\/pages"}],"about":[{"href":"http:\/\/www.maho.cl\/transparencia\/transparencia2015\/wp-json\/wp\/v2\/types\/page"}],"author":[{"embeddable":true,"href":"http:\/\/www.maho.cl\/transparencia\/transparencia2015\/wp-json\/wp\/v2\/users\/1"}],"replies":[{"embeddable":true,"href":"http:\/\/www.maho.cl\/transparencia\/transparencia2015\/wp-json\/wp\/v2\/comments?post=13250"}],"version-history":[{"count":3,"href":"http:\/\/www.maho.cl\/transparencia\/transparencia2015\/wp-json\/wp\/v2\/pages\/13250\/revisions"}],"predecessor-version":[{"id":32082,"href":"http:\/\/www.maho.cl\/transparencia\/transparencia2015\/wp-json\/wp\/v2\/pages\/13250\/revisions\/32082"}],"wp:attachment":[{"href":"http:\/\/www.maho.cl\/transparencia\/transparencia2015\/wp-json\/wp\/v2\/media?parent=13250"}],"curies":[{"name":"wp","href":"https:\/\/api.w.org\/{rel}","templated":true}]}}