{"id":17059,"date":"2017-05-24T14:21:09","date_gmt":"2017-05-24T18:21:09","guid":{"rendered":"http:\/\/www.maho.cl\/transparencia\/transparencia2017\/?page_id=17059"},"modified":"2019-02-01T11:36:45","modified_gmt":"2019-02-01T14:36:45","slug":"antecedentes-preparatorios-de-normas-juridicas-generales-que-afecten-a-empresas-de-menor-tamano","status":"publish","type":"page","link":"http:\/\/www.maho.cl\/transparencia\/transparencia2021\/antecedentes-preparatorios-de-normas-juridicas-generales-que-afecten-a-empresas-de-menor-tamano\/","title":{"rendered":"Antecedentes preparatorios de normas jur\u00eddicas generales que afecten a empresas de menor tama\u00f1o"},"content":{"rendered":"<p>[vc_row type=\u00bbgrid\u00bb][vc_column dp_animation=\u00bb\u00bb]<div id=\"ultimate-heading-603769e7762fdfb29\" class=\"uvc-heading ult-adjust-bottom-margin ultimate-heading-603769e7762fdfb29 uvc-9976 \" data-hspacer=\"line_only\"  data-halign=\"left\" style=\"text-align:left\"><div class=\"uvc-main-heading ult-responsive\"  data-ultimate-target='.uvc-heading.ultimate-heading-603769e7762fdfb29 h2'  data-responsive-json-new='{\"font-size\":\"\",\"line-height\":\"\"}' ><h2 style=\"font-weight:normal;color:#333333;margin-bottom:3px;\">Antecedentes preparatorios de normas jur\u00eddicas generales que afecten a empresas de menor tama\u00f1o<\/h2><\/div><div class=\"uvc-heading-spacer line_only\" style=\"margin-bottom:1px;height:2px;\"><span class=\"uvc-headings-line\" style=\"border-style:solid;border-bottom-width:2px;border-color:#5b5b5b;width:autopx;\"><\/span><\/div><\/div>[vc_empty_space][\/vc_column][\/vc_row][vc_row][vc_column][vc_cta h2=\u00bbDado que el art\u00edculo quinto de la Ley N\u00ba 20.416, excluye de la publicaci\u00f3n de los antecedentes preparatorios de las normas jur\u00eddicas generales que afecten a empresas de menor tama\u00f1o los relativos a las ordenanzas municipales, este \u00edtem no tiene aplicaci\u00f3n respecto de este \u00f3rgano\u201d\u00bb h2_font_container=\u00bbfont_size:16px\u00bb h2_use_theme_fonts=\u00bbyes\u00bb txt_align=\u00bbcenter\u00bb style=\u00bb3d\u00bb add_icon=\u00bbleft\u00bb i_icon_fontawesome=\u00bbfa fa-info-circle\u00bb i_color=\u00bbblack\u00bb i_background_style=\u00bbrounded\u00bb use_custom_fonts_h2=\u00bbtrue\u00bb i_on_border=\u00bbtrue\u00bb][\/vc_cta][\/vc_column][\/vc_row]<\/p>\n","protected":false},"excerpt":{"rendered":"<p>[vc_row type=\u00bbgrid\u00bb][vc_column dp_animation=\u00bb\u00bb][vc_empty_space][\/vc_column][\/vc_row][vc_row][vc_column][vc_cta h2=\u00bbDado que el art\u00edculo quinto de la Ley N\u00ba 20.416, excluye de la publicaci\u00f3n de los antecedentes preparatorios de las normas jur\u00eddicas generales que afecten a empresas de menor tama\u00f1o los relativos a las ordenanzas municipales, este \u00edtem no tiene aplicaci\u00f3n respecto de este \u00f3rgano\u201d\u00bb h2_font_container=\u00bbfont_size:16px\u00bb h2_use_theme_fonts=\u00bbyes\u00bb txt_align=\u00bbcenter\u00bb style=\u00bb3d\u00bb add_icon=\u00bbleft\u00bb i_icon_fontawesome=\u00bbfa fa-info-circle\u00bb [&hellip;]<\/p>\n","protected":false},"author":1,"featured_media":0,"parent":0,"menu_order":0,"comment_status":"closed","ping_status":"closed","template":"","meta":[],"_links":{"self":[{"href":"http:\/\/www.maho.cl\/transparencia\/transparencia2021\/wp-json\/wp\/v2\/pages\/17059"}],"collection":[{"href":"http:\/\/www.maho.cl\/transparencia\/transparencia2021\/wp-json\/wp\/v2\/pages"}],"about":[{"href":"http:\/\/www.maho.cl\/transparencia\/transparencia2021\/wp-json\/wp\/v2\/types\/page"}],"author":[{"embeddable":true,"href":"http:\/\/www.maho.cl\/transparencia\/transparencia2021\/wp-json\/wp\/v2\/users\/1"}],"replies":[{"embeddable":true,"href":"http:\/\/www.maho.cl\/transparencia\/transparencia2021\/wp-json\/wp\/v2\/comments?post=17059"}],"version-history":[{"count":4,"href":"http:\/\/www.maho.cl\/transparencia\/transparencia2021\/wp-json\/wp\/v2\/pages\/17059\/revisions"}],"predecessor-version":[{"id":18555,"href":"http:\/\/www.maho.cl\/transparencia\/transparencia2021\/wp-json\/wp\/v2\/pages\/17059\/revisions\/18555"}],"wp:attachment":[{"href":"http:\/\/www.maho.cl\/transparencia\/transparencia2021\/wp-json\/wp\/v2\/media?parent=17059"}],"curies":[{"name":"wp","href":"https:\/\/api.w.org\/{rel}","templated":true}]}}