{"id":13361,"date":"2014-02-16T22:14:47","date_gmt":"2014-02-16T22:14:47","guid":{"rendered":"http:\/\/localhost:8888\/transparencia014\/?page_id=13361"},"modified":"2022-01-18T22:32:49","modified_gmt":"2022-01-19T01:32:49","slug":"mecanismos-de-participacion-ciudadana","status":"publish","type":"page","link":"http:\/\/www.maho.cl\/transparencia\/transparencia2022\/mecanismos-de-participacion-ciudadana\/","title":{"rendered":"Mecanismos de Participaci\u00f3n Ciudadana"},"content":{"rendered":"<section class=\"wpb-content-wrapper\"><p>[vc_row][vc_column]<div id=\"ultimate-heading-331969d0582f0f2bd\" class=\"uvc-heading ult-adjust-bottom-margin ultimate-heading-331969d0582f0f2bd uvc-6597 \" data-hspacer=\"line_only\"  data-halign=\"left\" style=\"text-align:left\"><div class=\"uvc-main-heading ult-responsive\"  data-ultimate-target='.uvc-heading.ultimate-heading-331969d0582f0f2bd h2'  data-responsive-json-new='{\"font-size\":\"\",\"line-height\":\"\"}' ><h2 style=\"font-weight:normal;\">Mecanismos de Participaci\u00f3n Ciudadana<\/h2><\/div><div class=\"uvc-heading-spacer line_only\" style=\"topheight:1px;\"><span class=\"uvc-headings-line\" style=\"border-style:solid;border-bottom-width:1px;border-color:#ccc;width:autopx;\"><\/span><\/div><\/div>[vc_empty_space]<div class=\"smile_icon_list_wrap ult_info_list_container ult-adjust-bottom-margin  \"><ul class=\"smile_icon_list left circle with_bg\"><li class=\"icon_list_item\" style=\" font-size:48px;\"><div class=\"icon_list_icon\" data-animation=\"\" data-animation-delay=\"03\" style=\"font-size:16px;border-width:1px;border-style:dashed;background:#ffffff;color:#dd9933;border-color:#333333;\"><i class=\"Defaults-play-circle-o\" ><\/i><\/div><div class=\"icon_description\" id=\"Info-list-wrap-8714\" style=\"font-size:16px;\"><h2 class=\"ult-responsive info-list-heading\"  data-ultimate-target=&#039;#Info-list-wrap-8714 h2&#039;  data-responsive-json-new=&#039;{&quot;font-size&quot;:&quot;desktop:16px;&quot;,&quot;line-height&quot;:&quot;desktop:24px;&quot;}&#039;  style=\"\">Norma de Participaci\u00f3n Ciudadana<\/h2><div class=\"icon_description_text ult-responsive\"  data-ultimate-target=&#039;#Info-list-wrap-8714 .icon_description_text&#039;  data-responsive-json-new=&#039;{&quot;font-size&quot;:&quot;desktop:13px;&quot;,&quot;line-height&quot;:&quot;desktop:18px;&quot;}&#039;  style=\"\"><\/div><\/div><div class=\"icon_list_connector\"  style=\"border-right-width: 1px;border-right-style: dashed;border-color: #333333;\"><\/div><a class=\"ulimate-info-list-link\" href=\"http:\/\/www.maho.cl\/transparencia\/transparencia2022\/mecanismos-de-participacion-ciudadana\/norma-de-participacion-ciudadana\/\" ><\/a><\/li><li class=\"icon_list_item\" style=\" font-size:48px;\"><div class=\"icon_list_icon\" data-animation=\"\" data-animation-delay=\"03\" style=\"font-size:16px;border-width:1px;border-style:dashed;background:#ffffff;color:#dd9933;border-color:#333333;\"><i class=\"Defaults-play-circle-o\" ><\/i><\/div><div class=\"icon_description\" id=\"Info-list-wrap-3593\" style=\"font-size:16px;\"><h2 class=\"ult-responsive info-list-heading\"  data-ultimate-target=&#039;#Info-list-wrap-3593 h2&#039;  data-responsive-json-new=&#039;{&quot;font-size&quot;:&quot;desktop:16px;&quot;,&quot;line-height&quot;:&quot;desktop:24px;&quot;}&#039;  style=\"\">Consejos Consultivos<\/h2><div class=\"icon_description_text ult-responsive\"  data-ultimate-target=&#039;#Info-list-wrap-3593 .icon_description_text&#039;  data-responsive-json-new=&#039;{&quot;font-size&quot;:&quot;desktop:13px;&quot;,&quot;line-height&quot;:&quot;desktop:18px;&quot;}&#039;  style=\"\"><\/div><\/div><div class=\"icon_list_connector\"  style=\"border-right-width: 1px;border-right-style: dashed;border-color: #333333;\"><\/div><a class=\"ulimate-info-list-link\" href=\"http:\/\/www.maho.cl\/transparencia\/transparencia2022\/mecanismos-de-participacion-ciudadana\/consejo-consultivo\/\" ><\/a><\/li><li class=\"icon_list_item\" style=\" font-size:48px;\"><div class=\"icon_list_icon\" data-animation=\"\" data-animation-delay=\"03\" style=\"font-size:16px;border-width:1px;border-style:dashed;background:#ffffff;color:#dd9933;border-color:#333333;\"><i class=\"Defaults-play-circle-o\" ><\/i><\/div><div class=\"icon_description\" id=\"Info-list-wrap-2005\" style=\"font-size:16px;\"><h2 class=\"ult-responsive info-list-heading\"  data-ultimate-target=&#039;#Info-list-wrap-2005 h2&#039;  data-responsive-json-new=&#039;{&quot;font-size&quot;:&quot;desktop:16px;&quot;,&quot;line-height&quot;:&quot;desktop:24px;&quot;}&#039;  style=\"\">Mecanismos de Participaci\u00f3n Ciudadana<\/h2><div class=\"icon_description_text ult-responsive\"  data-ultimate-target=&#039;#Info-list-wrap-2005 .icon_description_text&#039;  data-responsive-json-new=&#039;{&quot;font-size&quot;:&quot;desktop:13px;&quot;,&quot;line-height&quot;:&quot;desktop:18px;&quot;}&#039;  style=\"\"><\/div><\/div><div class=\"icon_list_connector\"  style=\"border-right-width: 1px;border-right-style: dashed;border-color: #333333;\"><\/div><a class=\"ulimate-info-list-link\" href=\"http:\/\/www.maho.cl\/transparencia\/transparencia2022\/mecanismos-de-participacion-ciudadana\/mecanismos-de-participacion-ciudadana-2\/\" ><\/a><\/li><li class=\"icon_list_item\" style=\" font-size:48px;\"><div class=\"icon_list_icon\" data-animation=\"\" data-animation-delay=\"03\" style=\"font-size:16px;border-width:1px;border-style:dashed;background:#ffffff;color:#dd9933;border-color:#333333;\"><i class=\"Defaults-play-circle-o\" ><\/i><\/div><div class=\"icon_description\" id=\"Info-list-wrap-9010\" style=\"font-size:16px;\"><h2 class=\"ult-responsive info-list-heading\"  data-ultimate-target=&#039;#Info-list-wrap-9010 h2&#039;  data-responsive-json-new=&#039;{&quot;font-size&quot;:&quot;desktop:16px;&quot;,&quot;line-height&quot;:&quot;desktop:24px;&quot;}&#039;  style=\"\">Designaci\u00f3n de Ministro de F\u00e9 para la constituci\u00f3n de Organizaciones Funcionales y Territoriales<\/h2><div class=\"icon_description_text ult-responsive\"  data-ultimate-target=&#039;#Info-list-wrap-9010 .icon_description_text&#039;  data-responsive-json-new=&#039;{&quot;font-size&quot;:&quot;desktop:13px;&quot;,&quot;line-height&quot;:&quot;desktop:18px;&quot;}&#039;  style=\"\"><\/div><\/div><div class=\"icon_list_connector\"  style=\"border-right-width: 1px;border-right-style: dashed;border-color: #333333;\"><\/div><a class=\"ulimate-info-list-link\" href=\"http:\/\/www.maho.cl\/transparencia\/transparencia2022\/mecanismos-de-participacion-ciudadana\/designacion-de-ministro-de-fe-para-la-constitucion-de-organizaciones-funcionales-y-territoriales\/\" target=\"_blank\" rel=\"noopener\" ><\/a><\/li><li class=\"icon_list_item\" style=\" font-size:48px;\"><div class=\"icon_list_icon\" data-animation=\"\" data-animation-delay=\"03\" style=\"font-size:16px;border-width:1px;border-style:dashed;background:#ffffff;color:#dd9933;border-color:#333333;\"><i class=\"Defaults-play-circle-o\" ><\/i><\/div><div class=\"icon_description\" id=\"Info-list-wrap-4177\" style=\"font-size:16px;\"><h2 class=\"ult-responsive info-list-heading\"  data-ultimate-target=&#039;#Info-list-wrap-4177 h2&#039;  data-responsive-json-new=&#039;{&quot;font-size&quot;:&quot;desktop:16px;&quot;,&quot;line-height&quot;:&quot;desktop:24px;&quot;}&#039;  style=\"\">Informaci\u00f3n Organizaciones Comunitarias<\/h2><div class=\"icon_description_text ult-responsive\"  data-ultimate-target=&#039;#Info-list-wrap-4177 .icon_description_text&#039;  data-responsive-json-new=&#039;{&quot;font-size&quot;:&quot;desktop:13px;&quot;,&quot;line-height&quot;:&quot;desktop:18px;&quot;}&#039;  style=\"\"><\/div><\/div><div class=\"icon_list_connector\"  style=\"border-right-width: 1px;border-right-style: dashed;border-color: #333333;\"><\/div><a class=\"ulimate-info-list-link\" href=\"http:\/\/www.maho.cl\/transparencia\/transparencia2022\/mecanismos-de-participacion-ciudadana\/informacion-organizaciones-comunitarias\/\" ><\/a><\/li><li class=\"icon_list_item\" style=\" font-size:48px;\"><div class=\"icon_list_icon\" data-animation=\"\" data-animation-delay=\"03\" style=\"font-size:16px;border-width:1px;border-style:dashed;background:#ffffff;color:#dd9933;border-color:#333333;\"><i class=\"Defaults-play-circle-o\" ><\/i><\/div><div class=\"icon_description\" id=\"Info-list-wrap-1769\" style=\"font-size:16px;\"><h2 class=\"ult-responsive info-list-heading\"  data-ultimate-target=&#039;#Info-list-wrap-1769 h2&#039;  data-responsive-json-new=&#039;{&quot;font-size&quot;:&quot;desktop:16px;&quot;,&quot;line-height&quot;:&quot;desktop:24px;&quot;}&#039;  style=\"\">Acceso a la solicitud de Informaci\u00f3n (SAI)<\/h2><div class=\"icon_description_text ult-responsive\"  data-ultimate-target=&#039;#Info-list-wrap-1769 .icon_description_text&#039;  data-responsive-json-new=&#039;{&quot;font-size&quot;:&quot;desktop:13px;&quot;,&quot;line-height&quot;:&quot;desktop:18px;&quot;}&#039;  style=\"\"><\/div><\/div><div class=\"icon_list_connector\"  style=\"border-right-width: 1px;border-right-style: dashed;border-color: #333333;\"><\/div><a class=\"ulimate-info-list-link\" href=\"http:\/\/www.maho.cl\/transparencia\/transparencia2022\/mecanismos-de-participacion-ciudadana\/procedimiento-de-acceso-a-al-informacion\/\" ><\/a><\/li><\/ul><\/div>[\/vc_column][\/vc_row]<\/p>\n<\/section>","protected":false},"excerpt":{"rendered":"<p>[vc_row][vc_column][vc_empty_space][\/vc_column][\/vc_row]<\/p>\n","protected":false},"author":1,"featured_media":0,"parent":0,"menu_order":0,"comment_status":"closed","ping_status":"closed","template":"","meta":[],"_links":{"self":[{"href":"http:\/\/www.maho.cl\/transparencia\/transparencia2022\/wp-json\/wp\/v2\/pages\/13361"}],"collection":[{"href":"http:\/\/www.maho.cl\/transparencia\/transparencia2022\/wp-json\/wp\/v2\/pages"}],"about":[{"href":"http:\/\/www.maho.cl\/transparencia\/transparencia2022\/wp-json\/wp\/v2\/types\/page"}],"author":[{"embeddable":true,"href":"http:\/\/www.maho.cl\/transparencia\/transparencia2022\/wp-json\/wp\/v2\/users\/1"}],"replies":[{"embeddable":true,"href":"http:\/\/www.maho.cl\/transparencia\/transparencia2022\/wp-json\/wp\/v2\/comments?post=13361"}],"version-history":[{"count":10,"href":"http:\/\/www.maho.cl\/transparencia\/transparencia2022\/wp-json\/wp\/v2\/pages\/13361\/revisions"}],"predecessor-version":[{"id":21782,"href":"http:\/\/www.maho.cl\/transparencia\/transparencia2022\/wp-json\/wp\/v2\/pages\/13361\/revisions\/21782"}],"wp:attachment":[{"href":"http:\/\/www.maho.cl\/transparencia\/transparencia2022\/wp-json\/wp\/v2\/media?parent=13361"}],"curies":[{"name":"wp","href":"https:\/\/api.w.org\/{rel}","templated":true}]}}