{"id":17065,"date":"2017-05-24T14:51:38","date_gmt":"2017-05-24T18:51:38","guid":{"rendered":"http:\/\/www.maho.cl\/transparencia\/transparencia2017\/?page_id=17065"},"modified":"2019-09-23T19:16:22","modified_gmt":"2019-09-23T22:16:22","slug":"dificultades-tecnicas-visualizadores-plug-ins","status":"publish","type":"page","link":"http:\/\/www.maho.cl\/transparencia\/transparencia2022\/dificultades-tecnicas-visualizadores-plug-ins\/","title":{"rendered":"Dificultades T\u00e9cnicas, Visualizadores &#038; Plug-ins"},"content":{"rendered":"<section class=\"wpb-content-wrapper\"><p>[vc_row type=\u00bbgrid\u00bb][vc_column dp_animation=\u00bb\u00bb]<div id=\"ultimate-heading-318869d057cf1ba68\" class=\"uvc-heading ult-adjust-bottom-margin ultimate-heading-318869d057cf1ba68 uvc-6262 \" data-hspacer=\"line_only\"  data-halign=\"left\" style=\"text-align:left\"><div class=\"uvc-main-heading ult-responsive\"  data-ultimate-target='.uvc-heading.ultimate-heading-318869d057cf1ba68 h2'  data-responsive-json-new='{\"font-size\":\"\",\"line-height\":\"\"}' ><h2 style=\"font-weight:normal;color:#333333;margin-bottom:3px;\">Dificultades T\u00e9cnicas, Visualizadores &amp; Plug-ins<\/h2><\/div><div class=\"uvc-heading-spacer line_only\" style=\"margin-bottom:1px;height:2px;\"><span class=\"uvc-headings-line\" style=\"border-style:solid;border-bottom-width:2px;border-color:#5b5b5b;width:autopx;\"><\/span><\/div><\/div>[vc_empty_space][\/vc_column][\/vc_row][vc_row][vc_column]<div id=\"ultimate-heading-487369d057cf1bb00\" class=\"uvc-heading ult-adjust-bottom-margin ultimate-heading-487369d057cf1bb00 uvc-3344 \" data-hspacer=\"line_only\"  data-halign=\"left\" style=\"text-align:left\"><div class=\"uvc-main-heading ult-responsive\"  data-ultimate-target='.uvc-heading.ultimate-heading-487369d057cf1bb00 h3'  data-responsive-json-new='{\"font-size\":\"\",\"line-height\":\"\"}' ><h3 style=\"font-weight:normal;\">Dificultades t\u00e9cnicas<\/h3><\/div><div class=\"uvc-heading-spacer line_only\" style=\"topheight:1px;\"><span class=\"uvc-headings-line\" style=\"border-style:solid;border-bottom-width:1px;border-color:#ccc;width:autopx;\"><\/span><\/div><\/div>[vc_empty_space][vc_cta h2=\u00bbDesde las \u00faltimas versiones del navegador Safari es que ya no se pueden visualizar correctamente los archivos pdf, por lo cual recomendamos usar Firefox, Chrome, Opera o Explorer\u00bb h2_font_container=\u00bbfont_size:16px\u00bb h2_use_theme_fonts=\u00bbyes\u00bb txt_align=\u00bbcenter\u00bb style=\u00bb3d\u00bb color=\u00bbpeacoc\u00bb add_icon=\u00bbleft\u00bb i_icon_fontawesome=\u00bbfa fa-info-circle\u00bb i_color=\u00bbblack\u00bb i_background_style=\u00bbrounded\u00bb use_custom_fonts_h2=\u00bbtrue\u00bb i_on_border=\u00bbtrue\u00bb][\/vc_cta][vc_cta h2=\u00bbSi encuentra alg\u00fan error o inconveniente t\u00e9cnico en la navegaci\u00f3n o aplicaci\u00f3n de las secciones de transparencia activa de nuestro organismo agradeceremos nos la reporte a: web@snc.cl\u00bb h2_font_container=\u00bbfont_size:16px\u00bb h2_use_theme_fonts=\u00bbyes\u00bb txt_align=\u00bbcenter\u00bb style=\u00bb3d\u00bb add_icon=\u00bbleft\u00bb i_icon_fontawesome=\u00bbfa fa-info-circle\u00bb i_color=\u00bbblack\u00bb i_background_style=\u00bbrounded\u00bb use_custom_fonts_h2=\u00bbtrue\u00bb i_on_border=\u00bbtrue\u00bb][\/vc_cta][\/vc_column][\/vc_row][vc_row][vc_column]<div id=\"ultimate-heading-846269d057cf1bb81\" class=\"uvc-heading ult-adjust-bottom-margin ultimate-heading-846269d057cf1bb81 uvc-3433 \" data-hspacer=\"line_only\"  data-halign=\"left\" style=\"text-align:left\"><div class=\"uvc-main-heading ult-responsive\"  data-ultimate-target='.uvc-heading.ultimate-heading-846269d057cf1bb81 h3'  data-responsive-json-new='{\"font-size\":\"\",\"line-height\":\"\"}' ><h3 style=\"font-weight:normal;\">Visualizadores &amp; plug-ins :<\/h3><\/div><div class=\"uvc-heading-spacer line_only\" style=\"topheight:1px;\"><span class=\"uvc-headings-line\" style=\"border-style:solid;border-bottom-width:1px;border-color:#ccc;width:autopx;\"><\/span><\/div><\/div>[vc_empty_space]<div class=\"smile_icon_list_wrap ult_info_list_container ult-adjust-bottom-margin  \"><ul class=\"smile_icon_list left circle with_bg\"><li class=\"icon_list_item\" style=\" font-size:48px;\"><div class=\"icon_list_icon\" data-animation=\"\" data-animation-delay=\"03\" style=\"font-size:16px;border-width:1px;border-style:dashed;background:#ffffff;color:#dd9933;border-color:#333333;\"><i class=\"Defaults-play-circle-o\" ><\/i><\/div><div class=\"icon_description\" id=\"Info-list-wrap-3443\" style=\"font-size:16px;\"><h2 class=\"ult-responsive info-list-heading\"  data-ultimate-target=&#039;#Info-list-wrap-3443 h2&#039;  data-responsive-json-new=&#039;{&quot;font-size&quot;:&quot;desktop:16px;&quot;,&quot;line-height&quot;:&quot;desktop:24px;&quot;}&#039;  style=\"\">Visualizador documentos PDF (.pdf) Descargar (Windows, Mac OS, Linux)<\/h2><div class=\"icon_description_text ult-responsive\"  data-ultimate-target=&#039;#Info-list-wrap-3443 .icon_description_text&#039;  data-responsive-json-new=&#039;{&quot;font-size&quot;:&quot;desktop:13px;&quot;,&quot;line-height&quot;:&quot;desktop:18px;&quot;}&#039;  style=\"\"><\/div><\/div><div class=\"icon_list_connector\"  style=\"border-right-width: 1px;border-right-style: dashed;border-color: #333333;\"><\/div><a class=\"ulimate-info-list-link\" href=\"https:\/\/get.adobe.com\/es\/reader\/\" target=\"_blank\" rel=\"noopener\" ><\/a><\/li><li class=\"icon_list_item\" style=\" font-size:48px;\"><div class=\"icon_list_icon\" data-animation=\"\" data-animation-delay=\"03\" style=\"font-size:16px;border-width:1px;border-style:dashed;background:#ffffff;color:#dd9933;border-color:#333333;\"><i class=\"Defaults-play-circle-o\" ><\/i><\/div><div class=\"icon_description\" id=\"Info-list-wrap-8856\" style=\"font-size:16px;\"><h2 class=\"ult-responsive info-list-heading\"  data-ultimate-target=&#039;#Info-list-wrap-8856 h2&#039;  data-responsive-json-new=&#039;{&quot;font-size&quot;:&quot;desktop:16px;&quot;,&quot;line-height&quot;:&quot;desktop:24px;&quot;}&#039;  style=\"\">Visualizador archivos Word (.doc) Descargar (Windows)<\/h2><div class=\"icon_description_text ult-responsive\"  data-ultimate-target=&#039;#Info-list-wrap-8856 .icon_description_text&#039;  data-responsive-json-new=&#039;{&quot;font-size&quot;:&quot;desktop:13px;&quot;,&quot;line-height&quot;:&quot;desktop:18px;&quot;}&#039;  style=\"\"><\/div><\/div><div class=\"icon_list_connector\"  style=\"border-right-width: 1px;border-right-style: dashed;border-color: #333333;\"><\/div><a class=\"ulimate-info-list-link\" href=\"https:\/\/office.live.com\/start\/Word.aspx?omkt=es-ES\" target=\"_blank\" rel=\"noopener\" ><\/a><\/li><li class=\"icon_list_item\" style=\" font-size:48px;\"><div class=\"icon_list_icon\" data-animation=\"\" data-animation-delay=\"03\" style=\"font-size:16px;border-width:1px;border-style:dashed;background:#ffffff;color:#dd9933;border-color:#333333;\"><i class=\"Defaults-play-circle-o\" ><\/i><\/div><div class=\"icon_description\" id=\"Info-list-wrap-1909\" style=\"font-size:16px;\"><h2 class=\"ult-responsive info-list-heading\"  data-ultimate-target=&#039;#Info-list-wrap-1909 h2&#039;  data-responsive-json-new=&#039;{&quot;font-size&quot;:&quot;desktop:16px;&quot;,&quot;line-height&quot;:&quot;desktop:24px;&quot;}&#039;  style=\"\">Visualizador archivos Excel (.xls) Descargar (Windows)<\/h2><div class=\"icon_description_text ult-responsive\"  data-ultimate-target=&#039;#Info-list-wrap-1909 .icon_description_text&#039;  data-responsive-json-new=&#039;{&quot;font-size&quot;:&quot;desktop:13px;&quot;,&quot;line-height&quot;:&quot;desktop:18px;&quot;}&#039;  style=\"\"><\/div><\/div><div class=\"icon_list_connector\"  style=\"border-right-width: 1px;border-right-style: dashed;border-color: #333333;\"><\/div><a class=\"ulimate-info-list-link\" href=\"https:\/\/office.live.com\/start\/Word.aspx?omkt=es-ES\" target=\"_blank\" rel=\"noopener\" ><\/a><\/li><li class=\"icon_list_item\" style=\" font-size:48px;\"><div class=\"icon_list_icon\" data-animation=\"\" data-animation-delay=\"03\" style=\"font-size:16px;border-width:1px;border-style:dashed;background:#ffffff;color:#dd9933;border-color:#333333;\"><i class=\"Defaults-play-circle-o\" ><\/i><\/div><div class=\"icon_description\" id=\"Info-list-wrap-8586\" style=\"font-size:16px;\"><h2 class=\"ult-responsive info-list-heading\"  data-ultimate-target=&#039;#Info-list-wrap-8586 h2&#039;  data-responsive-json-new=&#039;{&quot;font-size&quot;:&quot;desktop:16px;&quot;,&quot;line-height&quot;:&quot;desktop:24px;&quot;}&#039;  style=\"\">Visualizador archivos PowerPoint (.ppt, .pps) Descargar (Windows)<\/h2><div class=\"icon_description_text ult-responsive\"  data-ultimate-target=&#039;#Info-list-wrap-8586 .icon_description_text&#039;  data-responsive-json-new=&#039;{&quot;font-size&quot;:&quot;desktop:13px;&quot;,&quot;line-height&quot;:&quot;desktop:18px;&quot;}&#039;  style=\"\"><\/div><\/div><div class=\"icon_list_connector\"  style=\"border-right-width: 1px;border-right-style: dashed;border-color: #333333;\"><\/div><a class=\"ulimate-info-list-link\" href=\"https:\/\/office.live.com\/start\/Word.aspx?omkt=es-ES\" target=\"_blank\" rel=\"noopener\" ><\/a><\/li><li class=\"icon_list_item\" style=\" font-size:48px;\"><div class=\"icon_list_icon\" data-animation=\"\" data-animation-delay=\"03\" style=\"font-size:16px;border-width:1px;border-style:dashed;background:#ffffff;color:#dd9933;border-color:#333333;\"><i class=\"Defaults-play-circle-o\" ><\/i><\/div><div class=\"icon_description\" id=\"Info-list-wrap-4389\" style=\"font-size:16px;\"><h2 class=\"ult-responsive info-list-heading\"  data-ultimate-target=&#039;#Info-list-wrap-4389 h2&#039;  data-responsive-json-new=&#039;{&quot;font-size&quot;:&quot;desktop:16px;&quot;,&quot;line-height&quot;:&quot;desktop:24px;&quot;}&#039;  style=\"\">Componente Adobe Flash Player Descargar (Windows, Mac OS, Linux)<\/h2><div class=\"icon_description_text ult-responsive\"  data-ultimate-target=&#039;#Info-list-wrap-4389 .icon_description_text&#039;  data-responsive-json-new=&#039;{&quot;font-size&quot;:&quot;desktop:13px;&quot;,&quot;line-height&quot;:&quot;desktop:18px;&quot;}&#039;  style=\"\"><\/div><\/div><div class=\"icon_list_connector\"  style=\"border-right-width: 1px;border-right-style: dashed;border-color: #333333;\"><\/div><a class=\"ulimate-info-list-link\" href=\"https:\/\/get.adobe.com\/es\/flashplayer\/\" target=\"_blank\" rel=\"noopener\" ><\/a><\/li><li class=\"icon_list_item\" style=\" font-size:48px;\"><div class=\"icon_list_icon\" data-animation=\"\" data-animation-delay=\"03\" style=\"font-size:16px;border-width:1px;border-style:dashed;background:#ffffff;color:#dd9933;border-color:#333333;\"><i class=\"Defaults-play-circle-o\" ><\/i><\/div><div class=\"icon_description\" id=\"Info-list-wrap-8769\" style=\"font-size:16px;\"><h2 class=\"ult-responsive info-list-heading\"  data-ultimate-target=&#039;#Info-list-wrap-8769 h2&#039;  data-responsive-json-new=&#039;{&quot;font-size&quot;:&quot;desktop:16px;&quot;,&quot;line-height&quot;:&quot;desktop:24px;&quot;}&#039;  style=\"\">Openoffice software gratuito de oficina Descargar (Windows, Mac OS, Linux)<\/h2><div class=\"icon_description_text ult-responsive\"  data-ultimate-target=&#039;#Info-list-wrap-8769 .icon_description_text&#039;  data-responsive-json-new=&#039;{&quot;font-size&quot;:&quot;desktop:13px;&quot;,&quot;line-height&quot;:&quot;desktop:18px;&quot;}&#039;  style=\"\"><\/div><\/div><div class=\"icon_list_connector\"  style=\"border-right-width: 1px;border-right-style: dashed;border-color: #333333;\"><\/div><a class=\"ulimate-info-list-link\" href=\"https:\/\/www.openoffice.org\/es\/descargar\/\" target=\"_blank\" rel=\"noopener\" ><\/a><\/li><li class=\"icon_list_item\" style=\" font-size:48px;\"><div class=\"icon_list_icon\" data-animation=\"\" data-animation-delay=\"03\" style=\"font-size:16px;border-width:1px;border-style:dashed;background:#ffffff;color:#dd9933;border-color:#333333;\"><i class=\"Defaults-play-circle-o\" ><\/i><\/div><div class=\"icon_description\" id=\"Info-list-wrap-1459\" style=\"font-size:16px;\"><h2 class=\"ult-responsive info-list-heading\"  data-ultimate-target=&#039;#Info-list-wrap-1459 h2&#039;  data-responsive-json-new=&#039;{&quot;font-size&quot;:&quot;desktop:16px;&quot;,&quot;line-height&quot;:&quot;desktop:24px;&quot;}&#039;  style=\"\">M\u00e1quina virtual de Java (para firma avanzada y visualizador de procesos) varias plataformas<\/h2><div class=\"icon_description_text ult-responsive\"  data-ultimate-target=&#039;#Info-list-wrap-1459 .icon_description_text&#039;  data-responsive-json-new=&#039;{&quot;font-size&quot;:&quot;desktop:13px;&quot;,&quot;line-height&quot;:&quot;desktop:18px;&quot;}&#039;  style=\"\"><\/div><\/div><div class=\"icon_list_connector\"  style=\"border-right-width: 1px;border-right-style: dashed;border-color: #333333;\"><\/div><a class=\"ulimate-info-list-link\" href=\"https:\/\/www.java.com\/es\/\" target=\"_blank\" rel=\"noopener\" ><\/a><\/li><\/ul><\/div>[\/vc_column][\/vc_row]<\/p>\n<\/section>","protected":false},"excerpt":{"rendered":"<p>[vc_row type=\u00bbgrid\u00bb][vc_column dp_animation=\u00bb\u00bb][vc_empty_space][\/vc_column][\/vc_row][vc_row][vc_column][vc_empty_space][vc_cta h2=\u00bbDesde las \u00faltimas versiones del navegador Safari es que ya no se pueden visualizar correctamente los archivos pdf, por lo cual recomendamos usar Firefox, Chrome, Opera o Explorer\u00bb h2_font_container=\u00bbfont_size:16px\u00bb h2_use_theme_fonts=\u00bbyes\u00bb txt_align=\u00bbcenter\u00bb style=\u00bb3d\u00bb color=\u00bbpeacoc\u00bb add_icon=\u00bbleft\u00bb i_icon_fontawesome=\u00bbfa fa-info-circle\u00bb i_color=\u00bbblack\u00bb i_background_style=\u00bbrounded\u00bb use_custom_fonts_h2=\u00bbtrue\u00bb i_on_border=\u00bbtrue\u00bb][\/vc_cta][vc_cta h2=\u00bbSi encuentra alg\u00fan error o inconveniente t\u00e9cnico en la navegaci\u00f3n o aplicaci\u00f3n [&hellip;]<\/p>\n","protected":false},"author":1,"featured_media":0,"parent":0,"menu_order":0,"comment_status":"closed","ping_status":"closed","template":"","meta":[],"_links":{"self":[{"href":"http:\/\/www.maho.cl\/transparencia\/transparencia2022\/wp-json\/wp\/v2\/pages\/17065"}],"collection":[{"href":"http:\/\/www.maho.cl\/transparencia\/transparencia2022\/wp-json\/wp\/v2\/pages"}],"about":[{"href":"http:\/\/www.maho.cl\/transparencia\/transparencia2022\/wp-json\/wp\/v2\/types\/page"}],"author":[{"embeddable":true,"href":"http:\/\/www.maho.cl\/transparencia\/transparencia2022\/wp-json\/wp\/v2\/users\/1"}],"replies":[{"embeddable":true,"href":"http:\/\/www.maho.cl\/transparencia\/transparencia2022\/wp-json\/wp\/v2\/comments?post=17065"}],"version-history":[{"count":7,"href":"http:\/\/www.maho.cl\/transparencia\/transparencia2022\/wp-json\/wp\/v2\/pages\/17065\/revisions"}],"predecessor-version":[{"id":19874,"href":"http:\/\/www.maho.cl\/transparencia\/transparencia2022\/wp-json\/wp\/v2\/pages\/17065\/revisions\/19874"}],"wp:attachment":[{"href":"http:\/\/www.maho.cl\/transparencia\/transparencia2022\/wp-json\/wp\/v2\/media?parent=17065"}],"curies":[{"name":"wp","href":"https:\/\/api.w.org\/{rel}","templated":true}]}}