{"id":19625,"date":"2019-08-07T18:49:35","date_gmt":"2019-08-07T22:49:35","guid":{"rendered":"http:\/\/www.maho.cl\/transparencia\/transparencia2019\/?page_id=19625"},"modified":"2019-08-20T13:00:33","modified_gmt":"2019-08-20T16:00:33","slug":"mas-informacion-y-otros-tramites","status":"publish","type":"page","link":"http:\/\/www.maho.cl\/transparencia\/transparencia2022\/mas-informacion-y-otros-tramites\/","title":{"rendered":"M\u00e1s Informaci\u00f3n y Otros Tr\u00e1mites"},"content":{"rendered":"<section class=\"wpb-content-wrapper\"><p>[vc_row][vc_column][vc_column_text][vc_column_text]<img decoding=\"async\" loading=\"lazy\" class=\"size-full wp-image-13734 alignleft\" style=\"margin-left: -5px; margin-right: 10px;\" src=\"http:\/\/www.maho.cl\/transparencia\/transparencia2014\/wp-content\/uploads\/2014\/02\/linkicon.png\" alt=\"linkicon\" width=\"60\" height=\"60\" \/><br \/>\n<a style=\"text-decoration: none;\" href=\"http:\/\/ley21146.msgg.gob.cl\" target=\"_blank\" rel=\"noopener\">M\u00e1s informaci\u00f3n y otros tr\u00e1mites<\/a>[\/vc_column_text][\/vc_column][\/vc_row]<\/p>\n<\/section>","protected":false},"excerpt":{"rendered":"<p>[vc_row][vc_column][vc_column_text][vc_column_text] M\u00e1s informaci\u00f3n y otros tr\u00e1mites[\/vc_column_text][\/vc_column][\/vc_row]<\/p>\n","protected":false},"author":1,"featured_media":0,"parent":0,"menu_order":0,"comment_status":"closed","ping_status":"closed","template":"","meta":[],"_links":{"self":[{"href":"http:\/\/www.maho.cl\/transparencia\/transparencia2022\/wp-json\/wp\/v2\/pages\/19625"}],"collection":[{"href":"http:\/\/www.maho.cl\/transparencia\/transparencia2022\/wp-json\/wp\/v2\/pages"}],"about":[{"href":"http:\/\/www.maho.cl\/transparencia\/transparencia2022\/wp-json\/wp\/v2\/types\/page"}],"author":[{"embeddable":true,"href":"http:\/\/www.maho.cl\/transparencia\/transparencia2022\/wp-json\/wp\/v2\/users\/1"}],"replies":[{"embeddable":true,"href":"http:\/\/www.maho.cl\/transparencia\/transparencia2022\/wp-json\/wp\/v2\/comments?post=19625"}],"version-history":[{"count":6,"href":"http:\/\/www.maho.cl\/transparencia\/transparencia2022\/wp-json\/wp\/v2\/pages\/19625\/revisions"}],"predecessor-version":[{"id":19729,"href":"http:\/\/www.maho.cl\/transparencia\/transparencia2022\/wp-json\/wp\/v2\/pages\/19625\/revisions\/19729"}],"wp:attachment":[{"href":"http:\/\/www.maho.cl\/transparencia\/transparencia2022\/wp-json\/wp\/v2\/media?parent=19625"}],"curies":[{"name":"wp","href":"https:\/\/api.w.org\/{rel}","templated":true}]}}