{"id":13198,"date":"2014-02-15T23:50:07","date_gmt":"2014-02-15T23:50:07","guid":{"rendered":"http:\/\/localhost:8888\/transparencia014\/?page_id=13198"},"modified":"2023-01-29T20:52:28","modified_gmt":"2023-01-29T23:52:28","slug":"potestades-funciones-y-marco-normativo-aplicable-al-municipio","status":"publish","type":"page","link":"http:\/\/www.maho.cl\/transparencia\/transparencia2024\/potestades-funciones-y-marco-normativo-aplicable-al-municipio\/","title":{"rendered":"Potestades, Funciones y Marco Normativo Aplicable al Municipio"},"content":{"rendered":"\t\t<div data-elementor-type=\"wp-page\" data-elementor-id=\"13198\" class=\"elementor elementor-13198\">\n\t\t\t\t\t\t\t\t\t<section class=\"elementor-section elementor-top-section elementor-element elementor-element-6852976 elementor-section-boxed elementor-section-height-default elementor-section-height-default\" data-id=\"6852976\" data-element_type=\"section\">\n\t\t\t\t\t\t<div class=\"elementor-container elementor-column-gap-default\">\n\t\t\t\t\t<div class=\"elementor-column elementor-col-50 elementor-top-column elementor-element elementor-element-43a1e24\" data-id=\"43a1e24\" data-element_type=\"column\">\n\t\t\t<div class=\"elementor-widget-wrap elementor-element-populated\">\n\t\t\t\t\t\t\t\t<div class=\"elementor-element elementor-element-0aa4470 elementor-widget elementor-widget-ova_heading\" data-id=\"0aa4470\" data-element_type=\"widget\" data-widget_type=\"ova_heading.default\">\n\t\t\t\t<div class=\"elementor-widget-container\">\n\t\t\t\t\t<div class=\"ova-heading\">\n\t\t\t\n\t\t\t\t\t\t\t<h3 class=\"title second_font\">Links de la Categor\u00eda<\/h3>\n\t\t\t\n\t\t\t\t\t\t\t<p class=\"sub-title \">Puedes navegar  desde aqu\u00ed esta  categor\u00eda<\/p>\n\t\t\t\n\t\t<\/div>\n\t\t\t\t<\/div>\n\t\t\t\t<\/div>\n\t\t\t\t<div class=\"elementor-element elementor-element-62383b0 elementor-widget elementor-widget-ova_feature_box\" data-id=\"62383b0\" data-element_type=\"widget\" data-widget_type=\"ova_feature_box.default\">\n\t\t\t\t<div class=\"elementor-widget-container\">\n\t\t\t\t\t<div class=\"ova_feature_box version_2\">\n\t\t\t<div class=\"ova-image\">\n\t\t\t\t<a href=\"https:\/\/www.maho.cl\/transparencia\/transparencia2024\/organigrama-y-funciones-organos-municipio\/organigrama-direcciones-maho-2\/\" title=\"Potestades al Organismo\">\n\t\t\t\t\t\t\t\t\t\t\t\t\t\t\t\t<span class=\"flaticon-checked\"><\/span>\n\t\t\t\t\t\t\t\t\t<\/a>\n\t\t\t<\/div>\n\t\t\t<div class=\"ova-content\">\n\t\t\t\t<h3 class=\"title\">\n\t\t\t\t\t<a href=\"https:\/\/www.maho.cl\/transparencia\/transparencia2024\/organigrama-y-funciones-organos-municipio\/organigrama-direcciones-maho-2\/\">\n\t\t\t\t\t\tPotestades al Organismo\t\t\t\t\t<\/a>\n\t\t\t\t<\/h3>\n\t\t\t\t\t\t\t\t\t\t\t\t<\/div>\n\n\t\t<\/div>\n\t\t\t\t<\/div>\n\t\t\t\t<\/div>\n\t\t\t\t<div class=\"elementor-element elementor-element-d278fe1 elementor-widget elementor-widget-ova_feature_box\" data-id=\"d278fe1\" data-element_type=\"widget\" data-widget_type=\"ova_feature_box.default\">\n\t\t\t\t<div class=\"elementor-widget-container\">\n\t\t\t\t\t<div class=\"ova_feature_box version_2\">\n\t\t\t<div class=\"ova-image\">\n\t\t\t\t<a href=\"http:\/https:\/\/www.maho.cl\/transparencia\/transparencia2024\/potestades-funciones-y-marco-normativo-aplicable-al-municipio\/marco-normativo\/\" title=\"Marco Normativo\">\n\t\t\t\t\t\t\t\t\t\t\t\t\t\t\t\t<span class=\"flaticon-checked\"><\/span>\n\t\t\t\t\t\t\t\t\t<\/a>\n\t\t\t<\/div>\n\t\t\t<div class=\"ova-content\">\n\t\t\t\t<h3 class=\"title\">\n\t\t\t\t\t<a href=\"http:\/https:\/\/www.maho.cl\/transparencia\/transparencia2024\/potestades-funciones-y-marco-normativo-aplicable-al-municipio\/marco-normativo\/\">\n\t\t\t\t\t\tMarco Normativo\t\t\t\t\t<\/a>\n\t\t\t\t<\/h3>\n\t\t\t\t\t\t\t\t\t\t\t\t<\/div>\n\n\t\t<\/div>\n\t\t\t\t<\/div>\n\t\t\t\t<\/div>\n\t\t\t\t<div class=\"elementor-element elementor-element-eab8ff8 elementor-widget elementor-widget-ova_feature_box\" data-id=\"eab8ff8\" data-element_type=\"widget\" data-widget_type=\"ova_feature_box.default\">\n\t\t\t\t<div class=\"elementor-widget-container\">\n\t\t\t\t\t<div class=\"ova_feature_box version_2\">\n\t\t\t<div class=\"ova-image\">\n\t\t\t\t<a href=\"http:\/\/www.leychile.cl\/Consulta\" title=\"Ley Chile\">\n\t\t\t\t\t\t\t\t\t\t\t\t\t\t\t\t<span class=\"flaticon-checked\"><\/span>\n\t\t\t\t\t\t\t\t\t<\/a>\n\t\t\t<\/div>\n\t\t\t<div class=\"ova-content\">\n\t\t\t\t<h3 class=\"title\">\n\t\t\t\t\t<a href=\"http:\/\/www.leychile.cl\/Consulta\">\n\t\t\t\t\t\tLey Chile\t\t\t\t\t<\/a>\n\t\t\t\t<\/h3>\n\t\t\t\t\t\t\t\t\t\t\t\t<\/div>\n\n\t\t<\/div>\n\t\t\t\t<\/div>\n\t\t\t\t<\/div>\n\t\t\t\t\t<\/div>\n\t\t<\/div>\n\t\t\t\t<div class=\"elementor-column elementor-col-50 elementor-top-column elementor-element elementor-element-3bb6ed6\" data-id=\"3bb6ed6\" data-element_type=\"column\">\n\t\t\t<div class=\"elementor-widget-wrap\">\n\t\t\t\t\t\t\t\t\t<\/div>\n\t\t<\/div>\n\t\t\t\t\t\t\t<\/div>\n\t\t<\/section>\n\t\t\t\t\t\t\t<\/div>\n\t\t","protected":false},"excerpt":{"rendered":"<p>Links de la Categor\u00eda Puedes navegar desde aqu\u00ed esta categor\u00eda Potestades al Organismo Marco Normativo Ley Chile<\/p>\n","protected":false},"author":1,"featured_media":0,"parent":0,"menu_order":0,"comment_status":"closed","ping_status":"closed","template":"","meta":{"footnotes":""},"class_list":["post-13198","page","type-page","status-publish","hentry"],"_links":{"self":[{"href":"http:\/\/www.maho.cl\/transparencia\/transparencia2024\/wp-json\/wp\/v2\/pages\/13198","targetHints":{"allow":["GET"]}}],"collection":[{"href":"http:\/\/www.maho.cl\/transparencia\/transparencia2024\/wp-json\/wp\/v2\/pages"}],"about":[{"href":"http:\/\/www.maho.cl\/transparencia\/transparencia2024\/wp-json\/wp\/v2\/types\/page"}],"author":[{"embeddable":true,"href":"http:\/\/www.maho.cl\/transparencia\/transparencia2024\/wp-json\/wp\/v2\/users\/1"}],"replies":[{"embeddable":true,"href":"http:\/\/www.maho.cl\/transparencia\/transparencia2024\/wp-json\/wp\/v2\/comments?post=13198"}],"version-history":[{"count":8,"href":"http:\/\/www.maho.cl\/transparencia\/transparencia2024\/wp-json\/wp\/v2\/pages\/13198\/revisions"}],"predecessor-version":[{"id":23547,"href":"http:\/\/www.maho.cl\/transparencia\/transparencia2024\/wp-json\/wp\/v2\/pages\/13198\/revisions\/23547"}],"wp:attachment":[{"href":"http:\/\/www.maho.cl\/transparencia\/transparencia2024\/wp-json\/wp\/v2\/media?parent=13198"}],"curies":[{"name":"wp","href":"https:\/\/api.w.org\/{rel}","templated":true}]}}