{"id":13203,"date":"2014-02-15T23:51:47","date_gmt":"2014-02-15T23:51:47","guid":{"rendered":"http:\/\/localhost:8888\/transparencia014\/?page_id=13203"},"modified":"2023-01-24T11:17:10","modified_gmt":"2023-01-24T14:17:10","slug":"marco-normativo","status":"publish","type":"page","link":"http:\/\/www.maho.cl\/transparencia\/transparencia2024\/potestades-funciones-y-marco-normativo-aplicable-al-municipio\/marco-normativo\/","title":{"rendered":"Marco Normativo"},"content":{"rendered":"\t\t<div data-elementor-type=\"wp-page\" data-elementor-id=\"13203\" class=\"elementor elementor-13203\">\n\t\t\t\t\t\t\t\t\t<section class=\"elementor-section elementor-top-section elementor-element elementor-element-3503b92 elementor-section-boxed elementor-section-height-default elementor-section-height-default\" data-id=\"3503b92\" data-element_type=\"section\">\n\t\t\t\t\t\t<div class=\"elementor-container elementor-column-gap-default\">\n\t\t\t\t\t<div class=\"elementor-column elementor-col-100 elementor-top-column elementor-element elementor-element-f048492\" data-id=\"f048492\" data-element_type=\"column\">\n\t\t\t<div class=\"elementor-widget-wrap elementor-element-populated\">\n\t\t\t\t\t\t\t\t<div class=\"elementor-element elementor-element-05e4956 elementor-widget elementor-widget-wpfd_choose_category\" data-id=\"05e4956\" data-element_type=\"widget\" data-widget_type=\"wpfd_choose_category.default\">\n\t\t\t\t<div class=\"elementor-widget-container\">\n\t\t\t<div id=\"wpfd-elementor-category\" class=\"wpfd-elementor-category\"><script type=\"text\/x-handlebars-template\"        id=\"wpfd-template-tabla1-categories-4031\">    <div class=\"wpfd-categories hide\">{{#if category}}{{#with category}}{{#if parent}}<a class=\"catlink backcategory\" href=\"#\" data-idcat=\"{{parent}}\">                        <i class=\"zmdi zmdi-chevron-left\"><\/i><span>Atr\u00e1s<\/span><\/a>{{\/if}}{{\/with}}{{\/if}}{{#if category.desc}}<div class=\"wpfd-category-desc\">{{category.desc}}<\/div>{{\/if}}<\/div><\/script><script type=\"text\/x-handlebars-template\" id=\"wpfd-template-tabla1-4031\">    {{#if files}}    {{#each files}}    <tr class=\"file {{class}}\" data-id=\"{{ID}}\" data-catid=\"{{catid}}\">    <td class=\"file_title\"><a class=\"wpfd_downloadlink\" href=\"{{linkdownload}}\" title=\"{{post_title}}\" target=\"{{#if remote_file}}_blank{{\/if}}\"><span class=\"extcol\"><span class=\"ext ext-{{ext}} wpfd-icon-set-svg\"><\/span><\/span>{{{crop_title}}}<\/a><\/td><td class=\"file_hits\">{{hits}}<\/td>                    <td class=\"col-download\">                <a class=\"downloadlink wpfd_downloadlink\"  href=\"{{linkdownload}}\" style=\"background-color:rgba(202, 194, 175, 1);color:#ffffff;\" target=\"{{#if remote_file}}_blank{{\/if}}\">Descargar<i class=\"zmdi zmdi-cloud-download wpfd-download\"><\/i><\/a>{{#if openpdflink}}<a class=\"openlink wpfd_previewlink\" href=\"{{openpdflink}}\" target=\"_blank\">Vista previa                            <i class=\"zmdi zmdi-filter-center-focus wpfd-preview\"><\/i>                        <\/a>{{else}}{{#if viewerlink}}<a                            href=\"{{viewerlink}}\"                            class=\"openlink wpfd_previewlink\"                            target=\"_blank\"                            data-id=\"{{ID}}\"                            data-catid=\"{{catid}}\"                            data-file-type=\"{{ext}}\">Vista previa<i class=\"zmdi zmdi-filter-center-focus wpfd-preview\"><\/i>                        <\/a>{{\/if}}{{\/if}}            <\/td>            <\/tr>    {{\/each}}    {{\/if}}<\/script><div class=\"wpfd-content wpfd-content-tabla1 wpfd-content-multi \" data-category=\"4031\"              style=\"background-color: rgba(255, 255, 255, 0);\"><input type=\"hidden\" id=\"current_category_4031\" value=\"4031\" \/>                    <input type=\"hidden\" id=\"current_category_slug_4031\" value=\"marco-normativo\" \/>                    <input type=\"hidden\" id=\"current_ordering_4031\" value=\"modified_time\" \/>                    <input type=\"hidden\" id=\"current_ordering_direction_4031\" value=\"desc\" \/>                    <input type=\"hidden\" id=\"page_limit_4031\" value=\"50\" \/><input type=\"hidden\" id=\"wpfd_display_empty_category_message\" value=\"1\" \/><input type=\"hidden\" id=\"wpfd_empty_category_message_val\" value=\"Esta Categor\u00eda A\u00fan No Genera Archivos!\" \/><input type=\"hidden\" id=\"wpfd_display_empty_folder\" value=\"1\" \/><input type=\"hidden\" id=\"wpfd_is_empty_subcategories\" value=\"1\" \/><input type=\"hidden\" id=\"wpfd_is_empty_files\" value=\"1\" \/><input type=\"hidden\" id=\"wpfd_root_category_id\" class=\"wpfd_root_category_id\" value=\"4031\" \/><input type=\"hidden\" id=\"wpfd_root_category_theme\" class=\"wpfd_root_category_theme\" value=\"tabla1\" \/><input type=\"hidden\" id=\"wpfd_root_category_clone_theme_type\" class=\"wpfd_root_category_clone_theme_type\" value=\"none\" \/><input type=\"hidden\" id=\"wpfd_root_category_type\" class=\"wpfd_root_category_type\" value=\"4031\" \/><div class=\"wpfd-container\">        <div class=\"wpfd-open-tree\"><\/div>    <div class=\"wpfd-container-tabla1 \">        <div class=\"wpfd-categories hide\"><div class=\"wpfd-category-desc\"><\/div><\/div>        <table class=\"wpfd-tabla1 wpfd-table-bordered wpfd-table-striped mediaTable\">            <thead>            <tr>                <th class=\"essential persist file_title\">T\u00edtulo<\/th><th class=\"optional file_hits\">Clics<\/th><th class=\"essential file_download\">Descargar<\/th>            <\/tr>            <\/thead>            <tbody>                                            <tr class=\"file\" data-id=\"22869\"                    data-catid=\"4031\">                    <td class=\"file_title\"><a class=\"wpfd_downloadlink\" href=\"http:\/\/www.maho.cl\/transparencia\/transparencia2024\/descarga\/4031\/marco-normativo\/22869\/otras-normas-que-atribuyen-competencia.pdf\" title=\"Otras Normas que Atribuyen Competencia\" target=\"_blank\"><span class=\"extcol\"><span class=\"ext ext-pdf wpfd-icon-set-svg\"><\/span>Otras Normas que Atribuyen Competencia<\/span><\/a><\/td><td class=\"file_hits\">482<\/td>                                            <td class=\"col-download\">                            <a class=\"downloadlink wpfd_downloadlink\"  href=\"http:\/\/www.maho.cl\/transparencia\/transparencia2024\/descarga\/4031\/marco-normativo\/22869\/otras-normas-que-atribuyen-competencia.pdf\" style=\"background-color:rgba(202, 194, 175, 1);color:#ffffff;\" target=\"_blank\">Descargar<i class=\"zmdi zmdi-cloud-download wpfd-download\"><\/i><\/a><a class=\"openlink wpfdlightbox wpfd_previewlink\" href=\"http:\/\/www.maho.cl\/transparencia\/transparencia2024\/wp-admin\/admin-ajax.php?juwpfisadmin=false&#038;action=wpfd&#038;task=file.download&#038;wpfd_category_id=4031&#038;wpfd_file_id=22869&#038;token=&#038;preview=1\" target=\"\">Vista previa                            <i class=\"zmdi zmdi-filter-center-focus wpfd-preview\"><\/i>                        <\/a>                        <\/td>                                    <\/tr>                                                            <tr class=\"file\" data-id=\"22868\"                    data-catid=\"4031\">                    <td class=\"file_title\"><a class=\"wpfd_downloadlink\" href=\"http:\/\/www.maho.cl\/transparencia\/transparencia2024\/descarga\/4031\/marco-normativo\/22868\/normas-organicas.pdf\" title=\"Normas Org\u00e1nicas.\" target=\"_blank\"><span class=\"extcol\"><span class=\"ext ext-pdf wpfd-icon-set-svg\"><\/span>Normas Org\u00e1nicas.<\/span><\/a><\/td><td class=\"file_hits\">497<\/td>                                            <td class=\"col-download\">                            <a class=\"downloadlink wpfd_downloadlink\"  href=\"http:\/\/www.maho.cl\/transparencia\/transparencia2024\/descarga\/4031\/marco-normativo\/22868\/normas-organicas.pdf\" style=\"background-color:rgba(202, 194, 175, 1);color:#ffffff;\" target=\"_blank\">Descargar<i class=\"zmdi zmdi-cloud-download wpfd-download\"><\/i><\/a><a class=\"openlink wpfdlightbox wpfd_previewlink\" href=\"http:\/\/www.maho.cl\/transparencia\/transparencia2024\/wp-admin\/admin-ajax.php?juwpfisadmin=false&#038;action=wpfd&#038;task=file.download&#038;wpfd_category_id=4031&#038;wpfd_file_id=22868&#038;token=&#038;preview=1\" target=\"\">Vista previa                            <i class=\"zmdi zmdi-filter-center-focus wpfd-preview\"><\/i>                        <\/a>                        <\/td>                                    <\/tr>                                        <\/tbody>        <\/table>            <\/div><\/div><\/div><\/div>\t\t<\/div>\n\t\t\t\t<\/div>\n\t\t\t\t\t<\/div>\n\t\t<\/div>\n\t\t\t\t\t\t\t<\/div>\n\t\t<\/section>\n\t\t\t\t\t\t\t<\/div>\n\t\t","protected":false},"excerpt":{"rendered":"<p>T\u00edtulo Hits Publicaci\u00f3n Descargar Otras Normas que Atribuyen Competencia 0 24-01-2023 DescargarVista previa Normas Org\u00e1nicas. 0 24-01-2023 DescargarVista previa<\/p>\n","protected":false},"author":1,"featured_media":0,"parent":13198,"menu_order":0,"comment_status":"closed","ping_status":"closed","template":"","meta":{"footnotes":""},"class_list":["post-13203","page","type-page","status-publish","hentry"],"_links":{"self":[{"href":"http:\/\/www.maho.cl\/transparencia\/transparencia2024\/wp-json\/wp\/v2\/pages\/13203","targetHints":{"allow":["GET"]}}],"collection":[{"href":"http:\/\/www.maho.cl\/transparencia\/transparencia2024\/wp-json\/wp\/v2\/pages"}],"about":[{"href":"http:\/\/www.maho.cl\/transparencia\/transparencia2024\/wp-json\/wp\/v2\/types\/page"}],"author":[{"embeddable":true,"href":"http:\/\/www.maho.cl\/transparencia\/transparencia2024\/wp-json\/wp\/v2\/users\/1"}],"replies":[{"embeddable":true,"href":"http:\/\/www.maho.cl\/transparencia\/transparencia2024\/wp-json\/wp\/v2\/comments?post=13203"}],"version-history":[{"count":51,"href":"http:\/\/www.maho.cl\/transparencia\/transparencia2024\/wp-json\/wp\/v2\/pages\/13203\/revisions"}],"predecessor-version":[{"id":22872,"href":"http:\/\/www.maho.cl\/transparencia\/transparencia2024\/wp-json\/wp\/v2\/pages\/13203\/revisions\/22872"}],"up":[{"embeddable":true,"href":"http:\/\/www.maho.cl\/transparencia\/transparencia2024\/wp-json\/wp\/v2\/pages\/13198"}],"wp:attachment":[{"href":"http:\/\/www.maho.cl\/transparencia\/transparencia2024\/wp-json\/wp\/v2\/media?parent=13203"}],"curies":[{"name":"wp","href":"https:\/\/api.w.org\/{rel}","templated":true}]}}