{"id":13297,"date":"2014-02-16T21:51:15","date_gmt":"2014-02-16T21:51:15","guid":{"rendered":"http:\/\/localhost:8888\/transparencia014\/?page_id=13297"},"modified":"2023-08-24T11:47:07","modified_gmt":"2023-08-24T15:47:07","slug":"personal-y-remuneraciones","status":"publish","type":"page","link":"http:\/\/www.maho.cl\/transparencia\/transparencia2024\/personal-y-remuneraciones\/","title":{"rendered":"Personal y Remuneraciones"},"content":{"rendered":"\t\t<div data-elementor-type=\"wp-page\" data-elementor-id=\"13297\" class=\"elementor elementor-13297\">\n\t\t\t\t\t\t\t\t\t<section class=\"elementor-section elementor-top-section elementor-element elementor-element-a25bcaf elementor-section-boxed elementor-section-height-default elementor-section-height-default\" data-id=\"a25bcaf\" data-element_type=\"section\">\n\t\t\t\t\t\t<div class=\"elementor-container elementor-column-gap-default\">\n\t\t\t\t\t<div class=\"elementor-column elementor-col-50 elementor-top-column elementor-element elementor-element-4ebd4b6\" data-id=\"4ebd4b6\" data-element_type=\"column\">\n\t\t\t<div class=\"elementor-widget-wrap elementor-element-populated\">\n\t\t\t\t\t\t\t\t<div class=\"elementor-element elementor-element-5271d36 elementor-widget elementor-widget-ova_heading\" data-id=\"5271d36\" data-element_type=\"widget\" data-widget_type=\"ova_heading.default\">\n\t\t\t\t<div class=\"elementor-widget-container\">\n\t\t\t\t\t<div class=\"ova-heading\">\n\t\t\t\n\t\t\t\t\t\t\t<h3 class=\"title second_font\">Links de la Categor\u00eda<\/h3>\n\t\t\t\n\t\t\t\t\t\t\t<p class=\"sub-title \">Puedes navegar  desde aqu\u00ed esta  categor\u00eda<\/p>\n\t\t\t\n\t\t<\/div>\n\t\t\t\t<\/div>\n\t\t\t\t<\/div>\n\t\t\t\t<div class=\"elementor-element elementor-element-e5da340 elementor-widget elementor-widget-ova_feature_box\" data-id=\"e5da340\" data-element_type=\"widget\" data-widget_type=\"ova_feature_box.default\">\n\t\t\t\t<div class=\"elementor-widget-container\">\n\t\t\t\t\t<div class=\"ova_feature_box version_2\">\n\t\t\t<div class=\"ova-image\">\n\t\t\t\t<a href=\"https:\/\/www.maho.cl\/transparencia\/transparencia2024\/personal-y-remuneraciones\/sector-municipal\/\" title=\"Sector Municipal\">\n\t\t\t\t\t\t\t\t\t\t\t\t\t\t\t\t<span class=\"flaticon-checked\"><\/span>\n\t\t\t\t\t\t\t\t\t<\/a>\n\t\t\t<\/div>\n\t\t\t<div class=\"ova-content\">\n\t\t\t\t<h3 class=\"title\">\n\t\t\t\t\t<a href=\"https:\/\/www.maho.cl\/transparencia\/transparencia2024\/personal-y-remuneraciones\/sector-municipal\/\">\n\t\t\t\t\t\tSector Municipal\t\t\t\t\t<\/a>\n\t\t\t\t<\/h3>\n\t\t\t\t\t\t\t\t\t\t\t\t<\/div>\n\n\t\t<\/div>\n\t\t\t\t<\/div>\n\t\t\t\t<\/div>\n\t\t\t\t<div class=\"elementor-element elementor-element-7aa57df elementor-widget elementor-widget-ova_feature_box\" data-id=\"7aa57df\" data-element_type=\"widget\" data-widget_type=\"ova_feature_box.default\">\n\t\t\t\t<div class=\"elementor-widget-container\">\n\t\t\t\t\t<div class=\"ova_feature_box version_2\">\n\t\t\t<div class=\"ova-image\">\n\t\t\t\t<a href=\"https:\/\/www.maho.cl\/transparencia\/transparencia2024\/personal-y-remuneraciones\/sector-educacional\/\" title=\"Sector Educacional\">\n\t\t\t\t\t\t\t\t\t\t\t\t\t\t\t\t<span class=\"flaticon-checked\"><\/span>\n\t\t\t\t\t\t\t\t\t<\/a>\n\t\t\t<\/div>\n\t\t\t<div class=\"ova-content\">\n\t\t\t\t<h3 class=\"title\">\n\t\t\t\t\t<a href=\"https:\/\/www.maho.cl\/transparencia\/transparencia2024\/personal-y-remuneraciones\/sector-educacional\/\">\n\t\t\t\t\t\tSector Educacional\t\t\t\t\t<\/a>\n\t\t\t\t<\/h3>\n\t\t\t\t\t\t\t\t\t\t\t\t<\/div>\n\n\t\t<\/div>\n\t\t\t\t<\/div>\n\t\t\t\t<\/div>\n\t\t\t\t<div class=\"elementor-element elementor-element-957754f elementor-widget elementor-widget-ova_feature_box\" data-id=\"957754f\" data-element_type=\"widget\" data-widget_type=\"ova_feature_box.default\">\n\t\t\t\t<div class=\"elementor-widget-container\">\n\t\t\t\t\t<div class=\"ova_feature_box version_2\">\n\t\t\t<div class=\"ova-image\">\n\t\t\t\t<a href=\"https:\/\/www.maho.cl\/transparencia\/transparencia2024\/personal-y-remuneraciones\/sector-salud\/\" title=\"Sector Salud\">\n\t\t\t\t\t\t\t\t\t\t\t\t\t\t\t\t<span class=\"flaticon-checked\"><\/span>\n\t\t\t\t\t\t\t\t\t<\/a>\n\t\t\t<\/div>\n\t\t\t<div class=\"ova-content\">\n\t\t\t\t<h3 class=\"title\">\n\t\t\t\t\t<a href=\"https:\/\/www.maho.cl\/transparencia\/transparencia2024\/personal-y-remuneraciones\/sector-salud\/\">\n\t\t\t\t\t\tSector Salud\t\t\t\t\t<\/a>\n\t\t\t\t<\/h3>\n\t\t\t\t\t\t\t\t\t\t\t\t<\/div>\n\n\t\t<\/div>\n\t\t\t\t<\/div>\n\t\t\t\t<\/div>\n\t\t\t\t<div class=\"elementor-element elementor-element-1b4c45e elementor-widget elementor-widget-ova_feature_box\" data-id=\"1b4c45e\" data-element_type=\"widget\" data-widget_type=\"ova_feature_box.default\">\n\t\t\t\t<div class=\"elementor-widget-container\">\n\t\t\t\t\t<div class=\"ova_feature_box version_2\">\n\t\t\t<div class=\"ova-image\">\n\t\t\t\t<a href=\"https:\/\/www.maho.cl\/transparencia\/transparencia2024\/personal-y-remuneraciones\/sector-cementerio\/\" title=\"Sector Cementerio\">\n\t\t\t\t\t\t\t\t\t\t\t\t\t\t\t\t<span class=\"flaticon-checked\"><\/span>\n\t\t\t\t\t\t\t\t\t<\/a>\n\t\t\t<\/div>\n\t\t\t<div class=\"ova-content\">\n\t\t\t\t<h3 class=\"title\">\n\t\t\t\t\t<a href=\"https:\/\/www.maho.cl\/transparencia\/transparencia2024\/personal-y-remuneraciones\/sector-cementerio\/\">\n\t\t\t\t\t\tSector Cementerio\t\t\t\t\t<\/a>\n\t\t\t\t<\/h3>\n\t\t\t\t\t\t\t\t\t\t\t\t<\/div>\n\n\t\t<\/div>\n\t\t\t\t<\/div>\n\t\t\t\t<\/div>\n\t\t\t\t\t<\/div>\n\t\t<\/div>\n\t\t\t\t<div class=\"elementor-column elementor-col-50 elementor-top-column elementor-element elementor-element-cb61ca3\" data-id=\"cb61ca3\" data-element_type=\"column\">\n\t\t\t<div class=\"elementor-widget-wrap\">\n\t\t\t\t\t\t\t\t\t<\/div>\n\t\t<\/div>\n\t\t\t\t\t\t\t<\/div>\n\t\t<\/section>\n\t\t\t\t\t\t\t<\/div>\n\t\t","protected":false},"excerpt":{"rendered":"<p>Links de la Categor\u00eda Puedes navegar desde aqu\u00ed esta categor\u00eda Sector Municipal Sector Educacional Sector Salud Sector Cementerio<\/p>\n","protected":false},"author":1,"featured_media":0,"parent":0,"menu_order":0,"comment_status":"closed","ping_status":"closed","template":"","meta":{"footnotes":""},"class_list":["post-13297","page","type-page","status-publish","hentry"],"_links":{"self":[{"href":"http:\/\/www.maho.cl\/transparencia\/transparencia2024\/wp-json\/wp\/v2\/pages\/13297","targetHints":{"allow":["GET"]}}],"collection":[{"href":"http:\/\/www.maho.cl\/transparencia\/transparencia2024\/wp-json\/wp\/v2\/pages"}],"about":[{"href":"http:\/\/www.maho.cl\/transparencia\/transparencia2024\/wp-json\/wp\/v2\/types\/page"}],"author":[{"embeddable":true,"href":"http:\/\/www.maho.cl\/transparencia\/transparencia2024\/wp-json\/wp\/v2\/users\/1"}],"replies":[{"embeddable":true,"href":"http:\/\/www.maho.cl\/transparencia\/transparencia2024\/wp-json\/wp\/v2\/comments?post=13297"}],"version-history":[{"count":8,"href":"http:\/\/www.maho.cl\/transparencia\/transparencia2024\/wp-json\/wp\/v2\/pages\/13297\/revisions"}],"predecessor-version":[{"id":25985,"href":"http:\/\/www.maho.cl\/transparencia\/transparencia2024\/wp-json\/wp\/v2\/pages\/13297\/revisions\/25985"}],"wp:attachment":[{"href":"http:\/\/www.maho.cl\/transparencia\/transparencia2024\/wp-json\/wp\/v2\/media?parent=13297"}],"curies":[{"name":"wp","href":"https:\/\/api.w.org\/{rel}","templated":true}]}}