{"id":13867,"date":"2014-02-24T11:30:00","date_gmt":"2014-02-24T14:30:00","guid":{"rendered":"http:\/\/www.maho.cl\/transparencia\/transparencia2014\/?page_id=13867"},"modified":"2019-04-17T11:07:14","modified_gmt":"2019-04-17T14:07:14","slug":"vinculos-institucionales-con-otras-entidades","status":"publish","type":"page","link":"https:\/\/www.maho.cl\/transparencia\/transparencia2020\/vinculos-institucionales-con-otras-entidades\/","title":{"rendered":"Participaci\u00f3n en Otras Entidades"},"content":{"rendered":"<p>[vc_row type=\u00bbgrid\u00bb][vc_column dp_animation=\u00bb\u00bb]<div id=\"ultimate-heading-789669de260d1154d\" class=\"uvc-heading ult-adjust-bottom-margin ultimate-heading-789669de260d1154d uvc-7838 \" data-hspacer=\"line_only\"  data-halign=\"left\" style=\"text-align:left\"><div class=\"uvc-main-heading ult-responsive\"  data-ultimate-target='.uvc-heading.ultimate-heading-789669de260d1154d h2'  data-responsive-json-new='{\"font-size\":\"\",\"line-height\":\"\"}' ><h2 style=\"font-weight:normal;color:#333333;margin-bottom:3px;\">Participaci\u00f3n en Otras entidades<\/h2><\/div><div class=\"uvc-heading-spacer line_only\" style=\"margin-bottom:1px;height:2px;\"><span class=\"uvc-headings-line\" style=\"border-style:solid;border-bottom-width:2px;border-color:#5b5b5b;width:autopx;\"><\/span><\/div><\/div>[vc_empty_space][\/vc_column][\/vc_row][vc_row][vc_column][vc_column_text]<img loading=\"lazy\" class=\"size-full wp-image-13734 alignleft\" style=\"margin-left: -5px; margin-right: 10px;\" src=\"http:\/\/www.maho.cl\/transparencia\/transparencia2014\/wp-content\/uploads\/2014\/02\/linkicon.png\" alt=\"linkicon\" width=\"60\" height=\"60\" \/><br \/>\n<a style=\"text-decoration: none;\" href=\"http:\/\/maho.cl\/categorias2018\/22-%20entidades%20en%20que%20el%20municipio%20tiene%20participacion\/vinculos2.htm\" target=\"_blank\" rel=\"noopener\">Entidades en que tenga participaci\u00f3n, representaci\u00f3n o intervenci\u00f3n el organismo.<\/a>[\/vc_column_text][\/vc_column][\/vc_row]<\/p>\n","protected":false},"excerpt":{"rendered":"<p>[vc_row type=\u00bbgrid\u00bb][vc_column dp_animation=\u00bb\u00bb][vc_empty_space][\/vc_column][\/vc_row][vc_row][vc_column][vc_column_text] Entidades en que tenga participaci\u00f3n, representaci\u00f3n o intervenci\u00f3n el organismo.[\/vc_column_text][\/vc_column][\/vc_row]<\/p>\n","protected":false},"author":1,"featured_media":0,"parent":0,"menu_order":0,"comment_status":"closed","ping_status":"closed","template":"","meta":[],"_links":{"self":[{"href":"https:\/\/www.maho.cl\/transparencia\/transparencia2020\/wp-json\/wp\/v2\/pages\/13867"}],"collection":[{"href":"https:\/\/www.maho.cl\/transparencia\/transparencia2020\/wp-json\/wp\/v2\/pages"}],"about":[{"href":"https:\/\/www.maho.cl\/transparencia\/transparencia2020\/wp-json\/wp\/v2\/types\/page"}],"author":[{"embeddable":true,"href":"https:\/\/www.maho.cl\/transparencia\/transparencia2020\/wp-json\/wp\/v2\/users\/1"}],"replies":[{"embeddable":true,"href":"https:\/\/www.maho.cl\/transparencia\/transparencia2020\/wp-json\/wp\/v2\/comments?post=13867"}],"version-history":[{"count":11,"href":"https:\/\/www.maho.cl\/transparencia\/transparencia2020\/wp-json\/wp\/v2\/pages\/13867\/revisions"}],"predecessor-version":[{"id":19246,"href":"https:\/\/www.maho.cl\/transparencia\/transparencia2020\/wp-json\/wp\/v2\/pages\/13867\/revisions\/19246"}],"wp:attachment":[{"href":"https:\/\/www.maho.cl\/transparencia\/transparencia2020\/wp-json\/wp\/v2\/media?parent=13867"}],"curies":[{"name":"wp","href":"https:\/\/api.w.org\/{rel}","templated":true}]}}