{"id":19232,"date":"2019-04-16T21:20:35","date_gmt":"2019-04-17T00:20:35","guid":{"rendered":"http:\/\/www.maho.cl\/transparencia\/transparencia2019\/?page_id=19232"},"modified":"2021-08-19T17:21:11","modified_gmt":"2021-08-19T21:21:11","slug":"designacion-de-ministro-de-fe-para-la-constitucion-de-organizaciones-funcionales-y-territoriales","status":"publish","type":"page","link":"https:\/\/www.maho.cl\/transparencia\/transparencia2022\/mecanismos-de-participacion-ciudadana\/designacion-de-ministro-de-fe-para-la-constitucion-de-organizaciones-funcionales-y-territoriales\/","title":{"rendered":"Designaci\u00f3n de Ministro de F\u00e9 para la constituci\u00f3n de Organizaciones Funcionales y Territoriales"},"content":{"rendered":"<section class=\"wpb-content-wrapper\"><p>[vc_row type=\u00bbgrid\u00bb][vc_column dp_animation=\u00bb\u00bb]<div id=\"ultimate-heading-890669de260fc48cd\" class=\"uvc-heading ult-adjust-bottom-margin ultimate-heading-890669de260fc48cd uvc-545 \" data-hspacer=\"line_only\"  data-halign=\"left\" style=\"text-align:left\"><div class=\"uvc-main-heading ult-responsive\"  data-ultimate-target='.uvc-heading.ultimate-heading-890669de260fc48cd h2'  data-responsive-json-new='{\"font-size\":\"\",\"line-height\":\"\"}' ><h2 style=\"font-weight:normal;color:#333333;margin-bottom:3px;\">Designaci\u00f3n de Ministro de F\u00e9 para la constituci\u00f3n de Organizaciones Funcionales y Territoriales<\/h2><\/div><div class=\"uvc-heading-spacer line_only\" style=\"margin-bottom:1px;height:2px;\"><span class=\"uvc-headings-line\" style=\"border-style:solid;border-bottom-width:2px;border-color:#5b5b5b;width:autopx;\"><\/span><\/div><\/div>[\/vc_column][\/vc_row][vc_row][vc_column][vc_column_text]<img decoding=\"async\" loading=\"lazy\" class=\"size-full wp-image-13734 alignleft\" style=\"margin-left: -5px; margin-right: 10px;\" src=\"http:\/\/www.maho.cl\/transparencia\/transparencia2014\/wp-content\/uploads\/2014\/02\/linkicon.png\" alt=\"linkicon\" width=\"60\" height=\"60\" \/><br \/>\n<a class=\"fancybox-iframe\" style=\"text-decoration: none;\" href=\"http:\/\/maho.cl\/\/categorias2021\/17-Categoria Mecanismos de participacion ciudadana\/Desig Minis de Fe para la constit de asoc o fund\/DA 30-2021 Ministro de fe.pdf\" target=\"_blank\" rel=\"noopener noreferrer\">Designaci\u00f3n Ministros de F\u00e9 &#8211; constituci\u00f3n de Organizaciones Territoriales Sector Municipal<\/a>[\/vc_column_text][\/vc_column][\/vc_row][vc_row][vc_column][vc_column_text]<img decoding=\"async\" loading=\"lazy\" class=\"size-full wp-image-13734 alignleft\" style=\"margin-left: -5px; margin-right: 10px;\" src=\"http:\/\/www.maho.cl\/transparencia\/transparencia2014\/wp-content\/uploads\/2014\/02\/linkicon.png\" alt=\"linkicon\" width=\"60\" height=\"60\" \/><br \/>\n<a class=\"fancybox-iframe\" style=\"text-decoration: none;\" href=\"http:\/\/maho.cl\/categorias2019\/17-Categoria%20Mecanismos%20de%20participacion%20ciudadana\/Desig%20Minis%20de%20Fe%20para%20la%20constit%20de%20asoc%20o%20fund\/2372-17E.pdf\" target=\"_blank\" rel=\"noopener noreferrer\">Designaci\u00f3n Ministros de F\u00e9 &#8211; constituci\u00f3n de Organizaciones Territoriales Sector Educaci\u00f3n<\/a>[\/vc_column_text][\/vc_column][\/vc_row]<\/p>\n<\/section>","protected":false},"excerpt":{"rendered":"<p>[vc_row type=\u00bbgrid\u00bb][vc_column dp_animation=\u00bb\u00bb][\/vc_column][\/vc_row][vc_row][vc_column][vc_column_text] Designaci\u00f3n Ministros de F\u00e9 &#8211; constituci\u00f3n de Organizaciones Territoriales Sector Municipal[\/vc_column_text][\/vc_column][\/vc_row][vc_row][vc_column][vc_column_text] Designaci\u00f3n Ministros de F\u00e9 &#8211; constituci\u00f3n de Organizaciones Territoriales Sector Educaci\u00f3n[\/vc_column_text][\/vc_column][\/vc_row]<\/p>\n","protected":false},"author":1,"featured_media":0,"parent":13361,"menu_order":0,"comment_status":"closed","ping_status":"closed","template":"","meta":[],"_links":{"self":[{"href":"https:\/\/www.maho.cl\/transparencia\/transparencia2022\/wp-json\/wp\/v2\/pages\/19232"}],"collection":[{"href":"https:\/\/www.maho.cl\/transparencia\/transparencia2022\/wp-json\/wp\/v2\/pages"}],"about":[{"href":"https:\/\/www.maho.cl\/transparencia\/transparencia2022\/wp-json\/wp\/v2\/types\/page"}],"author":[{"embeddable":true,"href":"https:\/\/www.maho.cl\/transparencia\/transparencia2022\/wp-json\/wp\/v2\/users\/1"}],"replies":[{"embeddable":true,"href":"https:\/\/www.maho.cl\/transparencia\/transparencia2022\/wp-json\/wp\/v2\/comments?post=19232"}],"version-history":[{"count":9,"href":"https:\/\/www.maho.cl\/transparencia\/transparencia2022\/wp-json\/wp\/v2\/pages\/19232\/revisions"}],"predecessor-version":[{"id":21484,"href":"https:\/\/www.maho.cl\/transparencia\/transparencia2022\/wp-json\/wp\/v2\/pages\/19232\/revisions\/21484"}],"up":[{"embeddable":true,"href":"https:\/\/www.maho.cl\/transparencia\/transparencia2022\/wp-json\/wp\/v2\/pages\/13361"}],"wp:attachment":[{"href":"https:\/\/www.maho.cl\/transparencia\/transparencia2022\/wp-json\/wp\/v2\/media?parent=19232"}],"curies":[{"name":"wp","href":"https:\/\/api.w.org\/{rel}","templated":true}]}}