{"id":13184,"date":"2014-02-15T23:45:16","date_gmt":"2014-02-15T23:45:16","guid":{"rendered":"http:\/\/localhost:8888\/transparencia014\/?page_id=13184"},"modified":"2023-06-12T12:58:26","modified_gmt":"2023-06-12T16:58:26","slug":"actos-de-efectos-particulares","status":"publish","type":"page","link":"https:\/\/www.maho.cl\/transparencia\/transparencia2023\/actos-y-resoluciones-sobre-terceros\/actos-de-efectos-particulares\/","title":{"rendered":"Actos de Efectos Particulares"},"content":{"rendered":"\t\t<div data-elementor-type=\"wp-page\" data-elementor-id=\"13184\" class=\"elementor elementor-13184\">\n\t\t\t\t\t\t\t\t\t<section class=\"elementor-section elementor-top-section elementor-element elementor-element-42f35f8 elementor-section-boxed elementor-section-height-default elementor-section-height-default\" data-id=\"42f35f8\" data-element_type=\"section\">\n\t\t\t\t\t\t<div class=\"elementor-container elementor-column-gap-default\">\n\t\t\t\t\t<div class=\"elementor-column elementor-col-50 elementor-top-column elementor-element elementor-element-4d817a1\" data-id=\"4d817a1\" data-element_type=\"column\">\n\t\t\t<div class=\"elementor-widget-wrap elementor-element-populated\">\n\t\t\t\t\t\t\t\t<div class=\"elementor-element elementor-element-3675127 elementor-widget elementor-widget-ova_heading\" data-id=\"3675127\" data-element_type=\"widget\" data-widget_type=\"ova_heading.default\">\n\t\t\t\t<div class=\"elementor-widget-container\">\n\t\t\t\t\t<div class=\"ova-heading\">\n\t\t\t\n\t\t\t\t\t\t\t<h3 class=\"title second_font\">Links de la Categor\u00eda<\/h3>\n\t\t\t\n\t\t\t\t\t\t\t<p class=\"sub-title \">Puedes navegar  desde aqu\u00ed esta  categor\u00eda<\/p>\n\t\t\t\n\t\t<\/div>\n\t\t\t\t<\/div>\n\t\t\t\t<\/div>\n\t\t\t\t<div class=\"elementor-element elementor-element-4472f87 elementor-widget elementor-widget-ova_feature_box\" data-id=\"4472f87\" data-element_type=\"widget\" data-widget_type=\"ova_feature_box.default\">\n\t\t\t\t<div class=\"elementor-widget-container\">\n\t\t\t\t\t<div class=\"ova_feature_box version_2\">\n\t\t\t<div class=\"ova-image\">\n\t\t\t\t<a href=\"https:\/\/www.maho.cl\/transparencia\/transparencia2023\/actos-y-resoluciones-sobre-terceros\/actos-de-efectos-particulares\/decretos-alcaldicios-sector-municipal\/\" title=\"Decretos Alcaldicios Sector Municipal\">\n\t\t\t\t\t\t\t\t\t\t\t\t\t\t\t\t<span class=\"flaticon-checked\"><\/span>\n\t\t\t\t\t\t\t\t\t<\/a>\n\t\t\t<\/div>\n\t\t\t<div class=\"ova-content\">\n\t\t\t\t<h3 class=\"title\">\n\t\t\t\t\t<a href=\"https:\/\/www.maho.cl\/transparencia\/transparencia2023\/actos-y-resoluciones-sobre-terceros\/actos-de-efectos-particulares\/decretos-alcaldicios-sector-municipal\/\">\n\t\t\t\t\t\tDecretos Alcaldicios Sector Municipal\t\t\t\t\t<\/a>\n\t\t\t\t<\/h3>\n\t\t\t\t\t\t\t\t\t\t\t\t<\/div>\n\n\t\t<\/div>\n\t\t\t\t<\/div>\n\t\t\t\t<\/div>\n\t\t\t\t<div class=\"elementor-element elementor-element-50eb964 elementor-widget elementor-widget-ova_feature_box\" data-id=\"50eb964\" data-element_type=\"widget\" data-widget_type=\"ova_feature_box.default\">\n\t\t\t\t<div class=\"elementor-widget-container\">\n\t\t\t\t\t<div class=\"ova_feature_box version_2\">\n\t\t\t<div class=\"ova-image\">\n\t\t\t\t<a href=\"https:\/\/www.maho.cl\/transparencia\/transparencia2023\/actos-y-resoluciones-sobre-terceros\/actos-de-efectos-particulares\/decretos-alcaldicios-sector-educacion\/\" title=\"Decretos Alcaldicios Sector Educaci\u00f3n\">\n\t\t\t\t\t\t\t\t\t\t\t\t\t\t\t\t<span class=\"flaticon-checked\"><\/span>\n\t\t\t\t\t\t\t\t\t<\/a>\n\t\t\t<\/div>\n\t\t\t<div class=\"ova-content\">\n\t\t\t\t<h3 class=\"title\">\n\t\t\t\t\t<a href=\"https:\/\/www.maho.cl\/transparencia\/transparencia2023\/actos-y-resoluciones-sobre-terceros\/actos-de-efectos-particulares\/decretos-alcaldicios-sector-educacion\/\">\n\t\t\t\t\t\tDecretos Alcaldicios Sector Educaci\u00f3n\t\t\t\t\t<\/a>\n\t\t\t\t<\/h3>\n\t\t\t\t\t\t\t\t\t\t\t\t<\/div>\n\n\t\t<\/div>\n\t\t\t\t<\/div>\n\t\t\t\t<\/div>\n\t\t\t\t<div class=\"elementor-element elementor-element-568ce68 elementor-widget elementor-widget-ova_feature_box\" data-id=\"568ce68\" data-element_type=\"widget\" data-widget_type=\"ova_feature_box.default\">\n\t\t\t\t<div class=\"elementor-widget-container\">\n\t\t\t\t\t<div class=\"ova_feature_box version_2\">\n\t\t\t<div class=\"ova-image\">\n\t\t\t\t<a href=\"https:\/\/www.maho.cl\/transparencia\/transparencia2023\/actos-y-resoluciones-sobre-terceros\/actos-de-efectos-particulares\/decretos-alcaldicios-sector-salud\/\" title=\"Decretos Alcaldicios Sector Salud\">\n\t\t\t\t\t\t\t\t\t\t\t\t\t\t\t\t<span class=\"flaticon-checked\"><\/span>\n\t\t\t\t\t\t\t\t\t<\/a>\n\t\t\t<\/div>\n\t\t\t<div class=\"ova-content\">\n\t\t\t\t<h3 class=\"title\">\n\t\t\t\t\t<a href=\"https:\/\/www.maho.cl\/transparencia\/transparencia2023\/actos-y-resoluciones-sobre-terceros\/actos-de-efectos-particulares\/decretos-alcaldicios-sector-salud\/\">\n\t\t\t\t\t\tDecretos Alcaldicios Sector Salud\t\t\t\t\t<\/a>\n\t\t\t\t<\/h3>\n\t\t\t\t\t\t\t\t\t\t\t\t<\/div>\n\n\t\t<\/div>\n\t\t\t\t<\/div>\n\t\t\t\t<\/div>\n\t\t\t\t<div class=\"elementor-element elementor-element-bed5917 elementor-widget elementor-widget-ova_feature_box\" data-id=\"bed5917\" data-element_type=\"widget\" data-widget_type=\"ova_feature_box.default\">\n\t\t\t\t<div class=\"elementor-widget-container\">\n\t\t\t\t\t<div class=\"ova_feature_box version_2\">\n\t\t\t<div class=\"ova-image\">\n\t\t\t\t<a href=\"https:\/\/www.maho.cl\/transparencia\/transparencia2023\/actos-y-resoluciones-sobre-terceros\/actos-de-efectos-particulares\/sumarios-e-investigaciones-sumarias\/\" title=\"Sumarios e Investigaciones Sumarias\">\n\t\t\t\t\t\t\t\t\t\t\t\t\t\t\t\t<span class=\"flaticon-checked\"><\/span>\n\t\t\t\t\t\t\t\t\t<\/a>\n\t\t\t<\/div>\n\t\t\t<div class=\"ova-content\">\n\t\t\t\t<h3 class=\"title\">\n\t\t\t\t\t<a href=\"https:\/\/www.maho.cl\/transparencia\/transparencia2023\/actos-y-resoluciones-sobre-terceros\/actos-de-efectos-particulares\/sumarios-e-investigaciones-sumarias\/\">\n\t\t\t\t\t\tSumarios e Investigaciones Sumarias\t\t\t\t\t<\/a>\n\t\t\t\t<\/h3>\n\t\t\t\t\t\t\t\t\t\t\t\t<\/div>\n\n\t\t<\/div>\n\t\t\t\t<\/div>\n\t\t\t\t<\/div>\n\t\t\t\t<div class=\"elementor-element elementor-element-235a8ed elementor-widget elementor-widget-ova_feature_box\" data-id=\"235a8ed\" data-element_type=\"widget\" data-widget_type=\"ova_feature_box.default\">\n\t\t\t\t<div class=\"elementor-widget-container\">\n\t\t\t\t\t<div class=\"ova_feature_box version_2\">\n\t\t\t<div class=\"ova-image\">\n\t\t\t\t<a href=\"https:\/\/www.maho.cl\/transparencia\/transparencia2023\/actos-y-resoluciones-sobre-terceros\/actos-de-efectos-particulares\/decretos-alcaldicios-sector-cementerio\/\" title=\"Decretos Alcaldicios Sector Cementerio\">\n\t\t\t\t\t\t\t\t\t\t\t\t\t\t\t\t<span class=\"flaticon-checked\"><\/span>\n\t\t\t\t\t\t\t\t\t<\/a>\n\t\t\t<\/div>\n\t\t\t<div class=\"ova-content\">\n\t\t\t\t<h3 class=\"title\">\n\t\t\t\t\t<a href=\"https:\/\/www.maho.cl\/transparencia\/transparencia2023\/actos-y-resoluciones-sobre-terceros\/actos-de-efectos-particulares\/decretos-alcaldicios-sector-cementerio\/\">\n\t\t\t\t\t\tDecretos Alcaldicios Sector Cementerio\t\t\t\t\t<\/a>\n\t\t\t\t<\/h3>\n\t\t\t\t\t\t\t\t\t\t\t\t<\/div>\n\n\t\t<\/div>\n\t\t\t\t<\/div>\n\t\t\t\t<\/div>\n\t\t\t\t\t<\/div>\n\t\t<\/div>\n\t\t\t\t<div class=\"elementor-column elementor-col-50 elementor-top-column elementor-element elementor-element-f344ec3\" data-id=\"f344ec3\" data-element_type=\"column\">\n\t\t\t<div class=\"elementor-widget-wrap\">\n\t\t\t\t\t\t\t\t\t<\/div>\n\t\t<\/div>\n\t\t\t\t\t\t\t<\/div>\n\t\t<\/section>\n\t\t\t\t<section class=\"elementor-section elementor-top-section elementor-element elementor-element-526d71ea elementor-section-boxed elementor-section-height-default elementor-section-height-default\" data-id=\"526d71ea\" data-element_type=\"section\">\n\t\t\t\t\t\t<div class=\"elementor-container elementor-column-gap-default\">\n\t\t\t\t\t<div class=\"elementor-column elementor-col-100 elementor-top-column elementor-element elementor-element-5f8cc5a4\" data-id=\"5f8cc5a4\" data-element_type=\"column\">\n\t\t\t<div class=\"elementor-widget-wrap elementor-element-populated\">\n\t\t\t\t\t\t\t\t<div class=\"elementor-element elementor-element-4ddb3fce elementor-widget elementor-widget-text-editor\" data-id=\"4ddb3fce\" data-element_type=\"widget\" data-widget_type=\"text-editor.default\">\n\t\t\t\t<div class=\"elementor-widget-container\">\n\t\t\t<style>\/*! elementor - v3.18.0 - 20-12-2023 *\/\n.elementor-widget-text-editor.elementor-drop-cap-view-stacked .elementor-drop-cap{background-color:#69727d;color:#fff}.elementor-widget-text-editor.elementor-drop-cap-view-framed .elementor-drop-cap{color:#69727d;border:3px solid;background-color:transparent}.elementor-widget-text-editor:not(.elementor-drop-cap-view-default) .elementor-drop-cap{margin-top:8px}.elementor-widget-text-editor:not(.elementor-drop-cap-view-default) .elementor-drop-cap-letter{width:1em;height:1em}.elementor-widget-text-editor .elementor-drop-cap{float:left;text-align:center;line-height:1;font-size:50px}.elementor-widget-text-editor .elementor-drop-cap-letter{display:inline-block}<\/style>\t\t\t\t<h4>\u201cNota: Solo se visualizan aquellas categor\u00edas que presentan movimiento, es decir aquellas que no se encuentran en el mes respectivo es porque no tuvieron movimiento\u201d.<\/h4>\t\t\t\t\t\t<\/div>\n\t\t\t\t<\/div>\n\t\t\t\t\t<\/div>\n\t\t<\/div>\n\t\t\t\t\t\t\t<\/div>\n\t\t<\/section>\n\t\t\t\t\t\t\t<\/div>\n\t\t","protected":false},"excerpt":{"rendered":"<p>Links de la Categor\u00eda Puedes navegar desde aqu\u00ed esta categor\u00eda Decretos Alcaldicios Sector Municipal Decretos Alcaldicios Sector Educaci\u00f3n Decretos Alcaldicios Sector Salud Sumarios e Investigaciones Sumarias Decretos Alcaldicios Sector Cementerio \u201cNota: Solo se visualizan aquellas categor\u00edas que presentan movimiento, es decir aquellas que no se encuentran en el mes respectivo es porque no tuvieron movimiento\u201d.<\/p>\n","protected":false},"author":1,"featured_media":0,"parent":13180,"menu_order":0,"comment_status":"closed","ping_status":"closed","template":"","meta":{"footnotes":""},"_links":{"self":[{"href":"https:\/\/www.maho.cl\/transparencia\/transparencia2023\/wp-json\/wp\/v2\/pages\/13184"}],"collection":[{"href":"https:\/\/www.maho.cl\/transparencia\/transparencia2023\/wp-json\/wp\/v2\/pages"}],"about":[{"href":"https:\/\/www.maho.cl\/transparencia\/transparencia2023\/wp-json\/wp\/v2\/types\/page"}],"author":[{"embeddable":true,"href":"https:\/\/www.maho.cl\/transparencia\/transparencia2023\/wp-json\/wp\/v2\/users\/1"}],"replies":[{"embeddable":true,"href":"https:\/\/www.maho.cl\/transparencia\/transparencia2023\/wp-json\/wp\/v2\/comments?post=13184"}],"version-history":[{"count":11,"href":"https:\/\/www.maho.cl\/transparencia\/transparencia2023\/wp-json\/wp\/v2\/pages\/13184\/revisions"}],"predecessor-version":[{"id":25051,"href":"https:\/\/www.maho.cl\/transparencia\/transparencia2023\/wp-json\/wp\/v2\/pages\/13184\/revisions\/25051"}],"up":[{"embeddable":true,"href":"https:\/\/www.maho.cl\/transparencia\/transparencia2023\/wp-json\/wp\/v2\/pages\/13180"}],"wp:attachment":[{"href":"https:\/\/www.maho.cl\/transparencia\/transparencia2023\/wp-json\/wp\/v2\/media?parent=13184"}],"curies":[{"name":"wp","href":"https:\/\/api.w.org\/{rel}","templated":true}]}}