{"id":13250,"date":"2014-02-16T21:21:55","date_gmt":"2014-02-16T21:21:55","guid":{"rendered":"http:\/\/localhost:8888\/transparencia014\/?page_id=13250"},"modified":"2023-06-23T18:39:09","modified_gmt":"2023-06-23T22:39:09","slug":"organigrama-y-funciones-organos-municipio","status":"publish","type":"page","link":"https:\/\/www.maho.cl\/transparencia\/transparencia2023\/organigrama-y-funciones-organos-municipio\/","title":{"rendered":"Organigrama y Funciones Organos Municipio"},"content":{"rendered":"\t\t<div data-elementor-type=\"wp-page\" data-elementor-id=\"13250\" class=\"elementor elementor-13250\">\n\t\t\t\t\t\t\t\t\t<section class=\"elementor-section elementor-top-section elementor-element elementor-element-ed93ffb elementor-section-boxed elementor-section-height-default elementor-section-height-default\" data-id=\"ed93ffb\" data-element_type=\"section\">\n\t\t\t\t\t\t<div class=\"elementor-container elementor-column-gap-default\">\n\t\t\t\t\t<div class=\"elementor-column elementor-col-50 elementor-top-column elementor-element elementor-element-a9de4f8\" data-id=\"a9de4f8\" data-element_type=\"column\">\n\t\t\t<div class=\"elementor-widget-wrap elementor-element-populated\">\n\t\t\t\t\t\t\t\t<div class=\"elementor-element elementor-element-a74896e elementor-widget elementor-widget-ova_heading\" data-id=\"a74896e\" data-element_type=\"widget\" data-widget_type=\"ova_heading.default\">\n\t\t\t\t<div class=\"elementor-widget-container\">\n\t\t\t\t\t<div class=\"ova-heading\">\n\t\t\t\n\t\t\t\t\t\t\t<h3 class=\"title second_font\">Links de la Categor\u00eda<\/h3>\n\t\t\t\n\t\t\t\t\t\t\t<p class=\"sub-title \">Puedes navegar  desde aqu\u00ed esta  categor\u00eda<\/p>\n\t\t\t\n\t\t<\/div>\n\t\t\t\t<\/div>\n\t\t\t\t<\/div>\n\t\t\t\t<div class=\"elementor-element elementor-element-37c60d4 elementor-widget elementor-widget-ova_feature_box\" data-id=\"37c60d4\" data-element_type=\"widget\" data-widget_type=\"ova_feature_box.default\">\n\t\t\t\t<div class=\"elementor-widget-container\">\n\t\t\t\t\t<div class=\"ova_feature_box version_2\">\n\t\t\t<div class=\"ova-image\">\n\t\t\t\t<a href=\"https:\/\/www.maho.cl\/transparencia\/transparencia2023\/potestades-funciones-y-marco-normativo-aplicable-al-municipio\/potestades-al-organismo\/\" title=\"Organigrama General Maho\">\n\t\t\t\t\t\t\t\t\t\t\t\t\t\t\t\t<span class=\"flaticon-checked\"><\/span>\n\t\t\t\t\t\t\t\t\t<\/a>\n\t\t\t<\/div>\n\t\t\t<div class=\"ova-content\">\n\t\t\t\t<h3 class=\"title\">\n\t\t\t\t\t<a href=\"https:\/\/www.maho.cl\/transparencia\/transparencia2023\/potestades-funciones-y-marco-normativo-aplicable-al-municipio\/potestades-al-organismo\/\">\n\t\t\t\t\t\tOrganigrama General Maho\t\t\t\t\t<\/a>\n\t\t\t\t<\/h3>\n\t\t\t\t\t\t\t\t\t\t\t\t<\/div>\n\n\t\t<\/div>\n\t\t\t\t<\/div>\n\t\t\t\t<\/div>\n\t\t\t\t<div class=\"elementor-element elementor-element-fbe6aed elementor-widget elementor-widget-ova_feature_box\" data-id=\"fbe6aed\" data-element_type=\"widget\" data-widget_type=\"ova_feature_box.default\">\n\t\t\t\t<div class=\"elementor-widget-container\">\n\t\t\t\t\t<div class=\"ova_feature_box version_2\">\n\t\t\t<div class=\"ova-image\">\n\t\t\t\t<a href=\"https:\/\/www.maho.cl\/transparencia\/transparencia2023\/organigrama-y-funciones-organos-municipio\/facultades-funciones-y-atribuciones-decreto-con-fuerza-de-ley-n-18-695\/\" title=\"Facultades, Funciones y Atribuciones , Decreto con Fuerza de Ley N\u00b0 18.695\">\n\t\t\t\t\t\t\t\t\t\t\t\t\t\t\t\t<span class=\"flaticon-checked\"><\/span>\n\t\t\t\t\t\t\t\t\t<\/a>\n\t\t\t<\/div>\n\t\t\t<div class=\"ova-content\">\n\t\t\t\t<h3 class=\"title\">\n\t\t\t\t\t<a href=\"https:\/\/www.maho.cl\/transparencia\/transparencia2023\/organigrama-y-funciones-organos-municipio\/facultades-funciones-y-atribuciones-decreto-con-fuerza-de-ley-n-18-695\/\">\n\t\t\t\t\t\tFacultades, Funciones y Atribuciones , Decreto con Fuerza de Ley N\u00b0 18.695\t\t\t\t\t<\/a>\n\t\t\t\t<\/h3>\n\t\t\t\t\t\t\t\t\t\t\t\t<\/div>\n\n\t\t<\/div>\n\t\t\t\t<\/div>\n\t\t\t\t<\/div>\n\t\t\t\t<div class=\"elementor-element elementor-element-66a02be elementor-widget elementor-widget-ova_feature_box\" data-id=\"66a02be\" data-element_type=\"widget\" data-widget_type=\"ova_feature_box.default\">\n\t\t\t\t<div class=\"elementor-widget-container\">\n\t\t\t\t\t<div class=\"ova_feature_box version_2\">\n\t\t\t<div class=\"ova-image\">\n\t\t\t\t<a href=\"https:\/\/www.maho.cl\/transparencia\/transparencia2023\/organigrama-y-funciones-organos-municipio\/ley-organica-constitucional-municipalidades-no18695\/\" title=\"Ley Org\u00e1nica Constitucional Municipalidades N\u00ba18695\">\n\t\t\t\t\t\t\t\t\t\t\t\t\t\t\t\t<span class=\"flaticon-checked\"><\/span>\n\t\t\t\t\t\t\t\t\t<\/a>\n\t\t\t<\/div>\n\t\t\t<div class=\"ova-content\">\n\t\t\t\t<h3 class=\"title\">\n\t\t\t\t\t<a href=\"https:\/\/www.maho.cl\/transparencia\/transparencia2023\/organigrama-y-funciones-organos-municipio\/ley-organica-constitucional-municipalidades-no18695\/\">\n\t\t\t\t\t\tLey Org\u00e1nica Constitucional Municipalidades N\u00ba18695\t\t\t\t\t<\/a>\n\t\t\t\t<\/h3>\n\t\t\t\t\t\t\t\t\t\t\t\t<\/div>\n\n\t\t<\/div>\n\t\t\t\t<\/div>\n\t\t\t\t<\/div>\n\t\t\t\t\t<\/div>\n\t\t<\/div>\n\t\t\t\t<div class=\"elementor-column elementor-col-50 elementor-top-column elementor-element elementor-element-04d8c02\" data-id=\"04d8c02\" data-element_type=\"column\">\n\t\t\t<div class=\"elementor-widget-wrap\">\n\t\t\t\t\t\t\t\t\t<\/div>\n\t\t<\/div>\n\t\t\t\t\t\t\t<\/div>\n\t\t<\/section>\n\t\t\t\t\t\t\t<\/div>\n\t\t","protected":false},"excerpt":{"rendered":"<p>Links de la Categor\u00eda Puedes navegar desde aqu\u00ed esta categor\u00eda Organigrama General Maho Facultades, Funciones y Atribuciones , Decreto con Fuerza de Ley N\u00b0 18.695 Ley Org\u00e1nica Constitucional Municipalidades N\u00ba18695<\/p>\n","protected":false},"author":1,"featured_media":0,"parent":0,"menu_order":0,"comment_status":"closed","ping_status":"closed","template":"","meta":{"footnotes":""},"_links":{"self":[{"href":"https:\/\/www.maho.cl\/transparencia\/transparencia2023\/wp-json\/wp\/v2\/pages\/13250"}],"collection":[{"href":"https:\/\/www.maho.cl\/transparencia\/transparencia2023\/wp-json\/wp\/v2\/pages"}],"about":[{"href":"https:\/\/www.maho.cl\/transparencia\/transparencia2023\/wp-json\/wp\/v2\/types\/page"}],"author":[{"embeddable":true,"href":"https:\/\/www.maho.cl\/transparencia\/transparencia2023\/wp-json\/wp\/v2\/users\/1"}],"replies":[{"embeddable":true,"href":"https:\/\/www.maho.cl\/transparencia\/transparencia2023\/wp-json\/wp\/v2\/comments?post=13250"}],"version-history":[{"count":10,"href":"https:\/\/www.maho.cl\/transparencia\/transparencia2023\/wp-json\/wp\/v2\/pages\/13250\/revisions"}],"predecessor-version":[{"id":25292,"href":"https:\/\/www.maho.cl\/transparencia\/transparencia2023\/wp-json\/wp\/v2\/pages\/13250\/revisions\/25292"}],"wp:attachment":[{"href":"https:\/\/www.maho.cl\/transparencia\/transparencia2023\/wp-json\/wp\/v2\/media?parent=13250"}],"curies":[{"name":"wp","href":"https:\/\/api.w.org\/{rel}","templated":true}]}}