{"id":19625,"date":"2019-08-07T18:49:35","date_gmt":"2019-08-07T22:49:35","guid":{"rendered":"http:\/\/www.maho.cl\/transparencia\/transparencia2019\/?page_id=19625"},"modified":"2023-01-29T12:17:31","modified_gmt":"2023-01-29T15:17:31","slug":"mas-informacion-y-otros-tramites","status":"publish","type":"page","link":"https:\/\/www.maho.cl\/transparencia\/transparencia2023\/mas-informacion-y-otros-tramites\/","title":{"rendered":"M\u00e1s Informaci\u00f3n y Otros Tr\u00e1mites"},"content":{"rendered":"\t\t<div data-elementor-type=\"wp-page\" data-elementor-id=\"19625\" class=\"elementor elementor-19625\">\n\t\t\t\t\t\t\t\t\t<section class=\"elementor-section elementor-top-section elementor-element elementor-element-2b28e3d elementor-section-boxed elementor-section-height-default elementor-section-height-default\" data-id=\"2b28e3d\" data-element_type=\"section\">\n\t\t\t\t\t\t<div class=\"elementor-container elementor-column-gap-default\">\n\t\t\t\t\t<div class=\"elementor-column elementor-col-100 elementor-top-column elementor-element elementor-element-5c72a8c\" data-id=\"5c72a8c\" data-element_type=\"column\">\n\t\t\t<div class=\"elementor-widget-wrap elementor-element-populated\">\n\t\t\t\t\t\t\t\t<div class=\"elementor-element elementor-element-2546b37 elementor-widget elementor-widget-wpfd_choose_category\" data-id=\"2546b37\" data-element_type=\"widget\" data-widget_type=\"wpfd_choose_category.default\">\n\t\t\t\t<div class=\"elementor-widget-container\">\n\t\t\t<div id=\"wpfd-elementor-category\" class=\"wpfd-elementor-category\"><div class=\"wpfd-empty-category-message-section\"><p class=\"wpfd-empty-category-message\">Esta Categor\u00eda A\u00fan No Genera Archivos!<\/p><\/div><\/div>\t\t<\/div>\n\t\t\t\t<\/div>\n\t\t\t\t\t<\/div>\n\t\t<\/div>\n\t\t\t\t\t\t\t<\/div>\n\t\t<\/section>\n\t\t\t\t\t\t\t<\/div>\n\t\t","protected":false},"excerpt":{"rendered":"<p>There are no files in this category<\/p>\n","protected":false},"author":1,"featured_media":0,"parent":0,"menu_order":0,"comment_status":"closed","ping_status":"closed","template":"","meta":{"footnotes":""},"_links":{"self":[{"href":"https:\/\/www.maho.cl\/transparencia\/transparencia2023\/wp-json\/wp\/v2\/pages\/19625"}],"collection":[{"href":"https:\/\/www.maho.cl\/transparencia\/transparencia2023\/wp-json\/wp\/v2\/pages"}],"about":[{"href":"https:\/\/www.maho.cl\/transparencia\/transparencia2023\/wp-json\/wp\/v2\/types\/page"}],"author":[{"embeddable":true,"href":"https:\/\/www.maho.cl\/transparencia\/transparencia2023\/wp-json\/wp\/v2\/users\/1"}],"replies":[{"embeddable":true,"href":"https:\/\/www.maho.cl\/transparencia\/transparencia2023\/wp-json\/wp\/v2\/comments?post=19625"}],"version-history":[{"count":9,"href":"https:\/\/www.maho.cl\/transparencia\/transparencia2023\/wp-json\/wp\/v2\/pages\/19625\/revisions"}],"predecessor-version":[{"id":23151,"href":"https:\/\/www.maho.cl\/transparencia\/transparencia2023\/wp-json\/wp\/v2\/pages\/19625\/revisions\/23151"}],"wp:attachment":[{"href":"https:\/\/www.maho.cl\/transparencia\/transparencia2023\/wp-json\/wp\/v2\/media?parent=19625"}],"curies":[{"name":"wp","href":"https:\/\/api.w.org\/{rel}","templated":true}]}}