{"id":13180,"date":"2014-02-15T23:44:20","date_gmt":"2014-02-15T23:44:20","guid":{"rendered":"http:\/\/localhost:8888\/transparencia014\/?page_id=13180"},"modified":"2025-09-29T18:05:15","modified_gmt":"2025-09-29T21:05:15","slug":"actos-y-resoluciones-sobre-terceros","status":"publish","type":"page","link":"https:\/\/www.maho.cl\/transparencia\/transparencia2025\/actos-y-resoluciones-sobre-terceros\/","title":{"rendered":"Actos y Resoluciones Sobre Terceros"},"content":{"rendered":"\t\t<div data-elementor-type=\"wp-page\" data-elementor-id=\"13180\" class=\"elementor elementor-13180\">\n\t\t\t\t\t\t\t\t\t<section class=\"elementor-section elementor-top-section elementor-element elementor-element-49fba06 elementor-section-boxed elementor-section-height-default elementor-section-height-default\" data-id=\"49fba06\" data-element_type=\"section\">\n\t\t\t\t\t\t<div class=\"elementor-container elementor-column-gap-default\">\n\t\t\t\t\t<div class=\"elementor-column elementor-col-50 elementor-top-column elementor-element elementor-element-8fec350\" data-id=\"8fec350\" data-element_type=\"column\">\n\t\t\t<div class=\"elementor-widget-wrap elementor-element-populated\">\n\t\t\t\t\t\t\t\t<div class=\"elementor-element elementor-element-8eef662 elementor-widget elementor-widget-ova_heading\" data-id=\"8eef662\" data-element_type=\"widget\" data-widget_type=\"ova_heading.default\">\n\t\t\t\t<div class=\"elementor-widget-container\">\n\t\t\t\t\t<div class=\"ova-heading\">\n\t\t\t\n\t\t\t\t\t\t\t<h3 class=\"title second_font\">Links de la Categor\u00eda<\/h3>\n\t\t\t\n\t\t\t\t\t\t\t<p class=\"sub-title \">Puedes navegar  desde aqu\u00ed esta  categor\u00eda<\/p>\n\t\t\t\n\t\t<\/div>\n\t\t\t\t<\/div>\n\t\t\t\t<\/div>\n\t\t\t\t<div class=\"elementor-element elementor-element-998751d elementor-widget elementor-widget-ova_feature_box\" data-id=\"998751d\" data-element_type=\"widget\" data-widget_type=\"ova_feature_box.default\">\n\t\t\t\t<div class=\"elementor-widget-container\">\n\t\t\t\t\t<div class=\"ova_feature_box version_2\">\n\t\t\t<div class=\"ova-image\">\n\t\t\t\t<a href=\"https:\/\/www.maho.cl\/transparencia\/transparencia2025\/materias-de-orden-juridico\/estado-de-juicios\/\" title=\"Actos de Efectos Generales\">\n\t\t\t\t\t\t\t\t\t\t\t\t\t\t\t\t<span class=\"flaticon-checked\"><\/span>\n\t\t\t\t\t\t\t\t\t<\/a>\n\t\t\t<\/div>\n\t\t\t<div class=\"ova-content\">\n\t\t\t\t<h3 class=\"title\">\n\t\t\t\t\t<a href=\"https:\/\/www.maho.cl\/transparencia\/transparencia2025\/materias-de-orden-juridico\/estado-de-juicios\/\">\n\t\t\t\t\t\tActos de Efectos Generales\t\t\t\t\t<\/a>\n\t\t\t\t<\/h3>\n\t\t\t\t\t\t\t\t\t\t\t\t<\/div>\n\n\t\t<\/div>\n\t\t\t\t<\/div>\n\t\t\t\t<\/div>\n\t\t\t\t<div class=\"elementor-element elementor-element-f38e51b elementor-widget elementor-widget-ova_feature_box\" data-id=\"f38e51b\" data-element_type=\"widget\" data-widget_type=\"ova_feature_box.default\">\n\t\t\t\t<div class=\"elementor-widget-container\">\n\t\t\t\t\t<div class=\"ova_feature_box version_2\">\n\t\t\t<div class=\"ova-image\">\n\t\t\t\t<a href=\"https:\/\/www.maho.cl\/transparencia\/transparencia2025\/actos-y-resoluciones-sobre-terceros\/actos-de-efectos-particulares\/\" title=\"Dict\u00e1menes Contralor\u00eda\">\n\t\t\t\t\t\t\t\t\t\t\t\t\t\t\t\t<span class=\"flaticon-checked\"><\/span>\n\t\t\t\t\t\t\t\t\t<\/a>\n\t\t\t<\/div>\n\t\t\t<div class=\"ova-content\">\n\t\t\t\t<h3 class=\"title\">\n\t\t\t\t\t<a href=\"https:\/\/www.maho.cl\/transparencia\/transparencia2025\/actos-y-resoluciones-sobre-terceros\/actos-de-efectos-particulares\/\">\n\t\t\t\t\t\tDict\u00e1menes Contralor\u00eda\t\t\t\t\t<\/a>\n\t\t\t\t<\/h3>\n\t\t\t\t\t\t\t\t\t\t\t\t<\/div>\n\n\t\t<\/div>\n\t\t\t\t<\/div>\n\t\t\t\t<\/div>\n\t\t\t\t<div class=\"elementor-element elementor-element-bc7a42e elementor-widget elementor-widget-ova_feature_box\" data-id=\"bc7a42e\" data-element_type=\"widget\" data-widget_type=\"ova_feature_box.default\">\n\t\t\t\t<div class=\"elementor-widget-container\">\n\t\t\t\t\t<div class=\"ova_feature_box version_2\">\n\t\t\t<div class=\"ova-image\">\n\t\t\t\t<a href=\"https:\/\/www.maho.cl\/transparencia\/transparencia2025\/actos-y-resoluciones-sobre-terceros\/asoc-de-municipalidades-de-la-prov-de-iquique-para-gestion-ambiental-de-residuos\/\" title=\"Asoc. de Municipalidades de la Prov. de Iquique para Gesti\u00f3n Ambiental de Residuos\">\n\t\t\t\t\t\t\t\t\t\t\t\t\t\t\t\t<span class=\"flaticon-checked\"><\/span>\n\t\t\t\t\t\t\t\t\t<\/a>\n\t\t\t<\/div>\n\t\t\t<div class=\"ova-content\">\n\t\t\t\t<h3 class=\"title\">\n\t\t\t\t\t<a href=\"https:\/\/www.maho.cl\/transparencia\/transparencia2025\/actos-y-resoluciones-sobre-terceros\/asoc-de-municipalidades-de-la-prov-de-iquique-para-gestion-ambiental-de-residuos\/\">\n\t\t\t\t\t\tAsoc. de Municipalidades de la Prov. de Iquique para Gesti\u00f3n Ambiental de Residuos\t\t\t\t\t<\/a>\n\t\t\t\t<\/h3>\n\t\t\t\t\t\t\t\t\t\t\t\t<\/div>\n\n\t\t<\/div>\n\t\t\t\t<\/div>\n\t\t\t\t<\/div>\n\t\t\t\t\t<\/div>\n\t\t<\/div>\n\t\t\t\t<div class=\"elementor-column elementor-col-50 elementor-top-column elementor-element elementor-element-2d4d9b3\" data-id=\"2d4d9b3\" data-element_type=\"column\">\n\t\t\t<div class=\"elementor-widget-wrap\">\n\t\t\t\t\t\t\t\t\t<\/div>\n\t\t<\/div>\n\t\t\t\t\t\t\t<\/div>\n\t\t<\/section>\n\t\t\t\t\t\t\t<\/div>\n\t\t","protected":false},"excerpt":{"rendered":"<p>Links de la Categor\u00eda Puedes navegar desde aqu\u00ed esta categor\u00eda Actos de Efectos Generales Dict\u00e1menes Contralor\u00eda Asoc. de Municipalidades de la Prov. de Iquique para Gesti\u00f3n Ambiental de Residuos<\/p>\n","protected":false},"author":1,"featured_media":0,"parent":0,"menu_order":0,"comment_status":"closed","ping_status":"closed","template":"","meta":{"footnotes":""},"class_list":["post-13180","page","type-page","status-publish","hentry"],"_links":{"self":[{"href":"https:\/\/www.maho.cl\/transparencia\/transparencia2025\/wp-json\/wp\/v2\/pages\/13180","targetHints":{"allow":["GET"]}}],"collection":[{"href":"https:\/\/www.maho.cl\/transparencia\/transparencia2025\/wp-json\/wp\/v2\/pages"}],"about":[{"href":"https:\/\/www.maho.cl\/transparencia\/transparencia2025\/wp-json\/wp\/v2\/types\/page"}],"author":[{"embeddable":true,"href":"https:\/\/www.maho.cl\/transparencia\/transparencia2025\/wp-json\/wp\/v2\/users\/1"}],"replies":[{"embeddable":true,"href":"https:\/\/www.maho.cl\/transparencia\/transparencia2025\/wp-json\/wp\/v2\/comments?post=13180"}],"version-history":[{"count":8,"href":"https:\/\/www.maho.cl\/transparencia\/transparencia2025\/wp-json\/wp\/v2\/pages\/13180\/revisions"}],"predecessor-version":[{"id":32234,"href":"https:\/\/www.maho.cl\/transparencia\/transparencia2025\/wp-json\/wp\/v2\/pages\/13180\/revisions\/32234"}],"wp:attachment":[{"href":"https:\/\/www.maho.cl\/transparencia\/transparencia2025\/wp-json\/wp\/v2\/media?parent=13180"}],"curies":[{"name":"wp","href":"https:\/\/api.w.org\/{rel}","templated":true}]}}