{"id":14082,"date":"2014-03-07T20:04:16","date_gmt":"2014-03-07T23:04:16","guid":{"rendered":"http:\/\/www.maho.cl\/transparencia\/transparencia2014\/?page_id=14082"},"modified":"2025-09-29T18:15:56","modified_gmt":"2025-09-29T21:15:56","slug":"archivos-anteriores","status":"publish","type":"page","link":"https:\/\/www.maho.cl\/transparencia\/transparencia2025\/archivos-anteriores\/","title":{"rendered":"Transparencia A\u00f1os Anteriores"},"content":{"rendered":"\t\t<div data-elementor-type=\"wp-page\" data-elementor-id=\"14082\" class=\"elementor elementor-14082\">\n\t\t\t\t\t\t\t\t\t<section class=\"elementor-section elementor-top-section elementor-element elementor-element-a9e7d7f elementor-section-boxed elementor-section-height-default elementor-section-height-default\" data-id=\"a9e7d7f\" data-element_type=\"section\">\n\t\t\t\t\t\t<div class=\"elementor-container elementor-column-gap-default\">\n\t\t\t\t\t<div class=\"elementor-column elementor-col-100 elementor-top-column elementor-element elementor-element-5e89e70\" data-id=\"5e89e70\" data-element_type=\"column\">\n\t\t\t<div class=\"elementor-widget-wrap elementor-element-populated\">\n\t\t\t\t\t\t\t\t<section class=\"elementor-section elementor-inner-section elementor-element elementor-element-092372a elementor-section-boxed elementor-section-height-default elementor-section-height-default\" data-id=\"092372a\" data-element_type=\"section\">\n\t\t\t\t\t\t<div class=\"elementor-container elementor-column-gap-default\">\n\t\t\t\t\t<div class=\"elementor-column elementor-col-33 elementor-inner-column elementor-element elementor-element-e6daafa\" data-id=\"e6daafa\" data-element_type=\"column\">\n\t\t\t<div class=\"elementor-widget-wrap elementor-element-populated\">\n\t\t\t\t\t\t\t\t<div class=\"elementor-element elementor-element-6670eb1 elementor-widget elementor-widget-ova_box_feature_2\" data-id=\"6670eb1\" data-element_type=\"widget\" data-widget_type=\"ova_box_feature_2.default\">\n\t\t\t\t<div class=\"elementor-widget-container\">\n\t\t\t\t\t\n\t\t<div class=\"ova_box_feature_2\">\n\t\t\t\t\t\t\t<div class=\"icon\">\n\t\t\t\t\t<i class=\"flaticon-briefcase\"><\/i>\n\t\t\t\t<\/div>\n\t\t\t\n\t\t\t\n\t\t\t\t\t\t\t<h3 class=\"title\">\n\t\t\t\t\tTransparencia 2009\t\t\t\t<\/h3>\n\t\t\t\n\t\t\t\t\t\t\t<p class=\"excerpt\">\n\t\t\t\t\t<br>\t\t\t\t<\/p>\n\t\t\t\n\t\t\t\t\t\t\t<div class=\"readmore\">\n\t\t\t\t\t<a class=\"second_font\" href=\"https:\/\/www.maho.cl\/transparencia\/trasnparenciaprev\/index.php?option=com_remository&amp;Itemid=104&amp;func=select&amp;id=22959\" target=&quot;_blank&quot;>Ver A\u00f1o 2009<\/a>\n\t\t\t\t<\/div>\n\t\t\t\n\t\t<\/div>\n\n\t\t\t\t<\/div>\n\t\t\t\t<\/div>\n\t\t\t\t\t<\/div>\n\t\t<\/div>\n\t\t\t\t<div class=\"elementor-column elementor-col-33 elementor-inner-column elementor-element elementor-element-65ca97c\" data-id=\"65ca97c\" data-element_type=\"column\">\n\t\t\t<div class=\"elementor-widget-wrap elementor-element-populated\">\n\t\t\t\t\t\t\t\t<div class=\"elementor-element elementor-element-8483155 elementor-widget elementor-widget-ova_box_feature_2\" data-id=\"8483155\" data-element_type=\"widget\" data-widget_type=\"ova_box_feature_2.default\">\n\t\t\t\t<div class=\"elementor-widget-container\">\n\t\t\t\t\t\n\t\t<div class=\"ova_box_feature_2\">\n\t\t\t\t\t\t\t<div class=\"icon\">\n\t\t\t\t\t<i class=\"flaticon-briefcase\"><\/i>\n\t\t\t\t<\/div>\n\t\t\t\n\t\t\t\n\t\t\t\t\t\t\t<h3 class=\"title\">\n\t\t\t\t\tTransparencia 2010\t\t\t\t<\/h3>\n\t\t\t\n\t\t\t\t\t\t\t<p class=\"excerpt\">\n\t\t\t\t\t<br>\t\t\t\t<\/p>\n\t\t\t\n\t\t\t\t\t\t\t<div class=\"readmore\">\n\t\t\t\t\t<a class=\"second_font\" href=\"https:\/\/www.maho.cl\/transparencia\/trasnparenciaprev\/index.php?option=com_remository&amp;Itemid=104&amp;func=select&amp;id=22958\" target=&quot;_blank&quot;>Ver A\u00f1o 2010<\/a>\n\t\t\t\t<\/div>\n\t\t\t\n\t\t<\/div>\n\n\t\t\t\t<\/div>\n\t\t\t\t<\/div>\n\t\t\t\t\t<\/div>\n\t\t<\/div>\n\t\t\t\t<div class=\"elementor-column elementor-col-33 elementor-inner-column elementor-element elementor-element-09acf2b\" data-id=\"09acf2b\" data-element_type=\"column\">\n\t\t\t<div class=\"elementor-widget-wrap elementor-element-populated\">\n\t\t\t\t\t\t\t\t<div class=\"elementor-element elementor-element-a31f578 elementor-widget elementor-widget-ova_box_feature_2\" data-id=\"a31f578\" data-element_type=\"widget\" data-widget_type=\"ova_box_feature_2.default\">\n\t\t\t\t<div class=\"elementor-widget-container\">\n\t\t\t\t\t\n\t\t<div class=\"ova_box_feature_2\">\n\t\t\t\t\t\t\t<div class=\"icon\">\n\t\t\t\t\t<i class=\"flaticon-briefcase\"><\/i>\n\t\t\t\t<\/div>\n\t\t\t\n\t\t\t\n\t\t\t\t\t\t\t<h3 class=\"title\">\n\t\t\t\t\tTransparencia 2011\t\t\t\t<\/h3>\n\t\t\t\n\t\t\t\t\t\t\t<p class=\"excerpt\">\n\t\t\t\t\t<br>\t\t\t\t<\/p>\n\t\t\t\n\t\t\t\t\t\t\t<div class=\"readmore\">\n\t\t\t\t\t<a class=\"second_font\" href=\"https:\/\/www.maho.cl\/transparencia\/trasnparenciaprev\/index.php?option=com_remository&amp;Itemid=104&amp;func=select&amp;id=22957\" target=&quot;_blank&quot;>Ver A\u00f1o 2011<\/a>\n\t\t\t\t<\/div>\n\t\t\t\n\t\t<\/div>\n\n\t\t\t\t<\/div>\n\t\t\t\t<\/div>\n\t\t\t\t\t<\/div>\n\t\t<\/div>\n\t\t\t\t\t\t\t<\/div>\n\t\t<\/section>\n\t\t\t\t\t<\/div>\n\t\t<\/div>\n\t\t\t\t\t\t\t<\/div>\n\t\t<\/section>\n\t\t\t\t<section class=\"elementor-section elementor-top-section elementor-element elementor-element-8c226fa elementor-section-boxed elementor-section-height-default elementor-section-height-default\" data-id=\"8c226fa\" data-element_type=\"section\">\n\t\t\t\t\t\t<div class=\"elementor-container elementor-column-gap-default\">\n\t\t\t\t\t<div class=\"elementor-column elementor-col-100 elementor-top-column elementor-element elementor-element-6214f77\" data-id=\"6214f77\" data-element_type=\"column\">\n\t\t\t<div class=\"elementor-widget-wrap elementor-element-populated\">\n\t\t\t\t\t\t\t\t<section class=\"elementor-section elementor-inner-section elementor-element elementor-element-8f61ecc elementor-section-boxed elementor-section-height-default elementor-section-height-default\" data-id=\"8f61ecc\" data-element_type=\"section\">\n\t\t\t\t\t\t<div class=\"elementor-container elementor-column-gap-default\">\n\t\t\t\t\t<div class=\"elementor-column elementor-col-33 elementor-inner-column elementor-element elementor-element-5571fb7\" data-id=\"5571fb7\" data-element_type=\"column\">\n\t\t\t<div class=\"elementor-widget-wrap elementor-element-populated\">\n\t\t\t\t\t\t\t\t<div class=\"elementor-element elementor-element-81ee4e7 elementor-widget elementor-widget-ova_box_feature_2\" data-id=\"81ee4e7\" data-element_type=\"widget\" data-widget_type=\"ova_box_feature_2.default\">\n\t\t\t\t<div class=\"elementor-widget-container\">\n\t\t\t\t\t\n\t\t<div class=\"ova_box_feature_2\">\n\t\t\t\t\t\t\t<div class=\"icon\">\n\t\t\t\t\t<i class=\"flaticon-briefcase\"><\/i>\n\t\t\t\t<\/div>\n\t\t\t\n\t\t\t\n\t\t\t\t\t\t\t<h3 class=\"title\">\n\t\t\t\t\tTransparencia 2012\t\t\t\t<\/h3>\n\t\t\t\n\t\t\t\t\t\t\t<p class=\"excerpt\">\n\t\t\t\t\t<br>\t\t\t\t<\/p>\n\t\t\t\n\t\t\t\t\t\t\t<div class=\"readmore\">\n\t\t\t\t\t<a class=\"second_font\" href=\"https:\/\/www.maho.cl\/transparencia\/transparencia\/portada.php\" target=&quot;_blank&quot;>Ver A\u00f1o 2012<\/a>\n\t\t\t\t<\/div>\n\t\t\t\n\t\t<\/div>\n\n\t\t\t\t<\/div>\n\t\t\t\t<\/div>\n\t\t\t\t\t<\/div>\n\t\t<\/div>\n\t\t\t\t<div class=\"elementor-column elementor-col-33 elementor-inner-column elementor-element elementor-element-d026e9c\" data-id=\"d026e9c\" data-element_type=\"column\">\n\t\t\t<div class=\"elementor-widget-wrap elementor-element-populated\">\n\t\t\t\t\t\t\t\t<div class=\"elementor-element elementor-element-68c66e8 elementor-widget elementor-widget-ova_box_feature_2\" data-id=\"68c66e8\" data-element_type=\"widget\" data-widget_type=\"ova_box_feature_2.default\">\n\t\t\t\t<div class=\"elementor-widget-container\">\n\t\t\t\t\t\n\t\t<div class=\"ova_box_feature_2\">\n\t\t\t\t\t\t\t<div class=\"icon\">\n\t\t\t\t\t<i class=\"flaticon-briefcase\"><\/i>\n\t\t\t\t<\/div>\n\t\t\t\n\t\t\t\n\t\t\t\t\t\t\t<h3 class=\"title\">\n\t\t\t\t\tTransparencia 2013\t\t\t\t<\/h3>\n\t\t\t\n\t\t\t\t\t\t\t<p class=\"excerpt\">\n\t\t\t\t\t<br>\t\t\t\t<\/p>\n\t\t\t\n\t\t\t\t\t\t\t<div class=\"readmore\">\n\t\t\t\t\t<a class=\"second_font\" href=\"https:\/\/www.maho.cl\/transparencia\/transparencia2013\/portada.php\" target=&quot;_blank&quot;>Ver A\u00f1o 2013<\/a>\n\t\t\t\t<\/div>\n\t\t\t\n\t\t<\/div>\n\n\t\t\t\t<\/div>\n\t\t\t\t<\/div>\n\t\t\t\t\t<\/div>\n\t\t<\/div>\n\t\t\t\t<div class=\"elementor-column elementor-col-33 elementor-inner-column elementor-element elementor-element-310c2d2\" data-id=\"310c2d2\" data-element_type=\"column\">\n\t\t\t<div class=\"elementor-widget-wrap elementor-element-populated\">\n\t\t\t\t\t\t\t\t<div class=\"elementor-element elementor-element-c61c49b elementor-widget elementor-widget-ova_box_feature_2\" data-id=\"c61c49b\" data-element_type=\"widget\" data-widget_type=\"ova_box_feature_2.default\">\n\t\t\t\t<div class=\"elementor-widget-container\">\n\t\t\t\t\t\n\t\t<div class=\"ova_box_feature_2\">\n\t\t\t\t\t\t\t<div class=\"icon\">\n\t\t\t\t\t<i class=\"flaticon-briefcase\"><\/i>\n\t\t\t\t<\/div>\n\t\t\t\n\t\t\t\n\t\t\t\t\t\t\t<h3 class=\"title\">\n\t\t\t\t\tTransparencia 2014\t\t\t\t<\/h3>\n\t\t\t\n\t\t\t\t\t\t\t<p class=\"excerpt\">\n\t\t\t\t\t<br>\t\t\t\t<\/p>\n\t\t\t\n\t\t\t\t\t\t\t<div class=\"readmore\">\n\t\t\t\t\t<a class=\"second_font\" href=\"https:\/\/www.maho.cl\/transparencia\/transparencia2014\/\" target=&quot;_blank&quot;>Ver A\u00f1o 2014<\/a>\n\t\t\t\t<\/div>\n\t\t\t\n\t\t<\/div>\n\n\t\t\t\t<\/div>\n\t\t\t\t<\/div>\n\t\t\t\t\t<\/div>\n\t\t<\/div>\n\t\t\t\t\t\t\t<\/div>\n\t\t<\/section>\n\t\t\t\t\t<\/div>\n\t\t<\/div>\n\t\t\t\t\t\t\t<\/div>\n\t\t<\/section>\n\t\t\t\t<section class=\"elementor-section elementor-top-section elementor-element elementor-element-c3ea306 elementor-section-boxed elementor-section-height-default elementor-section-height-default\" data-id=\"c3ea306\" data-element_type=\"section\">\n\t\t\t\t\t\t<div class=\"elementor-container elementor-column-gap-default\">\n\t\t\t\t\t<div class=\"elementor-column elementor-col-100 elementor-top-column elementor-element elementor-element-138e7d0\" data-id=\"138e7d0\" data-element_type=\"column\">\n\t\t\t<div class=\"elementor-widget-wrap elementor-element-populated\">\n\t\t\t\t\t\t\t\t<section class=\"elementor-section elementor-inner-section elementor-element elementor-element-c6c0f82 elementor-section-boxed elementor-section-height-default elementor-section-height-default\" data-id=\"c6c0f82\" data-element_type=\"section\">\n\t\t\t\t\t\t<div class=\"elementor-container elementor-column-gap-default\">\n\t\t\t\t\t<div class=\"elementor-column elementor-col-33 elementor-inner-column elementor-element elementor-element-5b50b31\" data-id=\"5b50b31\" data-element_type=\"column\">\n\t\t\t<div class=\"elementor-widget-wrap elementor-element-populated\">\n\t\t\t\t\t\t\t\t<div class=\"elementor-element elementor-element-7c69a6d elementor-widget elementor-widget-ova_box_feature_2\" data-id=\"7c69a6d\" data-element_type=\"widget\" data-widget_type=\"ova_box_feature_2.default\">\n\t\t\t\t<div class=\"elementor-widget-container\">\n\t\t\t\t\t\n\t\t<div class=\"ova_box_feature_2\">\n\t\t\t\t\t\t\t<div class=\"icon\">\n\t\t\t\t\t<i class=\"flaticon-briefcase\"><\/i>\n\t\t\t\t<\/div>\n\t\t\t\n\t\t\t\n\t\t\t\t\t\t\t<h3 class=\"title\">\n\t\t\t\t\tTransparencia 2015\t\t\t\t<\/h3>\n\t\t\t\n\t\t\t\t\t\t\t<p class=\"excerpt\">\n\t\t\t\t\t<br>\t\t\t\t<\/p>\n\t\t\t\n\t\t\t\t\t\t\t<div class=\"readmore\">\n\t\t\t\t\t<a class=\"second_font\" href=\"https:\/\/www.maho.cl\/transparencia\/transparencia2015\/\" target=&quot;_blank&quot;>Ver A\u00f1o 2015<\/a>\n\t\t\t\t<\/div>\n\t\t\t\n\t\t<\/div>\n\n\t\t\t\t<\/div>\n\t\t\t\t<\/div>\n\t\t\t\t\t<\/div>\n\t\t<\/div>\n\t\t\t\t<div class=\"elementor-column elementor-col-33 elementor-inner-column elementor-element elementor-element-c65591b\" data-id=\"c65591b\" data-element_type=\"column\">\n\t\t\t<div class=\"elementor-widget-wrap elementor-element-populated\">\n\t\t\t\t\t\t\t\t<div class=\"elementor-element elementor-element-c6f3a05 elementor-widget elementor-widget-ova_box_feature_2\" data-id=\"c6f3a05\" data-element_type=\"widget\" data-widget_type=\"ova_box_feature_2.default\">\n\t\t\t\t<div class=\"elementor-widget-container\">\n\t\t\t\t\t\n\t\t<div class=\"ova_box_feature_2\">\n\t\t\t\t\t\t\t<div class=\"icon\">\n\t\t\t\t\t<i class=\"flaticon-briefcase\"><\/i>\n\t\t\t\t<\/div>\n\t\t\t\n\t\t\t\n\t\t\t\t\t\t\t<h3 class=\"title\">\n\t\t\t\t\tTransparencia 2016\t\t\t\t<\/h3>\n\t\t\t\n\t\t\t\t\t\t\t<p class=\"excerpt\">\n\t\t\t\t\t<br>\t\t\t\t<\/p>\n\t\t\t\n\t\t\t\t\t\t\t<div class=\"readmore\">\n\t\t\t\t\t<a class=\"second_font\" href=\"https:\/\/www.maho.cl\/transparencia\/transparencia2016\/\" target=&quot;_blank&quot;>Ver A\u00f1o 2016<\/a>\n\t\t\t\t<\/div>\n\t\t\t\n\t\t<\/div>\n\n\t\t\t\t<\/div>\n\t\t\t\t<\/div>\n\t\t\t\t\t<\/div>\n\t\t<\/div>\n\t\t\t\t<div class=\"elementor-column elementor-col-33 elementor-inner-column elementor-element elementor-element-80ad483\" data-id=\"80ad483\" data-element_type=\"column\">\n\t\t\t<div class=\"elementor-widget-wrap elementor-element-populated\">\n\t\t\t\t\t\t\t\t<div class=\"elementor-element elementor-element-325b95e elementor-widget elementor-widget-ova_box_feature_2\" data-id=\"325b95e\" data-element_type=\"widget\" data-widget_type=\"ova_box_feature_2.default\">\n\t\t\t\t<div class=\"elementor-widget-container\">\n\t\t\t\t\t\n\t\t<div class=\"ova_box_feature_2\">\n\t\t\t\t\t\t\t<div class=\"icon\">\n\t\t\t\t\t<i class=\"flaticon-briefcase\"><\/i>\n\t\t\t\t<\/div>\n\t\t\t\n\t\t\t\n\t\t\t\t\t\t\t<h3 class=\"title\">\n\t\t\t\t\tTransparencia 2017\t\t\t\t<\/h3>\n\t\t\t\n\t\t\t\t\t\t\t<p class=\"excerpt\">\n\t\t\t\t\t<br>\t\t\t\t<\/p>\n\t\t\t\n\t\t\t\t\t\t\t<div class=\"readmore\">\n\t\t\t\t\t<a class=\"second_font\" href=\"https:\/\/www.maho.cl\/transparencia\/transparencia2017\/\" target=&quot;_blank&quot;>Ver A\u00f1o 2017<\/a>\n\t\t\t\t<\/div>\n\t\t\t\n\t\t<\/div>\n\n\t\t\t\t<\/div>\n\t\t\t\t<\/div>\n\t\t\t\t\t<\/div>\n\t\t<\/div>\n\t\t\t\t\t\t\t<\/div>\n\t\t<\/section>\n\t\t\t\t\t<\/div>\n\t\t<\/div>\n\t\t\t\t\t\t\t<\/div>\n\t\t<\/section>\n\t\t\t\t<section class=\"elementor-section elementor-top-section elementor-element elementor-element-b4bf389 elementor-section-boxed elementor-section-height-default elementor-section-height-default\" data-id=\"b4bf389\" data-element_type=\"section\">\n\t\t\t\t\t\t<div class=\"elementor-container elementor-column-gap-default\">\n\t\t\t\t\t<div class=\"elementor-column elementor-col-100 elementor-top-column elementor-element elementor-element-cc656a1\" data-id=\"cc656a1\" data-element_type=\"column\">\n\t\t\t<div class=\"elementor-widget-wrap elementor-element-populated\">\n\t\t\t\t\t\t\t\t<section class=\"elementor-section elementor-inner-section elementor-element elementor-element-ee57f52 elementor-section-boxed elementor-section-height-default elementor-section-height-default\" data-id=\"ee57f52\" data-element_type=\"section\">\n\t\t\t\t\t\t<div class=\"elementor-container elementor-column-gap-default\">\n\t\t\t\t\t<div class=\"elementor-column elementor-col-33 elementor-inner-column elementor-element elementor-element-0c27085\" data-id=\"0c27085\" data-element_type=\"column\">\n\t\t\t<div class=\"elementor-widget-wrap elementor-element-populated\">\n\t\t\t\t\t\t\t\t<div class=\"elementor-element elementor-element-d2e8626 elementor-widget elementor-widget-ova_box_feature_2\" data-id=\"d2e8626\" data-element_type=\"widget\" data-widget_type=\"ova_box_feature_2.default\">\n\t\t\t\t<div class=\"elementor-widget-container\">\n\t\t\t\t\t\n\t\t<div class=\"ova_box_feature_2\">\n\t\t\t\t\t\t\t<div class=\"icon\">\n\t\t\t\t\t<i class=\"flaticon-briefcase\"><\/i>\n\t\t\t\t<\/div>\n\t\t\t\n\t\t\t\n\t\t\t\t\t\t\t<h3 class=\"title\">\n\t\t\t\t\tTransparencia 2018\t\t\t\t<\/h3>\n\t\t\t\n\t\t\t\t\t\t\t<p class=\"excerpt\">\n\t\t\t\t\t<br>\t\t\t\t<\/p>\n\t\t\t\n\t\t\t\t\t\t\t<div class=\"readmore\">\n\t\t\t\t\t<a class=\"second_font\" href=\"https:\/\/www.maho.cl\/transparencia\/transparencia2018\/\" target=&quot;_blank&quot;>Ver A\u00f1o 2018<\/a>\n\t\t\t\t<\/div>\n\t\t\t\n\t\t<\/div>\n\n\t\t\t\t<\/div>\n\t\t\t\t<\/div>\n\t\t\t\t\t<\/div>\n\t\t<\/div>\n\t\t\t\t<div class=\"elementor-column elementor-col-33 elementor-inner-column elementor-element elementor-element-be223ac\" data-id=\"be223ac\" data-element_type=\"column\">\n\t\t\t<div class=\"elementor-widget-wrap elementor-element-populated\">\n\t\t\t\t\t\t\t\t<div class=\"elementor-element elementor-element-3d2dc2a elementor-widget elementor-widget-ova_box_feature_2\" data-id=\"3d2dc2a\" data-element_type=\"widget\" data-widget_type=\"ova_box_feature_2.default\">\n\t\t\t\t<div class=\"elementor-widget-container\">\n\t\t\t\t\t\n\t\t<div class=\"ova_box_feature_2\">\n\t\t\t\t\t\t\t<div class=\"icon\">\n\t\t\t\t\t<i class=\"flaticon-briefcase\"><\/i>\n\t\t\t\t<\/div>\n\t\t\t\n\t\t\t\n\t\t\t\t\t\t\t<h3 class=\"title\">\n\t\t\t\t\tTransparencia 2019\t\t\t\t<\/h3>\n\t\t\t\n\t\t\t\t\t\t\t<p class=\"excerpt\">\n\t\t\t\t\t<br><br>\t\t\t\t<\/p>\n\t\t\t\n\t\t\t\t\t\t\t<div class=\"readmore\">\n\t\t\t\t\t<a class=\"second_font\" href=\"https:\/\/www.maho.cl\/transparencia\/transparencia2019\/\" target=&quot;_blank&quot;>Ver A\u00f1o 2019<\/a>\n\t\t\t\t<\/div>\n\t\t\t\n\t\t<\/div>\n\n\t\t\t\t<\/div>\n\t\t\t\t<\/div>\n\t\t\t\t\t<\/div>\n\t\t<\/div>\n\t\t\t\t<div class=\"elementor-column elementor-col-33 elementor-inner-column elementor-element elementor-element-ff17e8f\" data-id=\"ff17e8f\" data-element_type=\"column\">\n\t\t\t<div class=\"elementor-widget-wrap elementor-element-populated\">\n\t\t\t\t\t\t\t\t<div class=\"elementor-element elementor-element-7f55957 elementor-widget elementor-widget-ova_box_feature_2\" data-id=\"7f55957\" data-element_type=\"widget\" data-widget_type=\"ova_box_feature_2.default\">\n\t\t\t\t<div class=\"elementor-widget-container\">\n\t\t\t\t\t\n\t\t<div class=\"ova_box_feature_2\">\n\t\t\t\t\t\t\t<div class=\"icon\">\n\t\t\t\t\t<i class=\"flaticon-briefcase\"><\/i>\n\t\t\t\t<\/div>\n\t\t\t\n\t\t\t\n\t\t\t\t\t\t\t<h3 class=\"title\">\n\t\t\t\t\tTransparencia 2020\t\t\t\t<\/h3>\n\t\t\t\n\t\t\t\t\t\t\t<p class=\"excerpt\">\n\t\t\t\t\t<br>\t\t\t\t<\/p>\n\t\t\t\n\t\t\t\t\t\t\t<div class=\"readmore\">\n\t\t\t\t\t<a class=\"second_font\" href=\"https:\/\/www.maho.cl\/transparencia\/transparencia2020\/\" target=&quot;_blank&quot;>Ver A\u00f1o 2020<\/a>\n\t\t\t\t<\/div>\n\t\t\t\n\t\t<\/div>\n\n\t\t\t\t<\/div>\n\t\t\t\t<\/div>\n\t\t\t\t\t<\/div>\n\t\t<\/div>\n\t\t\t\t\t\t\t<\/div>\n\t\t<\/section>\n\t\t\t\t\t<\/div>\n\t\t<\/div>\n\t\t\t\t\t\t\t<\/div>\n\t\t<\/section>\n\t\t\t\t<section class=\"elementor-section elementor-top-section elementor-element elementor-element-00f0c2f elementor-section-boxed elementor-section-height-default elementor-section-height-default\" data-id=\"00f0c2f\" data-element_type=\"section\">\n\t\t\t\t\t\t<div class=\"elementor-container elementor-column-gap-default\">\n\t\t\t\t\t<div class=\"elementor-column elementor-col-100 elementor-top-column elementor-element elementor-element-d5dafba\" data-id=\"d5dafba\" data-element_type=\"column\">\n\t\t\t<div class=\"elementor-widget-wrap elementor-element-populated\">\n\t\t\t\t\t\t\t\t<section class=\"elementor-section elementor-inner-section elementor-element elementor-element-b9c2e0d elementor-section-boxed elementor-section-height-default elementor-section-height-default\" data-id=\"b9c2e0d\" data-element_type=\"section\">\n\t\t\t\t\t\t<div class=\"elementor-container elementor-column-gap-default\">\n\t\t\t\t\t<div class=\"elementor-column elementor-col-33 elementor-inner-column elementor-element elementor-element-75bf003\" data-id=\"75bf003\" data-element_type=\"column\">\n\t\t\t<div class=\"elementor-widget-wrap elementor-element-populated\">\n\t\t\t\t\t\t\t\t<div class=\"elementor-element elementor-element-af6d4ac elementor-widget elementor-widget-ova_box_feature_2\" data-id=\"af6d4ac\" data-element_type=\"widget\" data-widget_type=\"ova_box_feature_2.default\">\n\t\t\t\t<div class=\"elementor-widget-container\">\n\t\t\t\t\t\n\t\t<div class=\"ova_box_feature_2\">\n\t\t\t\t\t\t\t<div class=\"icon\">\n\t\t\t\t\t<i class=\"flaticon-briefcase\"><\/i>\n\t\t\t\t<\/div>\n\t\t\t\n\t\t\t\n\t\t\t\t\t\t\t<h3 class=\"title\">\n\t\t\t\t\tTransparencia 2021\t\t\t\t<\/h3>\n\t\t\t\n\t\t\t\t\t\t\t<p class=\"excerpt\">\n\t\t\t\t\t<br><br>\t\t\t\t<\/p>\n\t\t\t\n\t\t\t\t\t\t\t<div class=\"readmore\">\n\t\t\t\t\t<a class=\"second_font\" href=\"https:\/\/www.maho.cl\/transparencia\/transparencia2021\/\" target=&quot;_blank&quot;>Ver A\u00f1o 2021<\/a>\n\t\t\t\t<\/div>\n\t\t\t\n\t\t<\/div>\n\n\t\t\t\t<\/div>\n\t\t\t\t<\/div>\n\t\t\t\t\t<\/div>\n\t\t<\/div>\n\t\t\t\t<div class=\"elementor-column elementor-col-33 elementor-inner-column elementor-element elementor-element-ea85426\" data-id=\"ea85426\" data-element_type=\"column\">\n\t\t\t<div class=\"elementor-widget-wrap elementor-element-populated\">\n\t\t\t\t\t\t\t\t<div class=\"elementor-element elementor-element-bc9471f elementor-widget elementor-widget-ova_box_feature_2\" data-id=\"bc9471f\" data-element_type=\"widget\" data-widget_type=\"ova_box_feature_2.default\">\n\t\t\t\t<div class=\"elementor-widget-container\">\n\t\t\t\t\t\n\t\t<div class=\"ova_box_feature_2\">\n\t\t\t\t\t\t\t<div class=\"icon\">\n\t\t\t\t\t<i class=\"flaticon-briefcase\"><\/i>\n\t\t\t\t<\/div>\n\t\t\t\n\t\t\t\n\t\t\t\t\t\t\t<h3 class=\"title\">\n\t\t\t\t\tTransparencia 2022\t\t\t\t<\/h3>\n\t\t\t\n\t\t\t\t\t\t\t<p class=\"excerpt\">\n\t\t\t\t\t<br>\t\t\t\t<\/p>\n\t\t\t\n\t\t\t\t\t\t\t<div class=\"readmore\">\n\t\t\t\t\t<a class=\"second_font\" href=\"https:\/\/www.maho.cl\/transparencia\/transparencia2022\/\" target=&quot;_blank&quot;>Ver A\u00f1o 2022<\/a>\n\t\t\t\t<\/div>\n\t\t\t\n\t\t<\/div>\n\n\t\t\t\t<\/div>\n\t\t\t\t<\/div>\n\t\t\t\t\t<\/div>\n\t\t<\/div>\n\t\t\t\t<div class=\"elementor-column elementor-col-33 elementor-inner-column elementor-element elementor-element-8ac345b\" data-id=\"8ac345b\" data-element_type=\"column\">\n\t\t\t<div class=\"elementor-widget-wrap elementor-element-populated\">\n\t\t\t\t\t\t\t\t<div class=\"elementor-element elementor-element-229e08e elementor-widget elementor-widget-ova_box_feature_2\" data-id=\"229e08e\" data-element_type=\"widget\" data-widget_type=\"ova_box_feature_2.default\">\n\t\t\t\t<div class=\"elementor-widget-container\">\n\t\t\t\t\t\n\t\t<div class=\"ova_box_feature_2\">\n\t\t\t\t\t\t\t<div class=\"icon\">\n\t\t\t\t\t<i class=\"flaticon-briefcase\"><\/i>\n\t\t\t\t<\/div>\n\t\t\t\n\t\t\t\n\t\t\t\t\t\t\t<h3 class=\"title\">\n\t\t\t\t\tTransparencia 2023\t\t\t\t<\/h3>\n\t\t\t\n\t\t\t\t\t\t\t<p class=\"excerpt\">\n\t\t\t\t\t<br>\t\t\t\t<\/p>\n\t\t\t\n\t\t\t\t\t\t\t<div class=\"readmore\">\n\t\t\t\t\t<a class=\"second_font\" href=\"https:\/\/www.maho.cl\/transparencia\/transparencia2023\/\" target=&quot;_blank&quot;>Ver A\u00f1o 2023<\/a>\n\t\t\t\t<\/div>\n\t\t\t\n\t\t<\/div>\n\n\t\t\t\t<\/div>\n\t\t\t\t<\/div>\n\t\t\t\t\t<\/div>\n\t\t<\/div>\n\t\t\t\t\t\t\t<\/div>\n\t\t<\/section>\n\t\t\t\t\t<\/div>\n\t\t<\/div>\n\t\t\t\t\t\t\t<\/div>\n\t\t<\/section>\n\t\t\t\t<section class=\"elementor-section elementor-top-section elementor-element elementor-element-de0cc81 elementor-section-boxed elementor-section-height-default elementor-section-height-default\" data-id=\"de0cc81\" data-element_type=\"section\">\n\t\t\t\t\t\t<div class=\"elementor-container elementor-column-gap-default\">\n\t\t\t\t\t<div class=\"elementor-column elementor-col-100 elementor-top-column elementor-element elementor-element-e634fa5\" data-id=\"e634fa5\" data-element_type=\"column\">\n\t\t\t<div class=\"elementor-widget-wrap elementor-element-populated\">\n\t\t\t\t\t\t\t\t<section class=\"elementor-section elementor-inner-section elementor-element elementor-element-058e713 elementor-section-boxed elementor-section-height-default elementor-section-height-default\" data-id=\"058e713\" data-element_type=\"section\">\n\t\t\t\t\t\t<div class=\"elementor-container elementor-column-gap-default\">\n\t\t\t\t\t<div class=\"elementor-column elementor-col-33 elementor-inner-column elementor-element elementor-element-cef42de\" data-id=\"cef42de\" data-element_type=\"column\">\n\t\t\t<div class=\"elementor-widget-wrap elementor-element-populated\">\n\t\t\t\t\t\t\t\t<div class=\"elementor-element elementor-element-89cf7ad elementor-widget elementor-widget-ova_box_feature_2\" data-id=\"89cf7ad\" data-element_type=\"widget\" data-widget_type=\"ova_box_feature_2.default\">\n\t\t\t\t<div class=\"elementor-widget-container\">\n\t\t\t\t\t\n\t\t<div class=\"ova_box_feature_2\">\n\t\t\t\t\t\t\t<div class=\"icon\">\n\t\t\t\t\t<i class=\"flaticon-briefcase\"><\/i>\n\t\t\t\t<\/div>\n\t\t\t\n\t\t\t\n\t\t\t\t\t\t\t<h3 class=\"title\">\n\t\t\t\t\tTransparencia 2024\t\t\t\t<\/h3>\n\t\t\t\n\t\t\t\t\t\t\t<p class=\"excerpt\">\n\t\t\t\t\t<br>\t\t\t\t<\/p>\n\t\t\t\n\t\t\t\t\t\t\t<div class=\"readmore\">\n\t\t\t\t\t<a class=\"second_font\" href=\"https:\/\/www.maho.cl\/transparencia\/transparencia2024\/\" target=&quot;_blank&quot;>Ver A\u00f1o 2024<\/a>\n\t\t\t\t<\/div>\n\t\t\t\n\t\t<\/div>\n\n\t\t\t\t<\/div>\n\t\t\t\t<\/div>\n\t\t\t\t\t<\/div>\n\t\t<\/div>\n\t\t\t\t<div class=\"elementor-column elementor-col-33 elementor-inner-column elementor-element elementor-element-a13ef3c\" data-id=\"a13ef3c\" data-element_type=\"column\">\n\t\t\t<div class=\"elementor-widget-wrap\">\n\t\t\t\t\t\t\t\t\t<\/div>\n\t\t<\/div>\n\t\t\t\t<div class=\"elementor-column elementor-col-33 elementor-inner-column elementor-element elementor-element-356c6bc\" data-id=\"356c6bc\" data-element_type=\"column\">\n\t\t\t<div class=\"elementor-widget-wrap\">\n\t\t\t\t\t\t\t\t\t<\/div>\n\t\t<\/div>\n\t\t\t\t\t\t\t<\/div>\n\t\t<\/section>\n\t\t\t\t\t<\/div>\n\t\t<\/div>\n\t\t\t\t\t\t\t<\/div>\n\t\t<\/section>\n\t\t\t\t\t\t\t<\/div>\n\t\t","protected":false},"excerpt":{"rendered":"<p>Transparencia 2009 Ver A\u00f1o 2009 Transparencia 2010 Ver A\u00f1o 2010 Transparencia 2011 Ver A\u00f1o 2011 Transparencia 2012 Ver A\u00f1o 2012 Transparencia 2013 Ver A\u00f1o 2013 Transparencia 2014 Ver A\u00f1o 2014 Transparencia 2015 Ver A\u00f1o 2015 Transparencia 2016 Ver A\u00f1o 2016 Transparencia 2017 Ver A\u00f1o 2017 Transparencia 2018 Ver A\u00f1o 2018 Transparencia 2019 Ver A\u00f1o 2019 [&hellip;]<\/p>\n","protected":false},"author":1,"featured_media":0,"parent":0,"menu_order":0,"comment_status":"closed","ping_status":"closed","template":"","meta":{"footnotes":""},"class_list":["post-14082","page","type-page","status-publish","hentry"],"_links":{"self":[{"href":"https:\/\/www.maho.cl\/transparencia\/transparencia2025\/wp-json\/wp\/v2\/pages\/14082","targetHints":{"allow":["GET"]}}],"collection":[{"href":"https:\/\/www.maho.cl\/transparencia\/transparencia2025\/wp-json\/wp\/v2\/pages"}],"about":[{"href":"https:\/\/www.maho.cl\/transparencia\/transparencia2025\/wp-json\/wp\/v2\/types\/page"}],"author":[{"embeddable":true,"href":"https:\/\/www.maho.cl\/transparencia\/transparencia2025\/wp-json\/wp\/v2\/users\/1"}],"replies":[{"embeddable":true,"href":"https:\/\/www.maho.cl\/transparencia\/transparencia2025\/wp-json\/wp\/v2\/comments?post=14082"}],"version-history":[{"count":28,"href":"https:\/\/www.maho.cl\/transparencia\/transparencia2025\/wp-json\/wp\/v2\/pages\/14082\/revisions"}],"predecessor-version":[{"id":32243,"href":"https:\/\/www.maho.cl\/transparencia\/transparencia2025\/wp-json\/wp\/v2\/pages\/14082\/revisions\/32243"}],"wp:attachment":[{"href":"https:\/\/www.maho.cl\/transparencia\/transparencia2025\/wp-json\/wp\/v2\/media?parent=14082"}],"curies":[{"name":"wp","href":"https:\/\/api.w.org\/{rel}","templated":true}]}}