{"id":17059,"date":"2017-05-24T14:21:09","date_gmt":"2017-05-24T18:21:09","guid":{"rendered":"http:\/\/www.maho.cl\/transparencia\/transparencia2017\/?page_id=17059"},"modified":"2023-01-29T15:30:15","modified_gmt":"2023-01-29T18:30:15","slug":"antecedentes-preparatorios-de-normas-juridicas-generales-que-afecten-a-empresas-de-menor-tamano","status":"publish","type":"page","link":"https:\/\/www.maho.cl\/transparencia\/transparencia2025\/antecedentes-preparatorios-de-normas-juridicas-generales-que-afecten-a-empresas-de-menor-tamano\/","title":{"rendered":"Antecedentes preparatorios de normas jur\u00eddicas generales que afecten a empresas de menor tama\u00f1o"},"content":{"rendered":"\t\t<div data-elementor-type=\"wp-page\" data-elementor-id=\"17059\" class=\"elementor elementor-17059\">\n\t\t\t\t\t\t\t\t\t<section class=\"elementor-section elementor-top-section elementor-element elementor-element-38c23ef elementor-section-boxed elementor-section-height-default elementor-section-height-default\" data-id=\"38c23ef\" data-element_type=\"section\">\n\t\t\t\t\t\t<div class=\"elementor-container elementor-column-gap-default\">\n\t\t\t\t\t<div class=\"elementor-column elementor-col-100 elementor-top-column elementor-element elementor-element-427b5dc\" data-id=\"427b5dc\" data-element_type=\"column\">\n\t\t\t<div class=\"elementor-widget-wrap elementor-element-populated\">\n\t\t\t\t\t\t\t\t<div class=\"elementor-element elementor-element-c032347 elementor-widget elementor-widget-spacer\" data-id=\"c032347\" data-element_type=\"widget\" data-widget_type=\"spacer.default\">\n\t\t\t\t<div class=\"elementor-widget-container\">\n\t\t\t<style>\/*! elementor - v3.18.0 - 20-12-2023 *\/\n.elementor-column .elementor-spacer-inner{height:var(--spacer-size)}.e-con{--container-widget-width:100%}.e-con-inner>.elementor-widget-spacer,.e-con>.elementor-widget-spacer{width:var(--container-widget-width,var(--spacer-size));--align-self:var(--container-widget-align-self,initial);--flex-shrink:0}.e-con-inner>.elementor-widget-spacer>.elementor-widget-container,.e-con>.elementor-widget-spacer>.elementor-widget-container{height:100%;width:100%}.e-con-inner>.elementor-widget-spacer>.elementor-widget-container>.elementor-spacer,.e-con>.elementor-widget-spacer>.elementor-widget-container>.elementor-spacer{height:100%}.e-con-inner>.elementor-widget-spacer>.elementor-widget-container>.elementor-spacer>.elementor-spacer-inner,.e-con>.elementor-widget-spacer>.elementor-widget-container>.elementor-spacer>.elementor-spacer-inner{height:var(--container-widget-height,var(--spacer-size))}.e-con-inner>.elementor-widget-spacer.elementor-widget-empty,.e-con>.elementor-widget-spacer.elementor-widget-empty{position:relative;min-height:22px;min-width:22px}.e-con-inner>.elementor-widget-spacer.elementor-widget-empty .elementor-widget-empty-icon,.e-con>.elementor-widget-spacer.elementor-widget-empty .elementor-widget-empty-icon{position:absolute;top:0;bottom:0;left:0;right:0;margin:auto;padding:0;width:22px;height:22px}<\/style>\t\t<div class=\"elementor-spacer\">\n\t\t\t<div class=\"elementor-spacer-inner\"><\/div>\n\t\t<\/div>\n\t\t\t\t<\/div>\n\t\t\t\t<\/div>\n\t\t\t\t\t<\/div>\n\t\t<\/div>\n\t\t\t\t\t\t\t<\/div>\n\t\t<\/section>\n\t\t\t\t<section class=\"elementor-section elementor-top-section elementor-element elementor-element-76cc793 elementor-section-boxed elementor-section-height-default elementor-section-height-default\" data-id=\"76cc793\" data-element_type=\"section\" data-settings=\"{&quot;background_background&quot;:&quot;classic&quot;}\">\n\t\t\t\t\t\t<div class=\"elementor-container elementor-column-gap-default\">\n\t\t\t\t\t<div class=\"elementor-column elementor-col-100 elementor-top-column elementor-element elementor-element-97b45fb\" data-id=\"97b45fb\" data-element_type=\"column\">\n\t\t\t<div class=\"elementor-widget-wrap elementor-element-populated\">\n\t\t\t\t\t\t\t\t<div class=\"elementor-element elementor-element-3df25b2 elementor-view-stacked elementor-position-left elementor-vertical-align-middle elementor-shape-circle elementor-mobile-position-top elementor-widget elementor-widget-icon-box\" data-id=\"3df25b2\" data-element_type=\"widget\" data-widget_type=\"icon-box.default\">\n\t\t\t\t<div class=\"elementor-widget-container\">\n\t\t\t<link rel=\"stylesheet\" href=\"https:\/\/www.maho.cl\/transparencia\/transparencia2025\/wp-content\/plugins\/elementor\/assets\/css\/widget-icon-box.min.css\">\t\t<div class=\"elementor-icon-box-wrapper\">\n\t\t\t\t\t\t<div class=\"elementor-icon-box-icon\">\n\t\t\t\t<span  class=\"elementor-icon elementor-animation-\">\n\t\t\t\t<i aria-hidden=\"true\" class=\"fas fa-info-circle\"><\/i>\t\t\t\t<\/span>\n\t\t\t<\/div>\n\t\t\t\t\t\t<div class=\"elementor-icon-box-content\">\n\t\t\t\t<h3 class=\"elementor-icon-box-title\">\n\t\t\t\t\t<span  >\n\t\t\t\t\t\tDado que el art\u00edculo quinto de la Ley N\u00ba 20.416, excluye de la publicaci\u00f3n de los antecedentes preparatorios de las normas jur\u00eddicas generales que afecten a empresas de menor tama\u00f1o los relativos a las ordenanzas municipales, este \u00edtem no tiene aplicaci\u00f3n respecto de este \u00f3rgano\u201d\t\t\t\t\t<\/span>\n\t\t\t\t<\/h3>\n\t\t\t\t\t\t\t<\/div>\n\t\t<\/div>\n\t\t\t\t<\/div>\n\t\t\t\t<\/div>\n\t\t\t\t\t<\/div>\n\t\t<\/div>\n\t\t\t\t\t\t\t<\/div>\n\t\t<\/section>\n\t\t\t\t\t\t\t<\/div>\n\t\t","protected":false},"excerpt":{"rendered":"<p>Dado que el art\u00edculo quinto de la Ley N\u00ba 20.416, excluye de la publicaci\u00f3n de los antecedentes preparatorios de las normas jur\u00eddicas generales que afecten a empresas de menor tama\u00f1o los relativos a las ordenanzas municipales, este \u00edtem no tiene aplicaci\u00f3n respecto de este \u00f3rgano\u201d<\/p>\n","protected":false},"author":1,"featured_media":0,"parent":0,"menu_order":0,"comment_status":"closed","ping_status":"closed","template":"","meta":{"footnotes":""},"class_list":["post-17059","page","type-page","status-publish","hentry"],"_links":{"self":[{"href":"https:\/\/www.maho.cl\/transparencia\/transparencia2025\/wp-json\/wp\/v2\/pages\/17059","targetHints":{"allow":["GET"]}}],"collection":[{"href":"https:\/\/www.maho.cl\/transparencia\/transparencia2025\/wp-json\/wp\/v2\/pages"}],"about":[{"href":"https:\/\/www.maho.cl\/transparencia\/transparencia2025\/wp-json\/wp\/v2\/types\/page"}],"author":[{"embeddable":true,"href":"https:\/\/www.maho.cl\/transparencia\/transparencia2025\/wp-json\/wp\/v2\/users\/1"}],"replies":[{"embeddable":true,"href":"https:\/\/www.maho.cl\/transparencia\/transparencia2025\/wp-json\/wp\/v2\/comments?post=17059"}],"version-history":[{"count":6,"href":"https:\/\/www.maho.cl\/transparencia\/transparencia2025\/wp-json\/wp\/v2\/pages\/17059\/revisions"}],"predecessor-version":[{"id":23304,"href":"https:\/\/www.maho.cl\/transparencia\/transparencia2025\/wp-json\/wp\/v2\/pages\/17059\/revisions\/23304"}],"wp:attachment":[{"href":"https:\/\/www.maho.cl\/transparencia\/transparencia2025\/wp-json\/wp\/v2\/media?parent=17059"}],"curies":[{"name":"wp","href":"https:\/\/api.w.org\/{rel}","templated":true}]}}