{"id":25979,"date":"2023-08-24T11:43:32","date_gmt":"2023-08-24T15:43:32","guid":{"rendered":"https:\/\/www.maho.cl\/transparencia\/transparencia2023\/?page_id=25979"},"modified":"2026-02-06T16:19:58","modified_gmt":"2026-02-06T19:19:58","slug":"sector-cementerio","status":"publish","type":"page","link":"https:\/\/www.maho.cl\/transparencia\/transparencia2026\/personal-y-remuneraciones\/sector-cementerio\/","title":{"rendered":"Sector Cementerio"},"content":{"rendered":"\t\t<div data-elementor-type=\"wp-page\" data-elementor-id=\"25979\" class=\"elementor elementor-25979\">\n\t\t\t\t\t\t\t\t\t<section class=\"elementor-section elementor-top-section elementor-element elementor-element-20bb347 elementor-section-boxed elementor-section-height-default elementor-section-height-default\" data-id=\"20bb347\" data-element_type=\"section\">\n\t\t\t\t\t\t<div class=\"elementor-container elementor-column-gap-default\">\n\t\t\t\t\t<div class=\"elementor-column elementor-col-100 elementor-top-column elementor-element elementor-element-9db3465\" data-id=\"9db3465\" data-element_type=\"column\">\n\t\t\t<div class=\"elementor-widget-wrap elementor-element-populated\">\n\t\t\t\t\t\t\t\t<div class=\"elementor-element elementor-element-aed3c63 elementor-view-stacked elementor-position-left elementor-vertical-align-middle elementor-shape-circle elementor-mobile-position-top elementor-widget elementor-widget-icon-box\" data-id=\"aed3c63\" data-element_type=\"widget\" data-widget_type=\"icon-box.default\">\n\t\t\t\t<div class=\"elementor-widget-container\">\n\t\t\t<link rel=\"stylesheet\" href=\"https:\/\/www.maho.cl\/transparencia\/transparencia2026\/wp-content\/plugins\/elementor\/assets\/css\/widget-icon-box.min.css\">\t\t<div class=\"elementor-icon-box-wrapper\">\n\t\t\t\t\t\t<div class=\"elementor-icon-box-icon\">\n\t\t\t\t<span  class=\"elementor-icon elementor-animation-\">\n\t\t\t\t<i aria-hidden=\"true\" class=\"fas fa-info-circle\"><\/i>\t\t\t\t<\/span>\n\t\t\t<\/div>\n\t\t\t\t\t\t<div class=\"elementor-icon-box-content\">\n\t\t\t\t<h3 class=\"elementor-icon-box-title\">\n\t\t\t\t\t<span  >\n\t\t\t\t\t\t\u201cEl Sector Cementerio de este organismo no cuenta con personal Planta, Contrata ni Honorarios\u201d\t\t\t\t\t<\/span>\n\t\t\t\t<\/h3>\n\t\t\t\t\t\t\t<\/div>\n\t\t<\/div>\n\t\t\t\t<\/div>\n\t\t\t\t<\/div>\n\t\t\t\t\t<\/div>\n\t\t<\/div>\n\t\t\t\t\t\t\t<\/div>\n\t\t<\/section>\n\t\t\t\t<section class=\"elementor-section elementor-top-section elementor-element elementor-element-e919e6b elementor-section-boxed elementor-section-height-default elementor-section-height-default\" data-id=\"e919e6b\" data-element_type=\"section\">\n\t\t\t\t\t\t<div class=\"elementor-container elementor-column-gap-default\">\n\t\t\t\t\t<div class=\"elementor-column elementor-col-100 elementor-top-column elementor-element elementor-element-a5a579f\" data-id=\"a5a579f\" data-element_type=\"column\">\n\t\t\t<div class=\"elementor-widget-wrap elementor-element-populated\">\n\t\t\t\t\t\t\t\t<div class=\"elementor-element elementor-element-dd595ee elementor-widget elementor-widget-wpfd_choose_category\" data-id=\"dd595ee\" data-element_type=\"widget\" data-widget_type=\"wpfd_choose_category.default\">\n\t\t\t\t<div class=\"elementor-widget-container\">\n\t\t\t<div id=\"wpfd-elementor-category\" class=\"wpfd-elementor-category\"><script type=\"text\/x-handlebars-template\"        id=\"wpfd-template-tabla1-categories-4463\">    <div class=\"wpfd-categories hide\">{{#if category}}{{#with category}}{{#if parent}}<a class=\"catlink backcategory\" href=\"#\" data-idcat=\"{{parent}}\">                        <i class=\"zmdi zmdi-chevron-left\"><\/i><span>Atr\u00e1s<\/span><\/a>{{\/if}}{{\/with}}{{\/if}}{{#if category.desc}}<div class=\"wpfd-category-desc\">{{category.desc}}<\/div>{{\/if}}<\/div><\/script><script type=\"text\/x-handlebars-template\" id=\"wpfd-template-tabla1-4463\">    {{#if files}}    {{#each files}}    <tr class=\"file {{class}}\" data-id=\"{{ID}}\" data-catid=\"{{catid}}\">    <td class=\"file_title\"><a class=\"wpfd_downloadlink\" href=\"{{linkdownload}}\" title=\"{{post_title}}\" target=\"{{#if remote_file}}_blank{{\/if}}\"><span class=\"extcol\"><span class=\"ext ext-{{ext}} wpfd-icon-set-svg\"><\/span><\/span>{{{crop_title}}}<\/a><\/td><td class=\"file_hits\">{{hits}}<\/td>                    <td class=\"col-download\">                <a class=\"downloadlink wpfd_downloadlink\"  href=\"{{linkdownload}}\" style=\"background-color:rgba(202, 194, 175, 1);color:#ffffff;\" target=\"{{#if remote_file}}_blank{{\/if}}\">Descargar<i class=\"zmdi zmdi-cloud-download wpfd-download\"><\/i><\/a>{{#if openpdflink}}<a class=\"openlink wpfd_previewlink\" href=\"{{openpdflink}}\" target=\"_blank\">Vista previa                            <i class=\"zmdi zmdi-filter-center-focus wpfd-preview\"><\/i>                        <\/a>{{else}}{{#if viewerlink}}<a                            href=\"{{viewerlink}}\"                            class=\"openlink wpfd_previewlink\"                            target=\"_blank\"                            data-id=\"{{ID}}\"                            data-catid=\"{{catid}}\"                            data-file-type=\"{{ext}}\">Vista previa<i class=\"zmdi zmdi-filter-center-focus wpfd-preview\"><\/i>                        <\/a>{{\/if}}{{\/if}}            <\/td>            <\/tr>    {{\/each}}    {{\/if}}<\/script><div class=\"wpfd-content wpfd-content-tabla1 wpfd-content-multi \" data-category=\"4463\"              style=\"background-color: rgba(255, 255, 255, 0);\"><input type=\"hidden\" id=\"current_category_4463\" value=\"4463\" \/>                    <input type=\"hidden\" id=\"current_category_slug_4463\" value=\"sector-cementerio-2\" \/>                    <input type=\"hidden\" id=\"current_ordering_4463\" value=\"modified_time\" \/>                    <input type=\"hidden\" id=\"current_ordering_direction_4463\" value=\"desc\" \/>                    <input type=\"hidden\" id=\"page_limit_4463\" value=\"50\" \/><input type=\"hidden\" id=\"wpfd_display_empty_category_message\" value=\"1\" \/><input type=\"hidden\" id=\"wpfd_empty_category_message_val\" value=\"Esta Categor\u00eda A\u00fan No Genera Archivos!\" \/><input type=\"hidden\" id=\"wpfd_display_empty_folder\" value=\"1\" \/><input type=\"hidden\" id=\"wpfd_is_empty_subcategories\" value=\"1\" \/><input type=\"hidden\" id=\"wpfd_is_empty_files\" value=\"1\" \/><input type=\"hidden\" id=\"wpfd_root_category_id\" class=\"wpfd_root_category_id\" value=\"4463\" \/><input type=\"hidden\" id=\"wpfd_root_category_theme\" class=\"wpfd_root_category_theme\" value=\"tabla1\" \/><input type=\"hidden\" id=\"wpfd_root_category_clone_theme_type\" class=\"wpfd_root_category_clone_theme_type\" value=\"none\" \/><input type=\"hidden\" id=\"wpfd_root_category_type\" class=\"wpfd_root_category_type\" value=\"4463\" \/><div class=\"wpfd-container\">        <div class=\"wpfd-open-tree\"><\/div>    <div class=\"wpfd-container-tabla1 \">        <div class=\"wpfd-categories hide\"><div class=\"wpfd-category-desc\"><\/div><\/div>        <table class=\"wpfd-tabla1 wpfd-table-bordered wpfd-table-striped mediaTable\">            <thead>            <tr>                <th class=\"essential persist file_title\">T\u00edtulo<\/th><th class=\"optional file_hits\">Clics<\/th><th class=\"essential file_download\">Descargar<\/th>            <\/tr>            <\/thead>            <tbody>                                            <tr class=\"file\" data-id=\"28785\"                    data-catid=\"4463\">                    <td class=\"file_title\"><a class=\"wpfd_downloadlink\" href=\"http:\/\/www.maho.cl\/transparencia\/transparencia2026\/descarga\/4463\/sector-cementerio\/28785\/informacion-estadistica-sobre-bonificaciones-4.pdf\" title=\"Informaci\u00f3n estad\u00edstica sobre bonificaciones\" target=\"_blank\"><span class=\"extcol\"><span class=\"ext ext-pdf wpfd-icon-set-svg\"><\/span>Informaci\u00f3n estad\u00edstica sobre bonificaciones<\/span><\/a><\/td><td class=\"file_hits\">349<\/td>                                            <td class=\"col-download\">                            <a class=\"downloadlink wpfd_downloadlink\"  href=\"http:\/\/www.maho.cl\/transparencia\/transparencia2026\/descarga\/4463\/sector-cementerio\/28785\/informacion-estadistica-sobre-bonificaciones-4.pdf\" style=\"background-color:rgba(202, 194, 175, 1);color:#ffffff;\" target=\"_blank\">Descargar<i class=\"zmdi zmdi-cloud-download wpfd-download\"><\/i><\/a><a class=\"openlink wpfdlightbox wpfd_previewlink\" href=\"https:\/\/www.maho.cl\/transparencia\/transparencia2026\/wp-admin\/admin-ajax.php?juwpfisadmin=false&#038;action=wpfd&#038;task=file.download&#038;wpfd_category_id=4463&#038;wpfd_file_id=28785&#038;token=&#038;preview=1\" target=\"\">Vista previa                            <i class=\"zmdi zmdi-filter-center-focus wpfd-preview\"><\/i>                        <\/a>                        <\/td>                                    <\/tr>                                                            <tr class=\"file\" data-id=\"33509\"                    data-catid=\"4463\">                    <td class=\"file_title\"><a class=\"wpfd_downloadlink\" href=\"http:\/\/www.maho.cl\/transparencia\/transparencia2026\/descarga\/4463\/sector-cementerio\/33509\/personal-codigo-del-trabajo-mes-de-marzo-2026.pdf\" title=\"Personal C\u00f3digo del Trabajo Mes de Marzo 2026\" target=\"_blank\"><span class=\"extcol\"><span class=\"ext ext-pdf wpfd-icon-set-svg\"><\/span>Personal C\u00f3digo del Trabajo Mes de Marzo 2026<\/span><\/a><\/td><td class=\"file_hits\">16<\/td>                                            <td class=\"col-download\">                            <a class=\"downloadlink wpfd_downloadlink\"  href=\"http:\/\/www.maho.cl\/transparencia\/transparencia2026\/descarga\/4463\/sector-cementerio\/33509\/personal-codigo-del-trabajo-mes-de-marzo-2026.pdf\" style=\"background-color:rgba(202, 194, 175, 1);color:#ffffff;\" target=\"_blank\">Descargar<i class=\"zmdi zmdi-cloud-download wpfd-download\"><\/i><\/a><a class=\"openlink wpfdlightbox wpfd_previewlink\" href=\"https:\/\/www.maho.cl\/transparencia\/transparencia2026\/wp-admin\/admin-ajax.php?juwpfisadmin=false&#038;action=wpfd&#038;task=file.download&#038;wpfd_category_id=4463&#038;wpfd_file_id=33509&#038;token=&#038;preview=1\" target=\"\">Vista previa                            <i class=\"zmdi zmdi-filter-center-focus wpfd-preview\"><\/i>                        <\/a>                        <\/td>                                    <\/tr>                                                            <tr class=\"file\" data-id=\"33353\"                    data-catid=\"4463\">                    <td class=\"file_title\"><a class=\"wpfd_downloadlink\" href=\"http:\/\/www.maho.cl\/transparencia\/transparencia2026\/descarga\/4463\/sector-cementerio\/33353\/personal-codigo-del-trabajo-mes-de-febrero-2026.pdf\" title=\"Personal C\u00f3digo del Trabajo Mes de Febrero 2026\" target=\"_blank\"><span class=\"extcol\"><span class=\"ext ext-pdf wpfd-icon-set-svg\"><\/span>Personal C\u00f3digo del Trabajo Mes de Febrero 2026<\/span><\/a><\/td><td class=\"file_hits\">21<\/td>                                            <td class=\"col-download\">                            <a class=\"downloadlink wpfd_downloadlink\"  href=\"http:\/\/www.maho.cl\/transparencia\/transparencia2026\/descarga\/4463\/sector-cementerio\/33353\/personal-codigo-del-trabajo-mes-de-febrero-2026.pdf\" style=\"background-color:rgba(202, 194, 175, 1);color:#ffffff;\" target=\"_blank\">Descargar<i class=\"zmdi zmdi-cloud-download wpfd-download\"><\/i><\/a><a class=\"openlink wpfdlightbox wpfd_previewlink\" href=\"https:\/\/www.maho.cl\/transparencia\/transparencia2026\/wp-admin\/admin-ajax.php?juwpfisadmin=false&#038;action=wpfd&#038;task=file.download&#038;wpfd_category_id=4463&#038;wpfd_file_id=33353&#038;token=&#038;preview=1\" target=\"\">Vista previa                            <i class=\"zmdi zmdi-filter-center-focus wpfd-preview\"><\/i>                        <\/a>                        <\/td>                                    <\/tr>                                                            <tr class=\"file\" data-id=\"33053\"                    data-catid=\"4463\">                    <td class=\"file_title\"><a class=\"wpfd_downloadlink\" href=\"http:\/\/www.maho.cl\/transparencia\/transparencia2026\/descarga\/4463\/sector-cementerio\/33053\/personal-codigo-del-trabajo-mes-de-enero-2026.pdf\" title=\"Personal C\u00f3digo del Trabajo Mes de Enero 2026\" target=\"_blank\"><span class=\"extcol\"><span class=\"ext ext-pdf wpfd-icon-set-svg\"><\/span>Personal C\u00f3digo del Trabajo Mes de Enero 2026<\/span><\/a><\/td><td class=\"file_hits\">55<\/td>                                            <td class=\"col-download\">                            <a class=\"downloadlink wpfd_downloadlink\"  href=\"http:\/\/www.maho.cl\/transparencia\/transparencia2026\/descarga\/4463\/sector-cementerio\/33053\/personal-codigo-del-trabajo-mes-de-enero-2026.pdf\" style=\"background-color:rgba(202, 194, 175, 1);color:#ffffff;\" target=\"_blank\">Descargar<i class=\"zmdi zmdi-cloud-download wpfd-download\"><\/i><\/a><a class=\"openlink wpfdlightbox wpfd_previewlink\" href=\"https:\/\/www.maho.cl\/transparencia\/transparencia2026\/wp-admin\/admin-ajax.php?juwpfisadmin=false&#038;action=wpfd&#038;task=file.download&#038;wpfd_category_id=4463&#038;wpfd_file_id=33053&#038;token=&#038;preview=1\" target=\"\">Vista previa                            <i class=\"zmdi zmdi-filter-center-focus wpfd-preview\"><\/i>                        <\/a>                        <\/td>                                    <\/tr>                                                            <tr class=\"file\" data-id=\"29723\"                    data-catid=\"4463\">                    <td class=\"file_title\"><a class=\"wpfd_downloadlink\" href=\"http:\/\/www.maho.cl\/transparencia\/transparencia2026\/descarga\/4463\/sector-cementerio\/29723\/escala-de-renumeraciones-sector-del-cementerio.pdf\" title=\"Escala de Renumeraciones - Sector del Cementerio\" target=\"_blank\"><span class=\"extcol\"><span class=\"ext ext-pdf wpfd-icon-set-svg\"><\/span>Escala de Renumeraciones - Sector del Cementerio<\/span><\/a><\/td><td class=\"file_hits\">333<\/td>                                            <td class=\"col-download\">                            <a class=\"downloadlink wpfd_downloadlink\"  href=\"http:\/\/www.maho.cl\/transparencia\/transparencia2026\/descarga\/4463\/sector-cementerio\/29723\/escala-de-renumeraciones-sector-del-cementerio.pdf\" style=\"background-color:rgba(202, 194, 175, 1);color:#ffffff;\" target=\"_blank\">Descargar<i class=\"zmdi zmdi-cloud-download wpfd-download\"><\/i><\/a><a class=\"openlink wpfdlightbox wpfd_previewlink\" href=\"https:\/\/www.maho.cl\/transparencia\/transparencia2026\/wp-admin\/admin-ajax.php?juwpfisadmin=false&#038;action=wpfd&#038;task=file.download&#038;wpfd_category_id=4463&#038;wpfd_file_id=29723&#038;token=&#038;preview=1\" target=\"\">Vista previa                            <i class=\"zmdi zmdi-filter-center-focus wpfd-preview\"><\/i>                        <\/a>                        <\/td>                                    <\/tr>                                        <\/tbody>        <\/table>            <\/div><\/div><\/div><\/div>\t\t<\/div>\n\t\t\t\t<\/div>\n\t\t\t\t<div class=\"elementor-element elementor-element-34c9bb7 elementor-widget elementor-widget-text-editor\" data-id=\"34c9bb7\" data-element_type=\"widget\" data-widget_type=\"text-editor.default\">\n\t\t\t\t<div class=\"elementor-widget-container\">\n\t\t\t<style>\/*! elementor - v3.18.0 - 20-12-2023 *\/\n.elementor-widget-text-editor.elementor-drop-cap-view-stacked .elementor-drop-cap{background-color:#69727d;color:#fff}.elementor-widget-text-editor.elementor-drop-cap-view-framed .elementor-drop-cap{color:#69727d;border:3px solid;background-color:transparent}.elementor-widget-text-editor:not(.elementor-drop-cap-view-default) .elementor-drop-cap{margin-top:8px}.elementor-widget-text-editor:not(.elementor-drop-cap-view-default) .elementor-drop-cap-letter{width:1em;height:1em}.elementor-widget-text-editor .elementor-drop-cap{float:left;text-align:center;line-height:1;font-size:50px}.elementor-widget-text-editor .elementor-drop-cap-letter{display:inline-block}<\/style>\t\t\t\t<p><em><strong>Seg\u00fan Oficio N\u00b0 22003, de fecha 08 de septiembre de 2025 del Consejo para la Transparencia, desde el mes de octubre del presente a\u00f1o, se comenzar\u00e1n a publicar planilla de remuneraciones separadas mensualmente.<\/strong><\/em>\u00a0<\/p>\t\t\t\t\t\t<\/div>\n\t\t\t\t<\/div>\n\t\t\t\t\t<\/div>\n\t\t<\/div>\n\t\t\t\t\t\t\t<\/div>\n\t\t<\/section>\n\t\t\t\t<section class=\"elementor-section elementor-top-section elementor-element elementor-element-a388d3f elementor-section-boxed elementor-section-height-default elementor-section-height-default\" data-id=\"a388d3f\" data-element_type=\"section\">\n\t\t\t\t\t\t<div class=\"elementor-container elementor-column-gap-default\">\n\t\t\t\t\t<div class=\"elementor-column elementor-col-100 elementor-top-column elementor-element elementor-element-5d16d9a\" data-id=\"5d16d9a\" data-element_type=\"column\">\n\t\t\t<div class=\"elementor-widget-wrap\">\n\t\t\t\t\t\t\t\t\t<\/div>\n\t\t<\/div>\n\t\t\t\t\t\t\t<\/div>\n\t\t<\/section>\n\t\t\t\t<section class=\"elementor-section elementor-top-section elementor-element elementor-element-2af36f7 elementor-section-boxed elementor-section-height-default elementor-section-height-default\" data-id=\"2af36f7\" data-element_type=\"section\">\n\t\t\t\t\t\t<div class=\"elementor-container elementor-column-gap-default\">\n\t\t\t\t\t<div class=\"elementor-column elementor-col-100 elementor-top-column elementor-element elementor-element-0187e6b\" data-id=\"0187e6b\" data-element_type=\"column\">\n\t\t\t<div class=\"elementor-widget-wrap\">\n\t\t\t\t\t\t\t\t\t<\/div>\n\t\t<\/div>\n\t\t\t\t\t\t\t<\/div>\n\t\t<\/section>\n\t\t\t\t\t\t\t<\/div>\n\t\t","protected":false},"excerpt":{"rendered":"<p>\u201cEl Sector Cementerio de este organismo no cuenta con personal Planta, Contrata ni Honorarios\u201d T\u00edtulo Clics Descargar Personal C\u00f3digo del Trabajo Mes de Octubre 2025 651 DescargarVista previa Informaci\u00f3n estad\u00edstica sobre bonificaciones 310 DescargarVista previa Escala de Renumeraciones &#8211; Sector del Cementerio 297 DescargarVista previa Personal C\u00f3digo del Trabajo- Planilla Historia desde DIC 2023 al [&hellip;]<\/p>\n","protected":false},"author":1,"featured_media":0,"parent":13297,"menu_order":0,"comment_status":"closed","ping_status":"closed","template":"","meta":{"footnotes":""},"class_list":["post-25979","page","type-page","status-publish","hentry"],"_links":{"self":[{"href":"https:\/\/www.maho.cl\/transparencia\/transparencia2026\/wp-json\/wp\/v2\/pages\/25979","targetHints":{"allow":["GET"]}}],"collection":[{"href":"https:\/\/www.maho.cl\/transparencia\/transparencia2026\/wp-json\/wp\/v2\/pages"}],"about":[{"href":"https:\/\/www.maho.cl\/transparencia\/transparencia2026\/wp-json\/wp\/v2\/types\/page"}],"author":[{"embeddable":true,"href":"https:\/\/www.maho.cl\/transparencia\/transparencia2026\/wp-json\/wp\/v2\/users\/1"}],"replies":[{"embeddable":true,"href":"https:\/\/www.maho.cl\/transparencia\/transparencia2026\/wp-json\/wp\/v2\/comments?post=25979"}],"version-history":[{"count":77,"href":"https:\/\/www.maho.cl\/transparencia\/transparencia2026\/wp-json\/wp\/v2\/pages\/25979\/revisions"}],"predecessor-version":[{"id":33056,"href":"https:\/\/www.maho.cl\/transparencia\/transparencia2026\/wp-json\/wp\/v2\/pages\/25979\/revisions\/33056"}],"up":[{"embeddable":true,"href":"https:\/\/www.maho.cl\/transparencia\/transparencia2026\/wp-json\/wp\/v2\/pages\/13297"}],"wp:attachment":[{"href":"https:\/\/www.maho.cl\/transparencia\/transparencia2026\/wp-json\/wp\/v2\/media?parent=25979"}],"curies":[{"name":"wp","href":"https:\/\/api.w.org\/{rel}","templated":true}]}}